{"id":3540,"date":"2019-11-04T17:39:32","date_gmt":"2019-11-04T17:39:32","guid":{"rendered":"https:\/\/hilaturasegea.com\/index.php\/producto\/esparto-escayola\/"},"modified":"2025-06-13T11:12:34","modified_gmt":"2025-06-13T09:12:34","slug":"esparto-escayola","status":"publish","type":"product","link":"https:\/\/hilaturasegea.com\/eu\/produktua\/esparto-escayola\/","title":{"rendered":"Igeltsua"},"content":{"rendered":"<p>\u2013 Erreferentzia konbinatuak emateko aukera.<\/p>\n<p>Sisala eta espartoa, 0 landare-zuntz, ekologikoa eta biodegradagarria.<\/p>\n<p><strong>Igeltsua:<\/strong>\u00a0Zuntz-hariak elkarri txirikordatuta, eraikuntzan igeltsua finkatzeko eta terrazoa, marmola eta abar leuntzeko erabiltzeko.<\/p>","protected":false},"excerpt":{"rendered":"<p>&#8211; Posibilidad de suministrar referencias combinadas. Sisal y Esparto, fibra 100 % vegetal, ecol\u00f3gica y biodegradable. Escayola:\u00a0Hebras de fibra entrelazadas entre si, hasta formar un rollo para ser utilizada en la sujeci\u00f3n de escayolas en la construcci\u00f3n y el pulido de terrazos, m\u00e1rmoles, etc.<\/p>","protected":false},"featured_media":3536,"template":"","meta":[],"product_brand":[],"product_cat":[970,1149,991,965],"product_tag":[],"class_list":{"0":"post-3540","1":"product","2":"type-product","3":"status-publish","4":"has-post-thumbnail","6":"product_cat-cordeleria","7":"product_cat-escayola-esparto","8":"product_cat-esparto","9":"product_cat-ferreteria","10":"pa_cantidad-1palet92unidades","11":"pa_cantidad-1palet162unidades","12":"pa_cantidad-1palet500unidades","13":"pa_fibra-mixto","14":"pa_fibra-sisal","15":"pa_peso-1kg","16":"pa_peso-2kg","17":"pa_peso-4kg","19":"first","20":"instock","21":"sale","22":"taxable","23":"shipping-taxable","24":"purchasable","25":"product-type-variable"},"tiered_pricing_type":"fixed","tiered_pricing_fixed_rules":[],"tiered_pricing_product_settings":{"layout":"default","base_unit_name":{"singular":null,"plural":null},"default_variation":null},"tiered_pricing_minimum_quantity":null,"tiered_pricing_roles_data":[],"tiered_pricing_percentage_rules":[],"_links":{"self":[{"href":"https:\/\/hilaturasegea.com\/eu\/wp-json\/wp\/v2\/product\/3540","targetHints":{"allow":["GET"]}}],"collection":[{"href":"https:\/\/hilaturasegea.com\/eu\/wp-json\/wp\/v2\/product"}],"about":[{"href":"https:\/\/hilaturasegea.com\/eu\/wp-json\/wp\/v2\/types\/product"}],"wp:featuredmedia":[{"embeddable":true,"href":"https:\/\/hilaturasegea.com\/eu\/wp-json\/wp\/v2\/media\/3536"}],"wp:attachment":[{"href":"https:\/\/hilaturasegea.com\/eu\/wp-json\/wp\/v2\/media?parent=3540"}],"wp:term":[{"taxonomy":"product_brand","embeddable":true,"href":"https:\/\/hilaturasegea.com\/eu\/wp-json\/wp\/v2\/product_brand?post=3540"},{"taxonomy":"product_cat","embeddable":true,"href":"https:\/\/hilaturasegea.com\/eu\/wp-json\/wp\/v2\/product_cat?post=3540"},{"taxonomy":"product_tag","embeddable":true,"href":"https:\/\/hilaturasegea.com\/eu\/wp-json\/wp\/v2\/product_tag?post=3540"}],"curies":[{"name":"wp","href":"https:\/\/api.w.org\/{rel}","templated":true}]}}