{"id":3572,"date":"2019-11-12T12:33:48","date_gmt":"2019-11-12T12:33:48","guid":{"rendered":"https:\/\/hilaturasegea.com\/index.php\/producto\/cubo-galvanizado\/"},"modified":"2025-06-13T11:10:28","modified_gmt":"2025-06-13T09:10:28","slug":"cubo-galvanizado","status":"publish","type":"product","link":"https:\/\/hilaturasegea.com\/eu\/produktua\/cubo-galvanizado\/","title":{"rendered":"Ontzia \/ Galbanizatua"},"content":{"rendered":"<p><em>Espainian egina, eskuz galbanizatutako xafla metalikoarekin. <\/em><\/p>\n<p><strong>KOMUNEKO ONTZIA:<\/strong><\/p>\n<p>EZAUGARRIAK: Gorputzaren eta beheko aldearen lodiera 0,50 hamarrenekoa.<\/p>\n<p><strong>KIRTEN LEUNAREKIN ONTZI KONIKOA, SUHILTZAILEEN ONTZIA ETA BI KIRTEN DITUEN ONTZI ZUZENA:<\/strong><\/p>\n<p>EZAUGARRIAK: Gorputzaren lodiera 0,45 hamarrenekoa, behekoaren lodiera 0,50 hamarrenekoa.<\/p>","protected":false},"excerpt":{"rendered":"<p>Fabricado en Espa\u00f1a, manualmente con chapa galvanizada. CUBO BA\u00d1O: CARACTERISTICAS: Expesor tanto del cuerpo como del fondo de 0,50 decimas. CUBO C\u00d3NICO ASA LISA, CUBO EMBARCACIONES FUEGO Y CUBO RECTO 2 ASAS: CARACTERISTICAS: Espesor del cuerpo de 0,45 decimas, expesor del fondo de 0,50 decimas.<\/p>","protected":false},"featured_media":3564,"template":"","meta":[],"product_brand":[],"product_cat":[1038,965,976,967,984,1088],"product_tag":[],"class_list":{"0":"post-3572","1":"product","2":"type-product","3":"status-publish","4":"has-post-thumbnail","6":"product_cat-cubos","7":"product_cat-ferreteria","8":"product_cat-otros-articulos-nautica","9":"product_cat-nautica","10":"product_cat-otros-articulos-ferreteria","11":"product_cat-cubos-otros-articulos-ferreteria-ferreteria","12":"pa_alturacubo-16cm","13":"pa_alturacubo-17cm","14":"pa_alturacubo-19cm","15":"pa_alturacubo-21cm","16":"pa_alturacubo-22cm","17":"pa_alturacubo-23cm","18":"pa_alturacubo-24cm","19":"pa_alturacubo-26cm","20":"pa_alturacubo-27cm","21":"pa_alturacubo-28cm","22":"pa_alturacubo-31cm","23":"pa_alturacubo-35cm","24":"pa_alturacubo-40cm","25":"pa_diametrocubos-20cm","26":"pa_diametrocubos-25cm","27":"pa_diametrocubos-27_5cm","28":"pa_diametrocubos-30cm","29":"pa_diametrocubos-32_5cm","30":"pa_diametrocubos-35cm","31":"pa_diametrocubos-40cm","32":"pa_diametrocubos-45cm","33":"pa_diametrocubos-50cm","34":"pa_diametrocubos-75cm","35":"pa_litroscubo-2litros","36":"pa_litroscubo-8litros","37":"pa_litroscubo-6litros","38":"pa_litroscubo-10litros","39":"pa_litroscubo-11litros","40":"pa_litroscubo-12litros","41":"pa_litroscubo-14litros","42":"pa_litroscubo-18litros","43":"pa_litroscubo-26litros","44":"pa_litroscubo-30litros","45":"pa_litroscubo-40litros","46":"pa_litroscubo-60litros","47":"pa_litroscubo-70litros","48":"pa_pulgadascubo-841","49":"pa_pulgadascubo-842","50":"pa_pulgadascubo-843","51":"pa_pulgadascubo-844","52":"pa_pulgadascubo-845","53":"pa_pulgadascubo-846","54":"pa_pulgadascubo-847","55":"pa_pulgadascubo-848","56":"pa_pulgadascubo-849","57":"pa_pulgadascubo-850","58":"pa_tipodecubo-bano","59":"pa_tipodecubo-conicoasalisa","60":"pa_tipodecubo-embarcacionfuego","61":"pa_tipodecubo-recto2asas","63":"first","64":"instock","65":"sale","66":"taxable","67":"shipping-taxable","68":"purchasable","69":"product-type-variable"},"tiered_pricing_type":"fixed","tiered_pricing_fixed_rules":[],"tiered_pricing_product_settings":{"layout":"default","base_unit_name":{"singular":null,"plural":null},"default_variation":null},"tiered_pricing_minimum_quantity":null,"tiered_pricing_roles_data":[],"tiered_pricing_percentage_rules":[],"_links":{"self":[{"href":"https:\/\/hilaturasegea.com\/eu\/wp-json\/wp\/v2\/product\/3572","targetHints":{"allow":["GET"]}}],"collection":[{"href":"https:\/\/hilaturasegea.com\/eu\/wp-json\/wp\/v2\/product"}],"about":[{"href":"https:\/\/hilaturasegea.com\/eu\/wp-json\/wp\/v2\/types\/product"}],"wp:featuredmedia":[{"embeddable":true,"href":"https:\/\/hilaturasegea.com\/eu\/wp-json\/wp\/v2\/media\/3564"}],"wp:attachment":[{"href":"https:\/\/hilaturasegea.com\/eu\/wp-json\/wp\/v2\/media?parent=3572"}],"wp:term":[{"taxonomy":"product_brand","embeddable":true,"href":"https:\/\/hilaturasegea.com\/eu\/wp-json\/wp\/v2\/product_brand?post=3572"},{"taxonomy":"product_cat","embeddable":true,"href":"https:\/\/hilaturasegea.com\/eu\/wp-json\/wp\/v2\/product_cat?post=3572"},{"taxonomy":"product_tag","embeddable":true,"href":"https:\/\/hilaturasegea.com\/eu\/wp-json\/wp\/v2\/product_tag?post=3572"}],"curies":[{"name":"wp","href":"https:\/\/api.w.org\/{rel}","templated":true}]}}