{"id":3895,"date":"2019-11-12T13:06:47","date_gmt":"2019-11-12T13:06:47","guid":{"rendered":"https:\/\/hilaturasegea.com\/index.php\/producto\/malla-anti-hierba-negra\/"},"modified":"2025-06-13T10:51:04","modified_gmt":"2025-06-13T08:51:04","slug":"malla-anti-hierba-negra","status":"publish","type":"product","link":"https:\/\/hilaturasegea.com\/eu\/produktua\/malla-anti-hierba-negra\/","title":{"rendered":"Sarea \/ Belar beltzaren aurkakoa"},"content":{"rendered":"<p><strong>EZAUGARRI TEKNIKOAK<\/strong><\/p>\n<p><strong>MATERIALA:<\/strong> 100 % POLIPROPILENOA<\/p>\n<p><strong>TAMAINA:<\/strong> 1,10 m x 10 m<\/p>\n<p><strong>PISUA:<\/strong> 0,85 g\/erroilu<\/p>\n<p><strong>KOLOREA:<\/strong> BELTZA<\/p>\n<p><strong>KUTXAREN NEURRIA:<\/strong> 0,32 x 0,22 x 1,10 m<\/p>","protected":false},"excerpt":{"rendered":"<p>CARACTER\u00cdSTICAS T\u00c9CNICAS MATERIAL: 100 % POLIPROPILENO TAMA\u00d1O: 1,10 m x 10 m PESO: 0,85 g\/rollo COLOR: NEGRO TAMA\u00d1O CAJA: 0,32 x 0,22 x 1,10 m<\/p>","protected":false},"featured_media":3893,"template":"","meta":[],"product_brand":[],"product_cat":[965,984,1114],"product_tag":[],"class_list":{"0":"post-3895","1":"product","2":"type-product","3":"status-publish","4":"has-post-thumbnail","6":"product_cat-ferreteria","7":"product_cat-otros-articulos-ferreteria","8":"product_cat-malla-anti-hierba","9":"pa_medidagomapuntas-1_10mx10_00m","10":"pa_medidagomapuntas-2_00mx10_00m","11":"pa_packingfelpudosintetico-12unidades","12":"pa_packingfelpudosintetico-15unidades","14":"first","15":"instock","16":"sale","17":"taxable","18":"shipping-taxable","19":"purchasable","20":"product-type-variable"},"tiered_pricing_type":"fixed","tiered_pricing_fixed_rules":[],"tiered_pricing_product_settings":{"layout":"default","base_unit_name":{"singular":null,"plural":null},"default_variation":null},"tiered_pricing_minimum_quantity":null,"tiered_pricing_roles_data":[],"tiered_pricing_percentage_rules":[],"_links":{"self":[{"href":"https:\/\/hilaturasegea.com\/eu\/wp-json\/wp\/v2\/product\/3895","targetHints":{"allow":["GET"]}}],"collection":[{"href":"https:\/\/hilaturasegea.com\/eu\/wp-json\/wp\/v2\/product"}],"about":[{"href":"https:\/\/hilaturasegea.com\/eu\/wp-json\/wp\/v2\/types\/product"}],"wp:featuredmedia":[{"embeddable":true,"href":"https:\/\/hilaturasegea.com\/eu\/wp-json\/wp\/v2\/media\/3893"}],"wp:attachment":[{"href":"https:\/\/hilaturasegea.com\/eu\/wp-json\/wp\/v2\/media?parent=3895"}],"wp:term":[{"taxonomy":"product_brand","embeddable":true,"href":"https:\/\/hilaturasegea.com\/eu\/wp-json\/wp\/v2\/product_brand?post=3895"},{"taxonomy":"product_cat","embeddable":true,"href":"https:\/\/hilaturasegea.com\/eu\/wp-json\/wp\/v2\/product_cat?post=3895"},{"taxonomy":"product_tag","embeddable":true,"href":"https:\/\/hilaturasegea.com\/eu\/wp-json\/wp\/v2\/product_tag?post=3895"}],"curies":[{"name":"wp","href":"https:\/\/api.w.org\/{rel}","templated":true}]}}