{"id":3908,"date":"2019-11-12T13:12:49","date_gmt":"2019-11-12T13:12:49","guid":{"rendered":"https:\/\/hilaturasegea.com\/index.php\/producto\/cesped-20mm-1924kgm2\/"},"modified":"2025-05-19T18:06:01","modified_gmt":"2025-05-19T16:06:01","slug":"cesped-20mm-1924kgm2","status":"publish","type":"product","link":"https:\/\/hilaturasegea.com\/eu\/produktua\/cesped-20mm-1924kgm2\/","title":{"rendered":"Belarra \/ 20 mm"},"content":{"rendered":"<p><strong>Neurketen kontsulta!<\/strong><strong><\/strong><\/p>\n<p><strong>EZAUGARRI TEKNIKOAK <\/strong><\/p>\n<p><strong>PRODUKTUA<\/strong> LORATEGIKO ERABILERA DEKORATIBOREA \/ AISIALDIA<\/p>\n<p><strong>HARIAREN KALITATEA (DTEX)<\/strong> PE LEUN ETA PE KIZKURREN KONBINAZIOA 11.500 DTEX<\/p>\n<p><strong>HARI-MATERIALA<\/strong> PE + PE MONOHARIZKO HARIA UV ERRESISTENTEA<\/p>\n<p><strong>HARIAREN ALTUERA<\/strong> 20 mm (+ 5 %)<\/p>\n<p><strong>KALIBREA<\/strong> 3\/8\u201d<\/p>\n<p><strong>DESIZOTZEN DA<\/strong> 17.850 m2 (+ 5 %)<\/p>\n<p><strong>HARI-PISUA (g\/m2)<\/strong> 1,024 g (+ 10 %)<\/p>\n<p><strong>URAREN IRAGAZKORTASUNA<\/strong> 40 l\/m2<\/p>\n<p><strong>PISU GUZTIRA (g\/m2)<\/strong> 1.800 (+ 10%)<\/p>\n<p><strong>OINARRI NAGUSIA<\/strong> UV ERRESISTENTEA 120 g\/m2<\/p>\n<p><strong>BIGARREN OINARRIA<\/strong> TST 90 g\/m2<\/p>\n<p><strong>ITSASGARRI GERUZA<\/strong> LATEXA + STURENE GOMA \u2013 OINARRIZKO BUTADIENEA<\/p>\n<p><strong>KOLOREAK<\/strong> 3 TONO<\/p>\n<p><strong>SUTE AURKAKO ERRESISTENTZIA<\/strong> DIN 51960 2. KLASEA SUKARRA<\/p>\n<p><strong>BERMEA<\/strong> 5 URTE<\/p>","protected":false},"excerpt":{"rendered":"<p>Medidas \u00a1Consultar! CARACTER\u00cdSTICAS T\u00c9CNICAS PRODUCTO USO JARD\u00cdN DECORATIVO \/ RECREATIVO CALIDAD HILO (DTEX) COMBINACI\u00d3N FIBRA LISA PE Y RIZADA PE 11.500 DTEX MATERIAL HILO HILO MONOFILAMENTOS PE + PE RESISTENTE UV ALTURA HILO 20 mm (+ 5 %) CALIBRE 3\/8\u201d PUNZADAS 17.850 m2 (+ 5 %) PESO HILO (g\/m2) 1.024 g (+ 10 %) PERMEABILIDAD [&hellip;]<\/p>","protected":false},"featured_media":3904,"template":"","meta":[],"product_brand":[],"product_cat":[965,1292,1063,984],"product_tag":[],"class_list":{"0":"post-3908","1":"product","2":"type-product","3":"status-publish","4":"has-post-thumbnail","6":"product_cat-ferreteria","7":"product_cat-20-mm","8":"product_cat-cesped","9":"product_cat-otros-articulos-ferreteria","10":"pa_alturacesped-20mm","11":"pa_garantiacesped-2anos","12":"pa_pesocesped-1_800kgm2","14":"first","15":"instock","16":"sale","17":"taxable","18":"shipping-taxable","19":"purchasable","20":"product-type-variable","21":"has-default-attributes"},"tiered_pricing_type":"fixed","tiered_pricing_fixed_rules":[],"tiered_pricing_product_settings":{"layout":"default","base_unit_name":{"singular":null,"plural":null},"default_variation":null},"tiered_pricing_minimum_quantity":null,"tiered_pricing_roles_data":[],"tiered_pricing_percentage_rules":[],"_links":{"self":[{"href":"https:\/\/hilaturasegea.com\/eu\/wp-json\/wp\/v2\/product\/3908","targetHints":{"allow":["GET"]}}],"collection":[{"href":"https:\/\/hilaturasegea.com\/eu\/wp-json\/wp\/v2\/product"}],"about":[{"href":"https:\/\/hilaturasegea.com\/eu\/wp-json\/wp\/v2\/types\/product"}],"wp:featuredmedia":[{"embeddable":true,"href":"https:\/\/hilaturasegea.com\/eu\/wp-json\/wp\/v2\/media\/3904"}],"wp:attachment":[{"href":"https:\/\/hilaturasegea.com\/eu\/wp-json\/wp\/v2\/media?parent=3908"}],"wp:term":[{"taxonomy":"product_brand","embeddable":true,"href":"https:\/\/hilaturasegea.com\/eu\/wp-json\/wp\/v2\/product_brand?post=3908"},{"taxonomy":"product_cat","embeddable":true,"href":"https:\/\/hilaturasegea.com\/eu\/wp-json\/wp\/v2\/product_cat?post=3908"},{"taxonomy":"product_tag","embeddable":true,"href":"https:\/\/hilaturasegea.com\/eu\/wp-json\/wp\/v2\/product_tag?post=3908"}],"curies":[{"name":"wp","href":"https:\/\/api.w.org\/{rel}","templated":true}]}}