{"id":3982,"date":"2019-11-26T11:00:33","date_gmt":"2019-11-26T11:00:33","guid":{"rendered":"https:\/\/hilaturasegea.com\/index.php\/producto\/poliester-driza-preestirado-alta-tenacidad\/"},"modified":"2025-06-13T10:49:27","modified_gmt":"2025-06-13T08:49:27","slug":"poliester-driza-preestirado-alta-tenacidad","status":"publish","type":"product","link":"https:\/\/hilaturasegea.com\/eu\/produktua\/poliester-driza-preestirado-alta-tenacidad\/","title":{"rendered":"Poliesterra \/ Halyard-aurrez luzatutako iraunkortasun handikoa"},"content":{"rendered":"<p><em>Beste lodiera eta kolore batzuk (Beltza, Gorria, Horia, Berdea, Laranja eta kolore fluoreszenteak) Kontsultatu!<\/em><\/p>\n<p><strong>KONPOSIZIOA:<\/strong> 100 % Iraunkortasun handiko poliesterra. Aurrez luzatutako txirikorda bikoitza. Kanpoko zorroa (hari bihurrituak).<\/p>\n<p><strong>EZAUGARRIAK:<\/strong> Marruskadura, trakzio, flexio eta agente atmosferikoekiko erresistentzia handia.<\/p>\n<p><strong>ERABILERAK:<\/strong> Poleetan, garraioan, lekualdatzean, eraikuntzan, etab.<\/p>\n<p>ITSAS ERABILERAN: Soka multifuntzionala, driza, xafla, tirante eta uhaletarako diseinatua, edozein luzerako belaontzietarako. Txirriketan itsaspen bikaina, urradurarekiko erresistentea eta luzapen txikia &lt; 5%. Belaontzi gurutzatuetarako, belaontzi txikietarako eta windsurfetarako aproposa.<\/p>\n<table class=\"MsoNormalTable\" style=\"height: 194px; width: 343px; border: 1pt solid; margin-left: auto; margin-right: auto;\" border=\"1\" width=\"48%\" cellpadding=\"0\">\n<thead>\n<tr style=\"height: 16.4pt;\">\n<td style=\"border: dashed #BBBBBB 1pt; background: #DBE5F1; padding: 0.75pt 0.75pt 0.75pt 0.75pt; height: 16.4pt;\">\n<p class=\"MsoNormal\" style=\"margin-bottom: 0.0001pt; text-align: center; line-height: normal;\" align=\"center\"><b><span style=\"font-size: 8.5pt; font-family: Verdana, sans-serif;\">Diametroa<\/span><\/b><\/p>\n<p>&nbsp;<\/td>\n<td style=\"border: dashed #BBBBBB 1pt; background: #DBE5F1; padding: 0.75pt 0.75pt 0.75pt 0.75pt; height: 16.4pt;\">\n<p class=\"MsoNormal\" style=\"margin-bottom: 0.0001pt; text-align: center; line-height: normal;\" align=\"center\"><b><span style=\"font-size: 8.5pt; font-family: Verdana, sans-serif;\">Haustura-karga<br \/>\nGutxi gorabehera (kg)<\/span><\/b><\/p>\n<p>&nbsp;<\/td>\n<td style=\"border: dashed #BBBBBB 1pt; background: #DBE5F1; padding: 0.75pt 0.75pt 0.75pt 0.75pt; height: 16.4pt;\">\n<p class=\"MsoNormal\" style=\"margin-bottom: 0.0001pt; text-align: center; line-height: normal;\" align=\"center\"><b><span style=\"font-size: 8.5pt; font-family: Verdana, sans-serif;\">Gutxi gorabeherako pisua<br \/>\nkg\/100 m<\/span><\/b><\/p>\n<p>&nbsp;<\/td>\n<\/tr>\n<\/thead>\n<tbody>\n<tr style=\"height: 8.5pt;\">\n<td style=\"border: dashed #BBBBBB 1pt; background: #F2F2F2; padding: 0.75pt 0.75pt 0.75pt 0.75pt; height: 8.5pt;\">\n<p class=\"MsoNormal\" style=\"margin-bottom: 0.0001pt; text-align: center; line-height: normal;\" align=\"center\"><span style=\"font-size: 8.5pt; font-family: Verdana, sans-serif;\">6 mm<\/span><\/p>\n<\/td>\n<td style=\"border: dashed #BBBBBB 1pt; background: #F2F2F2; padding: 0.75pt 0.75pt 0.75pt 0.75pt; height: 8.5pt;\">\n<p class=\"MsoNormal\" style=\"margin-bottom: 0.0001pt; text-align: center; line-height: normal;\" align=\"center\"><span style=\"font-size: 8.5pt; font-family: Verdana, sans-serif;\">815<\/span><\/p>\n<\/td>\n<td style=\"border: dashed #BBBBBB 1pt; background: #F2F2F2; padding: 0.75pt 0.75pt 0.75pt 0.75pt; height: 8.5pt;\">\n<p class=\"MsoNormal\" style=\"margin-bottom: 0.0001pt; text-align: center; line-height: normal;\" align=\"center\"><span style=\"font-size: 8.5pt; font-family: Verdana, sans-serif;\">2,5<\/span><\/p>\n<\/td>\n<\/tr>\n<tr style=\"height: 8.5pt;\">\n<td style=\"border: dashed #BBBBBB 1pt; padding: 0.75pt 0.75pt 0.75pt 0.75pt; height: 8.5pt;\">\n<p class=\"MsoNormal\" style=\"margin-bottom: 0.0001pt; text-align: center; line-height: normal;\" align=\"center\"><span style=\"font-size: 8.5pt; font-family: Verdana, sans-serif;\">8 mm<\/span><\/p>\n<\/td>\n<td style=\"border: dashed #BBBBBB 1pt; padding: 0.75pt 0.75pt 0.75pt 0.75pt; height: 8.5pt;\">\n<p class=\"MsoNormal\" style=\"margin-bottom: 0.0001pt; text-align: center; line-height: normal;\" align=\"center\"><span style=\"font-size: 8.5pt; font-family: Verdana, sans-serif;\">1425<\/span><\/p>\n<\/td>\n<td style=\"border: dashed #BBBBBB 1pt; padding: 0.75pt 0.75pt 0.75pt 0.75pt; height: 8.5pt;\">\n<p class=\"MsoNormal\" style=\"margin-bottom: 0.0001pt; text-align: center; line-height: normal;\" align=\"center\"><span style=\"font-size: 8.5pt; font-family: Verdana, sans-serif;\">4,5<\/span><\/p>\n<\/td>\n<\/tr>\n<tr style=\"height: 8.5pt;\">\n<td style=\"border: dashed #BBBBBB 1pt; background: #F2F2F2; padding: 0.75pt 0.75pt 0.75pt 0.75pt; height: 8.5pt;\">\n<p class=\"MsoNormal\" style=\"margin-bottom: 0.0001pt; text-align: center; line-height: normal;\" align=\"center\"><span style=\"font-size: 8.5pt; font-family: Verdana, sans-serif;\">10 mm<\/span><\/p>\n<\/td>\n<td style=\"border: dashed #BBBBBB 1pt; background: #F2F2F2; padding: 0.75pt 0.75pt 0.75pt 0.75pt; height: 8.5pt;\">\n<p class=\"MsoNormal\" style=\"margin-bottom: 0.0001pt; text-align: center; line-height: normal;\" align=\"center\"><span style=\"font-size: 8.5pt; font-family: Verdana, sans-serif;\">1730<\/span><\/p>\n<\/td>\n<td style=\"border: dashed #BBBBBB 1pt; background: #F2F2F2; padding: 0.75pt 0.75pt 0.75pt 0.75pt; height: 8.5pt;\">\n<p class=\"MsoNormal\" style=\"margin-bottom: 0.0001pt; text-align: center; line-height: normal;\" align=\"center\"><span style=\"font-size: 8.5pt; font-family: Verdana, sans-serif;\">7,4<\/span><\/p>\n<\/td>\n<\/tr>\n<tr style=\"height: 7.9pt;\">\n<td style=\"border: dashed #BBBBBB 1pt; padding: 0.75pt 0.75pt 0.75pt 0.75pt; height: 7.9pt;\">\n<p class=\"MsoNormal\" style=\"margin-bottom: 0.0001pt; text-align: center; line-height: normal;\" align=\"center\"><span style=\"font-size: 8.5pt; font-family: Verdana, sans-serif;\">12 mm<\/span><\/p>\n<\/td>\n<td style=\"border: dashed #BBBBBB 1pt; padding: 0.75pt 0.75pt 0.75pt 0.75pt; height: 7.9pt;\">\n<p class=\"MsoNormal\" style=\"margin-bottom: 0.0001pt; text-align: center; line-height: normal;\" align=\"center\"><span style=\"font-size: 8.5pt; font-family: Verdana, sans-serif;\">2700<\/span><\/p>\n<\/td>\n<td style=\"border: dashed #BBBBBB 1pt; padding: 0.75pt 0.75pt 0.75pt 0.75pt; height: 7.9pt;\">\n<p class=\"MsoNormal\" style=\"margin-bottom: 0.0001pt; text-align: center; line-height: normal;\" align=\"center\"><span style=\"font-size: 8.5pt; font-family: Verdana, sans-serif;\">10,9<\/span><\/p>\n<\/td>\n<\/tr>\n<tr style=\"height: 8.5pt;\">\n<td style=\"border: dashed #BBBBBB 1pt; background: #F2F2F2; padding: 0.75pt 0.75pt 0.75pt 0.75pt; height: 8.5pt;\">\n<p class=\"MsoNormal\" style=\"margin-bottom: 0.0001pt; text-align: center; line-height: normal;\" align=\"center\"><span style=\"font-size: 8.5pt; font-family: Verdana, sans-serif;\">14 mm<\/span><\/p>\n<\/td>\n<td style=\"border: dashed #BBBBBB 1pt; background: #F2F2F2; padding: 0.75pt 0.75pt 0.75pt 0.75pt; height: 8.5pt;\">\n<p class=\"MsoNormal\" style=\"margin-bottom: 0.0001pt; text-align: center; line-height: normal;\" align=\"center\"><span style=\"font-size: 8.5pt; font-family: Verdana, sans-serif;\">3695<\/span><\/p>\n<\/td>\n<td style=\"border: dashed #BBBBBB 1pt; background: #F2F2F2; padding: 0.75pt 0.75pt 0.75pt 0.75pt; height: 8.5pt;\">\n<p class=\"MsoNormal\" style=\"margin-bottom: 0.0001pt; text-align: center; line-height: normal;\" align=\"center\"><span style=\"font-size: 8.5pt; font-family: Verdana, sans-serif;\">14,6<\/span><\/p>\n<\/td>\n<\/tr>\n<tr style=\"height: 8.5pt;\">\n<td style=\"border: dashed #BBBBBB 1pt; padding: 0.75pt 0.75pt 0.75pt 0.75pt; height: 8.5pt;\">\n<p class=\"MsoNormal\" style=\"margin-bottom: 0.0001pt; text-align: center; line-height: normal;\" align=\"center\"><span style=\"font-size: 8.5pt; font-family: Verdana, sans-serif;\">16 mm<\/span><\/p>\n<\/td>\n<td style=\"border: dashed #BBBBBB 1pt; padding: 0.75pt 0.75pt 0.75pt 0.75pt; height: 8.5pt;\">\n<p class=\"MsoNormal\" style=\"margin-bottom: 0.0001pt; text-align: center; line-height: normal;\" align=\"center\"><span style=\"font-size: 8.5pt; font-family: Verdana, sans-serif;\">4720<\/span><\/p>\n<\/td>\n<td style=\"border: dashed #BBBBBB 1pt; padding: 0.75pt 0.75pt 0.75pt 0.75pt; height: 8.5pt;\">\n<p class=\"MsoNormal\" style=\"margin-bottom: 0.0001pt; text-align: center; line-height: normal;\" align=\"center\"><span style=\"font-size: 8.5pt; font-family: Verdana, sans-serif;\">18<\/span><\/p>\n<\/td>\n<\/tr>\n<\/tbody>\n<\/table>","protected":false},"excerpt":{"rendered":"<p>Otros grosores y colores (Negro, Rojo, Amarillo, Verde, Naranja y colores fl\u00faor) \u00a1Consultar! COMPOSICI\u00d3N: 100 % Poli\u00e9ster alta tenacidad. Doble trenzado preestirado. Funda exterior (hilos torcidos). CARACTER\u00cdSTICAS: Gran resistencia al roce, a la tracci\u00f3n, a la flexi\u00f3n y agentes atmosf\u00e9ricos. UTILIDADES: En poleas, transportes, mudanzas, construcci\u00f3n, etc. EN N\u00c1UTICA: Cabo multifuncional, dise\u00f1ado para drizas, escotas, [&hellip;]<\/p>","protected":false},"featured_media":3976,"template":"","meta":[],"product_brand":[],"product_cat":[970,1230,965,1056,967,1321,1094,986],"product_tag":[],"class_list":{"0":"post-3982","1":"product","2":"type-product","3":"status-publish","4":"has-post-thumbnail","6":"product_cat-cordeleria","7":"product_cat-driza-preestirado-alta-tenacidad","8":"product_cat-ferreteria","9":"product_cat-poliester-cordeleria","10":"product_cat-nautica","11":"product_cat-driza-preestirado-alta-tenacidad-poliester-cordeleria","12":"product_cat-poliester-cordeleria-nautica-nautica","13":"product_cat-cordeleria-nautica","14":"pa_color-azul","15":"pa_color-blancodistintivo","16":"pa_diametro-6mm","17":"pa_diametro-8mm","18":"pa_diametro-10mm","19":"pa_diametro-12mm","20":"pa_diametro-14mm","21":"pa_diametro-16mm","22":"pa_metraje-100m","24":"first","25":"instock","26":"sale","27":"taxable","28":"shipping-taxable","29":"purchasable","30":"product-type-variable"},"tiered_pricing_type":"fixed","tiered_pricing_fixed_rules":[],"tiered_pricing_product_settings":{"layout":"default","base_unit_name":{"singular":null,"plural":null},"default_variation":null},"tiered_pricing_minimum_quantity":null,"tiered_pricing_roles_data":[],"tiered_pricing_percentage_rules":[],"_links":{"self":[{"href":"https:\/\/hilaturasegea.com\/eu\/wp-json\/wp\/v2\/product\/3982","targetHints":{"allow":["GET"]}}],"collection":[{"href":"https:\/\/hilaturasegea.com\/eu\/wp-json\/wp\/v2\/product"}],"about":[{"href":"https:\/\/hilaturasegea.com\/eu\/wp-json\/wp\/v2\/types\/product"}],"wp:featuredmedia":[{"embeddable":true,"href":"https:\/\/hilaturasegea.com\/eu\/wp-json\/wp\/v2\/media\/3976"}],"wp:attachment":[{"href":"https:\/\/hilaturasegea.com\/eu\/wp-json\/wp\/v2\/media?parent=3982"}],"wp:term":[{"taxonomy":"product_brand","embeddable":true,"href":"https:\/\/hilaturasegea.com\/eu\/wp-json\/wp\/v2\/product_brand?post=3982"},{"taxonomy":"product_cat","embeddable":true,"href":"https:\/\/hilaturasegea.com\/eu\/wp-json\/wp\/v2\/product_cat?post=3982"},{"taxonomy":"product_tag","embeddable":true,"href":"https:\/\/hilaturasegea.com\/eu\/wp-json\/wp\/v2\/product_tag?post=3982"}],"curies":[{"name":"wp","href":"https:\/\/api.w.org\/{rel}","templated":true}]}}