{"id":4061,"date":"2019-11-27T09:53:53","date_gmt":"2019-11-27T09:53:53","guid":{"rendered":"https:\/\/hilaturasegea.com\/index.php\/producto\/articulos-varios-4\/"},"modified":"2025-12-30T12:14:07","modified_gmt":"2025-12-30T11:14:07","slug":"articulos-varios-4","status":"publish","type":"product","link":"https:\/\/hilaturasegea.com\/eu\/produktua\/articulos-varios-4\/","title":{"rendered":"Lurex \/ Hainbat elementu"},"content":{"rendered":"<h4><strong><span style=\"font-size: 10pt; font-family: Arial, 'sans-serif';\">Tapizeria, eskulanak, zelagintza, publizitatea, poltsak, oinetakoak, arropa, f<\/span><\/strong><strong><span style=\"font-size: 10pt; font-family: Arial, 'sans-serif';\">bitxiak, fantasia, dekorazioa, kaxak egitea, bitxiak, arotzeria, arte grafikoa, larruzko artikuluak, eltxo-sareak, eskuz jostea, kirol-arropa, larrua, aplikazio anitz.<\/span><\/strong><\/h4>\n<p>Fitxa honetan agertzen diren elementuen lodiera txikia dela eta, ezin dira argazkiak atera. Elementu hauetan interesa baduzu, laginak bidaliko dizkizugu. Kolore sorta zabala dago eskuragarri, bai kotoian bai poliesterrean.<\/p>\n<p class=\"MsoNormal\"><span style=\"font-size: 10pt; line-height: 115%; font-family: Arial, 'sans-serif';\">Lotutako elementu guztiak nahi duzun lodierarekin fabrikatu daitezke.<\/span><span style=\"color: #010101;\">.<\/span><\/p>","protected":false},"excerpt":{"rendered":"<p>Para Tapicer\u00edas, manualidades, guarnicioner\u00edas, publicidad, bolsos, calzados, confecci\u00f3n, florister\u00eda, fantas\u00eda, decoraci\u00f3n, estucher\u00edas, bisuter\u00eda, carpinter\u00eda, arte gr\u00e1ficas, marroquiner\u00eda, mosquiteras, coser a mano, prendas deportivas, cuero, m\u00faltiples aplicaciones. Debido a los peque\u00f1os grosores de los art\u00edculos reflejados en dicha l\u00e1mina, no pueden ser fotografiados. De interesar dichos art\u00edculos, se les remitir\u00eda muestra. Se dispone de una amplia [&hellip;]<\/p>","protected":false},"featured_media":4057,"template":"","meta":[],"product_brand":[],"product_cat":[1141,970,965,1010,972,968,1098],"product_tag":[],"class_list":{"0":"post-4061","1":"product","2":"type-product","3":"status-publish","4":"has-post-thumbnail","6":"product_cat-articulos-varios-lurex-cordeleria","7":"product_cat-cordeleria","8":"product_cat-ferreteria","9":"product_cat-lurex","10":"product_cat-marroquineria","11":"product_cat-manualidades","12":"product_cat-lurex-cordeleria-ferreteria","13":"pa_articulo-hilolaminado","14":"pa_color-oro","15":"pa_color-plata","16":"pa_diametro-2mm","17":"pa_diametro-3mm","18":"pa_diametro-4mm","19":"pa_metraje-200m","21":"first","22":"instock","23":"sale","24":"taxable","25":"shipping-taxable","26":"purchasable","27":"product-type-variable"},"tiered_pricing_type":"fixed","tiered_pricing_fixed_rules":[],"tiered_pricing_product_settings":{"layout":"default","base_unit_name":{"singular":null,"plural":null},"default_variation":null},"tiered_pricing_minimum_quantity":null,"tiered_pricing_roles_data":[],"tiered_pricing_percentage_rules":[],"_links":{"self":[{"href":"https:\/\/hilaturasegea.com\/eu\/wp-json\/wp\/v2\/product\/4061","targetHints":{"allow":["GET"]}}],"collection":[{"href":"https:\/\/hilaturasegea.com\/eu\/wp-json\/wp\/v2\/product"}],"about":[{"href":"https:\/\/hilaturasegea.com\/eu\/wp-json\/wp\/v2\/types\/product"}],"wp:featuredmedia":[{"embeddable":true,"href":"https:\/\/hilaturasegea.com\/eu\/wp-json\/wp\/v2\/media\/4057"}],"wp:attachment":[{"href":"https:\/\/hilaturasegea.com\/eu\/wp-json\/wp\/v2\/media?parent=4061"}],"wp:term":[{"taxonomy":"product_brand","embeddable":true,"href":"https:\/\/hilaturasegea.com\/eu\/wp-json\/wp\/v2\/product_brand?post=4061"},{"taxonomy":"product_cat","embeddable":true,"href":"https:\/\/hilaturasegea.com\/eu\/wp-json\/wp\/v2\/product_cat?post=4061"},{"taxonomy":"product_tag","embeddable":true,"href":"https:\/\/hilaturasegea.com\/eu\/wp-json\/wp\/v2\/product_tag?post=4061"}],"curies":[{"name":"wp","href":"https:\/\/api.w.org\/{rel}","templated":true}]}}