{"id":4100,"date":"2019-12-24T13:49:03","date_gmt":"2019-12-24T13:49:03","guid":{"rendered":"https:\/\/hilaturasegea.com\/index.php\/producto\/film-perforado-automatico\/"},"modified":"2025-05-19T18:07:01","modified_gmt":"2025-05-19T16:07:01","slug":"film-perforado-automatico","status":"publish","type":"product","link":"https:\/\/hilaturasegea.com\/eu\/produktua\/film-perforado-automatico\/","title":{"rendered":"Film zulatua \/ Automatikoa"},"content":{"rendered":"<p>HOTZA: EZ DU HESITURARIK SORTZEN, HOTZA MURRIRA ERABAT PASATZEN UZTEN DU.<\/p>\n<p>BEROAN: UTZI BEROA KANPORATZEKO KONDENTSAZIOA SAIHESTEKO.<\/p>\n<p><strong>KONPOSIZIOA:\u00a0<\/strong>500 mm-ko zabalera estandarra eta 20 mikrako lodiera duen kartoizko hodi batean kiribildutako plastikozko xafla mehea.<\/p>\n<p><strong>EZAUGARRIAK:<\/strong>\u00a0Zulaketaren ondorioz, ez du hesirik sortzen, hotza ezin hobeto pasatzen utziz muinera eta beroa ihes egiten utziz, kondentsazioa saihestuz.<\/p>\n<p><strong>ERABILERAK:<\/strong>\u00a0Aipatutako elastikotasunak, bere autoitsaskortasun propietate bereziekin batera, plastiko berezi hau edozein motatako materiala ontziratzeko produktu paregabe bihurtzen du, batez ere kargak paletizatuz, eta horrek produktu amaituak biltegiratzeko taldeka ditzake.<\/p>","protected":false},"excerpt":{"rendered":"<p>EN FR\u00cdO: NO HACE BARRERA DEJANDO PASAR EL FR\u00cdO PERFECTAMENTE AL N\u00daCLEO. EN CALOR: DEJA SALIR EL CALOR EVITANDO CONDENSACIONES. COMPOSICI\u00d3N:\u00a0Fina l\u00e1mina de pl\u00e1stico bobina sobre un tubo de cart\u00f3n con un ancho habitual de 500 mm y espesor de 20 micras. CARACTER\u00cdSTICAS:\u00a0Gracias al perforado no hace barrera dejando pasar el fr\u00edo perfectamente al n\u00facleo [&hellip;]<\/p>","protected":false},"featured_media":4098,"template":"","meta":[],"product_brand":[],"product_cat":[1371,1366,1031,1181,1207,975,1409,1411,966],"product_tag":[],"class_list":{"0":"post-4100","1":"product","2":"type-product","3":"status-publish","4":"has-post-thumbnail","6":"product_cat-automatico-film-paletizar-embalaje-otros-articulos","7":"product_cat-automatico-film-paletizar-embalaje-otros-articulos-ferreteria","8":"product_cat-embalaje-otros-articulos","9":"product_cat-film-paletizar-embalaje-otros-articulos-ferreteria","10":"product_cat-film-paletizar-embalaje-otros-articulos","11":"product_cat-otros-articulos","12":"product_cat-perforado","13":"product_cat-perforado-automatico-film-paletizar-embalaje-otros-articulos","14":"product_cat-construccion","15":"pa_formatofilm-transparenteperforado","16":"pa_grosormicras-20micras","17":"pa_medidarollo-500mm","18":"pa_metroslineales-3000m","19":"pa_pesobobina-17kg","20":"pa_presentacionfilm-24unidades","22":"first","23":"instock","24":"sale","25":"taxable","26":"shipping-taxable","27":"purchasable","28":"product-type-variable","29":"has-default-attributes"},"tiered_pricing_type":"fixed","tiered_pricing_fixed_rules":[],"tiered_pricing_product_settings":{"layout":"default","base_unit_name":{"singular":null,"plural":null},"default_variation":null},"tiered_pricing_minimum_quantity":null,"tiered_pricing_roles_data":[],"tiered_pricing_percentage_rules":[],"_links":{"self":[{"href":"https:\/\/hilaturasegea.com\/eu\/wp-json\/wp\/v2\/product\/4100","targetHints":{"allow":["GET"]}}],"collection":[{"href":"https:\/\/hilaturasegea.com\/eu\/wp-json\/wp\/v2\/product"}],"about":[{"href":"https:\/\/hilaturasegea.com\/eu\/wp-json\/wp\/v2\/types\/product"}],"wp:featuredmedia":[{"embeddable":true,"href":"https:\/\/hilaturasegea.com\/eu\/wp-json\/wp\/v2\/media\/4098"}],"wp:attachment":[{"href":"https:\/\/hilaturasegea.com\/eu\/wp-json\/wp\/v2\/media?parent=4100"}],"wp:term":[{"taxonomy":"product_brand","embeddable":true,"href":"https:\/\/hilaturasegea.com\/eu\/wp-json\/wp\/v2\/product_brand?post=4100"},{"taxonomy":"product_cat","embeddable":true,"href":"https:\/\/hilaturasegea.com\/eu\/wp-json\/wp\/v2\/product_cat?post=4100"},{"taxonomy":"product_tag","embeddable":true,"href":"https:\/\/hilaturasegea.com\/eu\/wp-json\/wp\/v2\/product_tag?post=4100"}],"curies":[{"name":"wp","href":"https:\/\/api.w.org\/{rel}","templated":true}]}}