{"id":916,"date":"2019-10-29T17:52:59","date_gmt":"2019-10-29T17:52:59","guid":{"rendered":"https:\/\/hilaturasegea.com\/index.php\/producto\/poliester-driza-trenzada-mate\/"},"modified":"2025-06-13T13:34:53","modified_gmt":"2025-06-13T11:34:53","slug":"poliester-driza-trenzada-mate","status":"publish","type":"product","link":"https:\/\/hilaturasegea.com\/eu\/produktua\/poliester-driza-trenzada-mate\/","title":{"rendered":"Poliesterra \/ Halyard-Mate Txirikorda"},"content":{"rendered":"<p>Beste lodiera batzuk Kontsultatu!<\/p>\n<p><strong>KONPOSIZIOA:<\/strong> Kanpoaldea txirikordatutako indartutako poliester matea eta barrualdea kolore anitzeko poliesterra.<\/p>\n<p><strong>EZAUGARRIAK:<\/strong> Kanpoko txirikorda indartua, marruskadura, trakzio eta agente atmosferikoekiko erresistentzia handikoa. Ez da uretan hondatzen eta ez da flotatzen. Ukimenerako leuna eta malgua. Coca-Colarik gabe.<\/p>\n<p><strong>ERABILERAK:<\/strong> Lodieraren arabera, pertsianak, arropa-soka, toldoak (triangeluarrak, irristagarriak, etab.), hesiak, kanpina, eraikuntza, atoiak, gimnasioak, itsas efektuak, lekualdatzeak, garraioa, poleak, abeltzaintza, dekorazioa, pankartak, brikolajea, haurrentzako jolasak, kirolak, nekazaritza, nautikako (ontzien amarratzea, ontzien ainguratzea), etab.<\/p>\n<p style=\"text-align: center;\"><img fetchpriority=\"high\" decoding=\"async\" class=\"size-full wp-image-913\" src=\"https:\/\/hilaturasegea.com\/wp-content\/uploads\/2019\/10\/PAGINA-6.jpg\" alt=\"\" width=\"723\" height=\"101\" srcset=\"https:\/\/hilaturasegea.com\/wp-content\/uploads\/2019\/10\/PAGINA-6.jpg 1836w, https:\/\/hilaturasegea.com\/wp-content\/uploads\/2019\/10\/PAGINA-6-600x84.jpg 600w, https:\/\/hilaturasegea.com\/wp-content\/uploads\/2019\/10\/PAGINA-6-300x42.jpg 300w, https:\/\/hilaturasegea.com\/wp-content\/uploads\/2019\/10\/PAGINA-6-1024x143.jpg 1024w, https:\/\/hilaturasegea.com\/wp-content\/uploads\/2019\/10\/PAGINA-6-768x108.jpg 768w, https:\/\/hilaturasegea.com\/wp-content\/uploads\/2019\/10\/PAGINA-6-1536x215.jpg 1536w\" sizes=\"(max-width: 723px) 100vw, 723px\" \/><\/p>\n<table class=\"MsoNormalTable\" style=\"width: 242.25pt; border: 1pt solid; margin-left: auto; margin-right: auto;\" border=\"1\" width=\"323\" cellpadding=\"0\">\n<thead>\n<tr>\n<td style=\"border: dashed #BBBBBB 1pt; background: #DBE5F1; padding: 0.75pt 0.75pt 0.75pt 0.75pt;\">\n<p class=\"MsoNormal\" style=\"margin-bottom: 0.0001pt; text-align: center; line-height: normal;\" align=\"center\"><b><span style=\"font-size: 8.5pt; font-family: Verdana, sans-serif;\">Diametroa<\/span><\/b><\/p>\n<\/td>\n<td style=\"border: dashed #BBBBBB 1pt; background: #DBE5F1; padding: 0.75pt 0.75pt 0.75pt 0.75pt;\">\n<p class=\"MsoNormal\" style=\"margin-bottom: 0.0001pt; text-align: center; line-height: normal;\" align=\"center\"><b><span style=\"font-size: 8.5pt; font-family: Verdana, sans-serif;\">Haustura-karga<br \/>\nGutxi gorabehera (kg)<\/span><\/b><\/p>\n<\/td>\n<td style=\"border: dashed #BBBBBB 1pt; background: #DBE5F1; padding: 0.75pt 0.75pt 0.75pt 0.75pt;\">\n<p class=\"MsoNormal\" style=\"margin-bottom: 0.0001pt; text-align: center; line-height: normal;\" align=\"center\"><b><span style=\"font-size: 8.5pt; font-family: Verdana, sans-serif;\">Gutxi gorabeherako pisua<br \/>\nkg\/100 m<\/span><\/b><\/p>\n<\/td>\n<\/tr>\n<\/thead>\n<tbody>\n<tr>\n<td style=\"border: dashed #BBBBBB 1pt; background: #D9D9D9; padding: 0.75pt 0.75pt 0.75pt 0.75pt;\">\n<p class=\"MsoNormal\" style=\"margin-bottom: 0.0001pt; text-align: center; line-height: normal;\" align=\"center\"><span style=\"font-size: 8.5pt; font-family: Verdana, sans-serif;\">5 mm<\/span><\/p>\n<\/td>\n<td style=\"border: dashed #BBBBBB 1pt; background: #D9D9D9; padding: 0.75pt 0.75pt 0.75pt 0.75pt;\">\n<p class=\"MsoNormal\" style=\"margin-bottom: 0.0001pt; text-align: center; line-height: normal;\" align=\"center\"><span style=\"font-size: 8.5pt; font-family: Verdana, sans-serif;\">185<\/span><\/p>\n<\/td>\n<td style=\"border: dashed #BBBBBB 1pt; background: #D9D9D9; padding: 0.75pt 0.75pt 0.75pt 0.75pt;\">\n<p class=\"MsoNormal\" style=\"margin-bottom: 0.0001pt; text-align: center; line-height: normal;\" align=\"center\"><span style=\"font-size: 8.5pt; font-family: Verdana, sans-serif;\">1,15<\/span><\/p>\n<\/td>\n<\/tr>\n<tr>\n<td style=\"border: dashed #BBBBBB 1pt; padding: 0.75pt 0.75pt 0.75pt 0.75pt;\">\n<p class=\"MsoNormal\" style=\"margin-bottom: 0.0001pt; text-align: center; line-height: normal;\" align=\"center\"><span style=\"font-size: 8.5pt; font-family: Verdana, sans-serif;\">6 mm<\/span><\/p>\n<\/td>\n<td style=\"border: dashed #BBBBBB 1pt; padding: 0.75pt 0.75pt 0.75pt 0.75pt;\">\n<p class=\"MsoNormal\" style=\"margin-bottom: 0.0001pt; text-align: center; line-height: normal;\" align=\"center\"><span style=\"font-size: 8.5pt; font-family: Verdana, sans-serif;\">305<\/span><\/p>\n<\/td>\n<td style=\"border: dashed #BBBBBB 1pt; padding: 0.75pt 0.75pt 0.75pt 0.75pt;\">\n<p class=\"MsoNormal\" style=\"margin-bottom: 0.0001pt; text-align: center; line-height: normal;\" align=\"center\"><span style=\"font-size: 8.5pt; font-family: Verdana, sans-serif;\">1,6<\/span><\/p>\n<\/td>\n<\/tr>\n<tr>\n<td style=\"border: dashed #BBBBBB 1pt; background: #D9D9D9; padding: 0.75pt 0.75pt 0.75pt 0.75pt;\">\n<p class=\"MsoNormal\" style=\"margin-bottom: 0.0001pt; text-align: center; line-height: normal;\" align=\"center\"><span style=\"font-size: 8.5pt; font-family: Verdana, sans-serif;\">8 mm<\/span><\/p>\n<\/td>\n<td style=\"border: dashed #BBBBBB 1pt; background: #D9D9D9; padding: 0.75pt 0.75pt 0.75pt 0.75pt;\">\n<p class=\"MsoNormal\" style=\"margin-bottom: 0.0001pt; text-align: center; line-height: normal;\" align=\"center\"><span style=\"font-size: 8.5pt; font-family: Verdana, sans-serif;\">441<\/span><\/p>\n<\/td>\n<td style=\"border: dashed #BBBBBB 1pt; background: #D9D9D9; padding: 0.75pt 0.75pt 0.75pt 0.75pt;\">\n<p class=\"MsoNormal\" style=\"margin-bottom: 0.0001pt; text-align: center; line-height: normal;\" align=\"center\"><span style=\"font-size: 8.5pt; font-family: Verdana, sans-serif;\">3,2<\/span><\/p>\n<\/td>\n<\/tr>\n<tr>\n<td style=\"border: dashed #BBBBBB 1pt; padding: 0.75pt 0.75pt 0.75pt 0.75pt;\">\n<p class=\"MsoNormal\" style=\"margin-bottom: 0.0001pt; text-align: center; line-height: normal;\" align=\"center\"><span style=\"font-size: 8.5pt; font-family: Verdana, sans-serif;\">10 mm<\/span><\/p>\n<\/td>\n<td style=\"border: dashed #BBBBBB 1pt; padding: 0.75pt 0.75pt 0.75pt 0.75pt;\">\n<p class=\"MsoNormal\" style=\"margin-bottom: 0.0001pt; text-align: center; line-height: normal;\" align=\"center\"><span style=\"font-size: 8.5pt; font-family: Verdana, sans-serif;\">591<\/span><\/p>\n<\/td>\n<td style=\"border: dashed #BBBBBB 1pt; padding: 0.75pt 0.75pt 0.75pt 0.75pt;\">\n<p class=\"MsoNormal\" style=\"margin-bottom: 0.0001pt; text-align: center; line-height: normal;\" align=\"center\"><span style=\"font-size: 8.5pt; font-family: Verdana, sans-serif;\">4,7<\/span><\/p>\n<\/td>\n<\/tr>\n<tr>\n<td style=\"border: dashed #BBBBBB 1pt; background: #D9D9D9; padding: 0.75pt 0.75pt 0.75pt 0.75pt;\">\n<p class=\"MsoNormal\" style=\"margin-bottom: 0.0001pt; text-align: center; line-height: normal;\" align=\"center\"><span style=\"font-size: 8.5pt; font-family: Verdana, sans-serif;\">12 mm<\/span><\/p>\n<\/td>\n<td style=\"border: dashed #BBBBBB 1pt; background: #D9D9D9; padding: 0.75pt 0.75pt 0.75pt 0.75pt;\">\n<p class=\"MsoNormal\" style=\"margin-bottom: 0.0001pt; text-align: center; line-height: normal;\" align=\"center\"><span style=\"font-size: 8.5pt; font-family: Verdana, sans-serif;\">875<\/span><\/p>\n<\/td>\n<td style=\"border: dashed #BBBBBB 1pt; background: #D9D9D9; padding: 0.75pt 0.75pt 0.75pt 0.75pt;\">\n<p class=\"MsoNormal\" style=\"margin-bottom: 0.0001pt; text-align: center; line-height: normal;\" align=\"center\"><span style=\"font-size: 8.5pt; font-family: Verdana, sans-serif;\">7,8<\/span><\/p>\n<\/td>\n<\/tr>\n<tr>\n<td style=\"border: dashed #BBBBBB 1pt; padding: 0.75pt 0.75pt 0.75pt 0.75pt;\">\n<p class=\"MsoNormal\" style=\"margin-bottom: 0.0001pt; text-align: center; line-height: normal;\" align=\"center\"><span style=\"font-size: 8.5pt; font-family: Verdana, sans-serif;\">14 mm<\/span><\/p>\n<\/td>\n<td style=\"border: dashed #BBBBBB 1pt; padding: 0.75pt 0.75pt 0.75pt 0.75pt;\">\n<p class=\"MsoNormal\" style=\"margin-bottom: 0.0001pt; text-align: center; line-height: normal;\" align=\"center\"><span style=\"font-size: 8.5pt; font-family: Verdana, sans-serif;\">1180<\/span><\/p>\n<\/td>\n<td style=\"border: dashed #BBBBBB 1pt; padding: 0.75pt 0.75pt 0.75pt 0.75pt;\">\n<p class=\"MsoNormal\" style=\"margin-bottom: 0.0001pt; text-align: center; line-height: normal;\" align=\"center\"><span style=\"font-size: 8.5pt; font-family: Verdana, sans-serif;\">11<\/span><\/p>\n<\/td>\n<\/tr>\n<tr>\n<td style=\"border: dashed #BBBBBB 1pt; background: #D9D9D9; padding: 0.75pt 0.75pt 0.75pt 0.75pt;\">\n<p class=\"MsoNormal\" style=\"margin-bottom: 0.0001pt; text-align: center; line-height: normal;\" align=\"center\"><span style=\"font-size: 8.5pt; font-family: Verdana, sans-serif;\">16 mm<\/span><\/p>\n<\/td>\n<td style=\"border: dashed #BBBBBB 1pt; background: #D9D9D9; padding: 0.75pt 0.75pt 0.75pt 0.75pt;\">\n<p class=\"MsoNormal\" style=\"margin-bottom: 0.0001pt; text-align: center; line-height: normal;\" align=\"center\"><span style=\"font-size: 8.5pt; font-family: Verdana, sans-serif;\">1645<\/span><\/p>\n<\/td>\n<td style=\"border: dashed #BBBBBB 1pt; background: #D9D9D9; padding: 0.75pt 0.75pt 0.75pt 0.75pt;\">\n<p class=\"MsoNormal\" style=\"margin-bottom: 0.0001pt; text-align: center; line-height: normal;\" align=\"center\"><span style=\"font-size: 8.5pt; font-family: Verdana, sans-serif;\">12<\/span><\/p>\n<\/td>\n<\/tr>\n<tr>\n<td style=\"border: dashed #BBBBBB 1pt; padding: 0.75pt 0.75pt 0.75pt 0.75pt;\">\n<p class=\"MsoNormal\" style=\"margin-bottom: 0.0001pt; text-align: center; line-height: normal;\" align=\"center\"><span style=\"font-size: 8.5pt; font-family: Verdana, sans-serif;\">18 mm<\/span><\/p>\n<\/td>\n<td style=\"border: dashed #BBBBBB 1pt; padding: 0.75pt 0.75pt 0.75pt 0.75pt;\">\n<p class=\"MsoNormal\" style=\"margin-bottom: 0.0001pt; text-align: center; line-height: normal;\" align=\"center\"><span style=\"font-size: 8.5pt; font-family: Verdana, sans-serif;\">1985<\/span><\/p>\n<\/td>\n<td style=\"border: dashed #BBBBBB 1pt; padding: 0.75pt 0.75pt 0.75pt 0.75pt;\">\n<p class=\"MsoNormal\" style=\"margin-bottom: 0.0001pt; text-align: center; line-height: normal;\" align=\"center\"><span style=\"font-size: 8.5pt; font-family: Verdana, sans-serif;\">16<\/span><\/p>\n<\/td>\n<\/tr>\n<tr>\n<td style=\"border: dashed #BBBBBB 1pt; background: #D9D9D9; padding: 0.75pt 0.75pt 0.75pt 0.75pt;\">\n<p class=\"MsoNormal\" style=\"margin-bottom: 0.0001pt; text-align: center; line-height: normal;\" align=\"center\"><span style=\"font-size: 8.5pt; font-family: Verdana, sans-serif;\">20 mm<\/span><\/p>\n<\/td>\n<td style=\"border: dashed #BBBBBB 1pt; background: #D9D9D9; padding: 0.75pt 0.75pt 0.75pt 0.75pt;\">\n<p class=\"MsoNormal\" style=\"margin-bottom: 0.0001pt; text-align: center; line-height: normal;\" align=\"center\"><span style=\"font-size: 8.5pt; font-family: Verdana, sans-serif;\">2550<\/span><\/p>\n<\/td>\n<td style=\"border: dashed #BBBBBB 1pt; background: #D9D9D9; padding: 0.75pt 0.75pt 0.75pt 0.75pt;\">\n<p class=\"MsoNormal\" style=\"margin-bottom: 0.0001pt; text-align: center; line-height: normal;\" align=\"center\"><span style=\"font-size: 8.5pt; font-family: Verdana, sans-serif;\">19<\/span><\/p>\n<\/td>\n<\/tr>\n<\/tbody>\n<\/table>\n<p style=\"text-align: left;\">","protected":false},"excerpt":{"rendered":"<p>Otros grosores \u00a1Consultar! COMPOSICI\u00d3N: Trenzado exterior Poli\u00e9ster reforzado mate e interior Poli\u00e9ster multicolor. CARACTER\u00cdSTICAS: Trenzado exterior reforzado, gran resistencia al roce, a la tracci\u00f3n y agentes atmosf\u00e9ricos. No se deteriora en el agua y no flota. Suave y flexible al tacto. Libres de cocas. UTILIDADES: Seg\u00fan grosor, persianas, tendederos de ropa, toldos (triangulares, corredizo, etc), [&hellip;]<\/p>","protected":false},"featured_media":905,"template":"","meta":[],"product_brand":[],"product_cat":[970,973,1234,965,1014,966,1056,1304,967,1094,1338,986],"product_tag":[],"class_list":{"0":"post-916","1":"product","2":"type-product","3":"status-publish","4":"has-post-thumbnail","6":"product_cat-cordeleria","7":"product_cat-cordeleria-construccion","8":"product_cat-driza-trenzada-mate","9":"product_cat-ferreteria","10":"product_cat-poliester-cordeleria-construccion","11":"product_cat-construccion","12":"product_cat-poliester-cordeleria","13":"product_cat-driza-trenzada-mate-poliester-cordeleria-construccion","14":"product_cat-nautica","15":"product_cat-poliester-cordeleria-nautica-nautica","16":"product_cat-driza-trenzada-mate-poliester-cordeleria","17":"product_cat-cordeleria-nautica","18":"pa_diametro-5mm","19":"pa_diametro-6mm","20":"pa_diametro-8mm","21":"pa_diametro-10mm","22":"pa_diametro-12mm","23":"pa_diametro-14mm","24":"pa_diametro-16mm","25":"pa_diametro-18mm","26":"pa_diametro-20mm","27":"pa_metraje-25m","28":"pa_metraje-50m","29":"pa_metraje-100m","30":"pa_metraje-200m","32":"first","33":"instock","34":"sale","35":"taxable","36":"shipping-taxable","37":"purchasable","38":"product-type-variable"},"tiered_pricing_type":"fixed","tiered_pricing_fixed_rules":[],"tiered_pricing_product_settings":{"layout":"default","base_unit_name":{"singular":null,"plural":null},"default_variation":null},"tiered_pricing_minimum_quantity":null,"tiered_pricing_roles_data":[],"tiered_pricing_percentage_rules":[],"_links":{"self":[{"href":"https:\/\/hilaturasegea.com\/eu\/wp-json\/wp\/v2\/product\/916","targetHints":{"allow":["GET"]}}],"collection":[{"href":"https:\/\/hilaturasegea.com\/eu\/wp-json\/wp\/v2\/product"}],"about":[{"href":"https:\/\/hilaturasegea.com\/eu\/wp-json\/wp\/v2\/types\/product"}],"wp:featuredmedia":[{"embeddable":true,"href":"https:\/\/hilaturasegea.com\/eu\/wp-json\/wp\/v2\/media\/905"}],"wp:attachment":[{"href":"https:\/\/hilaturasegea.com\/eu\/wp-json\/wp\/v2\/media?parent=916"}],"wp:term":[{"taxonomy":"product_brand","embeddable":true,"href":"https:\/\/hilaturasegea.com\/eu\/wp-json\/wp\/v2\/product_brand?post=916"},{"taxonomy":"product_cat","embeddable":true,"href":"https:\/\/hilaturasegea.com\/eu\/wp-json\/wp\/v2\/product_cat?post=916"},{"taxonomy":"product_tag","embeddable":true,"href":"https:\/\/hilaturasegea.com\/eu\/wp-json\/wp\/v2\/product_tag?post=916"}],"curies":[{"name":"wp","href":"https:\/\/api.w.org\/{rel}","templated":true}]}}