{"id":1004,"date":"2019-10-29T17:55:10","date_gmt":"2019-10-29T17:55:10","guid":{"rendered":"https:\/\/hilaturasegea.com\/index.php\/producto\/poliester-escota-alta-tenacidad\/"},"modified":"2025-06-13T13:34:04","modified_gmt":"2025-06-13T11:34:04","slug":"poliester-escota-alta-tenacidad","status":"publish","type":"product","link":"https:\/\/hilaturasegea.com\/fr\/produit\/poliester-escota-alta-tenacidad\/","title":{"rendered":"Feuille de polyester \/ haute t\u00e9nacit\u00e9"},"content":{"rendered":"<p>Autres couleurs et \u00e9paisseurs, veuillez vous renseigner !<\/p>\n<p><strong>COMPOSITION:<\/strong> 100 % Polyester peign\u00e9 de haute qualit\u00e9 (toucher coton) avec \u00e2me en polyester haute r\u00e9sistance. Double tressage \u00e0 partir de 8 mm.<\/p>\n<p><strong>CARACT\u00c9RISTIQUES:<\/strong> Elasticit\u00e9 minimale &lt; 6%, haute r\u00e9sistance au frottement, \u00e0 la traction, \u00e0 la flexion et aux agents atmosph\u00e9riques.<\/p>\n<p><strong>SERVICES PUBLICS :<\/strong> En raison de sa flexibilit\u00e9 extraordinaire et de sa douceur au toucher, il est utilis\u00e9 dans les poulies, le transport, le d\u00e9m\u00e9nagement, la construction, etc.<\/p>\n<p><strong>EN NAUTIQUE :<\/strong>\u00a0Excellents r\u00e9sultats sur winchs et taquets. Large gamme de couleurs, tout en conservant une grande agilit\u00e9 lors des man\u0153uvres. Id\u00e9al pour la croisi\u00e8re, la navigation en d\u00e9riveur, l&#039;\u00e9coute, la grand-voile, le gr\u00e9ement, le g\u00e9nois ou le spinnaker, etc.<\/p>\n<p style=\"text-align: center;\"><img fetchpriority=\"high\" decoding=\"async\" class=\"size-full wp-image-913\" src=\"https:\/\/hilaturasegea.com\/wp-content\/uploads\/2019\/10\/PAGINA-6.jpg\" alt=\"\" width=\"723\" height=\"101\" srcset=\"https:\/\/hilaturasegea.com\/wp-content\/uploads\/2019\/10\/PAGINA-6.jpg 1836w, https:\/\/hilaturasegea.com\/wp-content\/uploads\/2019\/10\/PAGINA-6-600x84.jpg 600w, https:\/\/hilaturasegea.com\/wp-content\/uploads\/2019\/10\/PAGINA-6-300x42.jpg 300w, https:\/\/hilaturasegea.com\/wp-content\/uploads\/2019\/10\/PAGINA-6-1024x143.jpg 1024w, https:\/\/hilaturasegea.com\/wp-content\/uploads\/2019\/10\/PAGINA-6-768x108.jpg 768w, https:\/\/hilaturasegea.com\/wp-content\/uploads\/2019\/10\/PAGINA-6-1536x215.jpg 1536w\" sizes=\"(max-width: 723px) 100vw, 723px\" \/><\/p>\n<table class=\"MsoNormalTable\" style=\"width: 262.25pt; border: 1pt solid; margin-left: auto; margin-right: auto;\" border=\"1\" width=\"350\" cellpadding=\"0\">\n<thead>\n<tr style=\"height: 16.55pt;\">\n<td style=\"border: dashed #BBBBBB 1pt; background: #DBE5F1; padding: 0.75pt 0.75pt 0.75pt 0.75pt; height: 16.55pt;\">\n<p class=\"MsoNormal\" style=\"margin-bottom: 0.0001pt; text-align: center; line-height: normal;\" align=\"center\"><b><span style=\"font-size: 8.5pt; font-family: Verdana, 'sans-serif';\">Diam\u00e8tre<\/span><\/b><\/p>\n<p>&nbsp;<\/td>\n<td style=\"border: dashed #BBBBBB 1pt; background: #DBE5F1; padding: 0.75pt 0.75pt 0.75pt 0.75pt; height: 16.55pt;\">\n<p class=\"MsoNormal\" style=\"margin-bottom: 0.0001pt; text-align: center; line-height: normal;\" align=\"center\"><b><span style=\"font-size: 8.5pt; font-family: Verdana, 'sans-serif';\">Charge de rupture<br \/>\nEnviron (kg)<\/span><\/b><\/p>\n<p>&nbsp;<\/td>\n<td style=\"border: dashed #BBBBBB 1pt; background: #DBE5F1; padding: 0.75pt 0.75pt 0.75pt 0.75pt; height: 16.55pt;\">\n<p class=\"MsoNormal\" style=\"margin-bottom: 0.0001pt; text-align: center; line-height: normal;\" align=\"center\"><b><span style=\"font-size: 8.5pt; font-family: Verdana, 'sans-serif';\">Poids approximatif<br \/>\nkg\/100 m<\/span><\/b><\/p>\n<p>&nbsp;<\/td>\n<\/tr>\n<\/thead>\n<tbody>\n<tr style=\"height: 8.3pt;\">\n<td style=\"border: dashed #BBBBBB 1pt; background: #D9D9D9; padding: 0.75pt 0.75pt 0.75pt 0.75pt; height: 8.3pt;\">\n<p class=\"MsoNormal\" style=\"margin-bottom: 0.0001pt; text-align: center; line-height: normal;\" align=\"center\"><span style=\"font-size: 8.5pt; font-family: Verdana, 'sans-serif';\">6 mm<\/span><\/p>\n<\/td>\n<td style=\"border: dashed #BBBBBB 1pt; background: #D9D9D9; padding: 0.75pt 0.75pt 0.75pt 0.75pt; height: 8.3pt;\">\n<p class=\"MsoNormal\" style=\"margin-bottom: 0.0001pt; text-align: center; line-height: normal;\" align=\"center\"><span style=\"font-size: 8.5pt; font-family: Verdana, 'sans-serif';\">515<\/span><\/p>\n<\/td>\n<td style=\"border: dashed #BBBBBB 1pt; background: #D9D9D9; padding: 0.75pt 0.75pt 0.75pt 0.75pt; height: 8.3pt;\">\n<p class=\"MsoNormal\" style=\"margin-bottom: 0.0001pt; text-align: center; line-height: normal;\" align=\"center\"><span style=\"font-size: 8.5pt; font-family: Verdana, 'sans-serif';\">2,5<\/span><\/p>\n<\/td>\n<\/tr>\n<tr style=\"height: 8.3pt;\">\n<td style=\"border: dashed #BBBBBB 1pt; padding: 0.75pt 0.75pt 0.75pt 0.75pt; height: 8.3pt;\">\n<p class=\"MsoNormal\" style=\"margin-bottom: 0.0001pt; text-align: center; line-height: normal;\" align=\"center\"><span style=\"font-size: 8.5pt; font-family: Verdana, 'sans-serif';\">8 mm<\/span><\/p>\n<\/td>\n<td style=\"border: dashed #BBBBBB 1pt; padding: 0.75pt 0.75pt 0.75pt 0.75pt; height: 8.3pt;\">\n<p class=\"MsoNormal\" style=\"margin-bottom: 0.0001pt; text-align: center; line-height: normal;\" align=\"center\"><span style=\"font-size: 8.5pt; font-family: Verdana, 'sans-serif';\">870<\/span><\/p>\n<\/td>\n<td style=\"border: dashed #BBBBBB 1pt; padding: 0.75pt 0.75pt 0.75pt 0.75pt; height: 8.3pt;\">\n<p class=\"MsoNormal\" style=\"margin-bottom: 0.0001pt; text-align: center; line-height: normal;\" align=\"center\"><span style=\"font-size: 8.5pt; font-family: Verdana, 'sans-serif';\">4<\/span><\/p>\n<\/td>\n<\/tr>\n<tr style=\"height: 7.7pt;\">\n<td style=\"border: dashed #BBBBBB 1pt; background: #D9D9D9; padding: 0.75pt 0.75pt 0.75pt 0.75pt; height: 7.7pt;\">\n<p class=\"MsoNormal\" style=\"margin-bottom: 0.0001pt; text-align: center; line-height: normal;\" align=\"center\"><span style=\"font-size: 8.5pt; font-family: Verdana, 'sans-serif';\">10 mm<\/span><\/p>\n<\/td>\n<td style=\"border: dashed #BBBBBB 1pt; background: #D9D9D9; padding: 0.75pt 0.75pt 0.75pt 0.75pt; height: 7.7pt;\">\n<p class=\"MsoNormal\" style=\"margin-bottom: 0.0001pt; text-align: center; line-height: normal;\" align=\"center\"><span style=\"font-size: 8.5pt; font-family: Verdana, 'sans-serif';\">1135<\/span><\/p>\n<\/td>\n<td style=\"border: dashed #BBBBBB 1pt; background: #D9D9D9; padding: 0.75pt 0.75pt 0.75pt 0.75pt; height: 7.7pt;\">\n<p class=\"MsoNormal\" style=\"margin-bottom: 0.0001pt; text-align: center; line-height: normal;\" align=\"center\"><span style=\"font-size: 8.5pt; font-family: Verdana, 'sans-serif';\">6,5<\/span><\/p>\n<\/td>\n<\/tr>\n<tr style=\"height: 8.3pt;\">\n<td style=\"border: dashed #BBBBBB 1pt; padding: 0.75pt 0.75pt 0.75pt 0.75pt; height: 8.3pt;\">\n<p class=\"MsoNormal\" style=\"margin-bottom: 0.0001pt; text-align: center; line-height: normal;\" align=\"center\"><span style=\"font-size: 8.5pt; font-family: Verdana, 'sans-serif';\">12 mm<\/span><\/p>\n<\/td>\n<td style=\"border: dashed #BBBBBB 1pt; padding: 0.75pt 0.75pt 0.75pt 0.75pt; height: 8.3pt;\">\n<p class=\"MsoNormal\" style=\"margin-bottom: 0.0001pt; text-align: center; line-height: normal;\" align=\"center\"><span style=\"font-size: 8.5pt; font-family: Verdana, 'sans-serif';\">1625<\/span><\/p>\n<\/td>\n<td style=\"border: dashed #BBBBBB 1pt; padding: 0.75pt 0.75pt 0.75pt 0.75pt; height: 8.3pt;\">\n<p class=\"MsoNormal\" style=\"margin-bottom: 0.0001pt; text-align: center; line-height: normal;\" align=\"center\"><span style=\"font-size: 8.5pt; font-family: Verdana, 'sans-serif';\">9,4<\/span><\/p>\n<\/td>\n<\/tr>\n<tr style=\"height: 8.3pt;\">\n<td style=\"border: dashed #BBBBBB 1pt; background: #D9D9D9; padding: 0.75pt 0.75pt 0.75pt 0.75pt; height: 8.3pt;\">\n<p class=\"MsoNormal\" style=\"margin-bottom: 0.0001pt; text-align: center; line-height: normal;\" align=\"center\"><span style=\"font-size: 8.5pt; font-family: Verdana, 'sans-serif';\">14 mm<\/span><\/p>\n<\/td>\n<td style=\"border: dashed #BBBBBB 1pt; background: #D9D9D9; padding: 0.75pt 0.75pt 0.75pt 0.75pt; height: 8.3pt;\">\n<p class=\"MsoNormal\" style=\"margin-bottom: 0.0001pt; text-align: center; line-height: normal;\" align=\"center\"><span style=\"font-size: 8.5pt; font-family: Verdana, 'sans-serif';\">2150<\/span><\/p>\n<\/td>\n<td style=\"border: dashed #BBBBBB 1pt; background: #D9D9D9; padding: 0.75pt 0.75pt 0.75pt 0.75pt; height: 8.3pt;\">\n<p class=\"MsoNormal\" style=\"margin-bottom: 0.0001pt; text-align: center; line-height: normal;\" align=\"center\"><span style=\"font-size: 8.5pt; font-family: Verdana, 'sans-serif';\">14,4<\/span><\/p>\n<\/td>\n<\/tr>\n<tr style=\"height: 8.3pt;\">\n<td style=\"border: dashed #BBBBBB 1pt; padding: 0.75pt 0.75pt 0.75pt 0.75pt; height: 8.3pt;\">\n<p class=\"MsoNormal\" style=\"margin-bottom: 0.0001pt; text-align: center; line-height: normal;\" align=\"center\"><span style=\"font-size: 8.5pt; font-family: Verdana, 'sans-serif'; color: #000000;\">16 mm<\/span><\/p>\n<\/td>\n<td style=\"border: dashed #BBBBBB 1pt; padding: 0.75pt 0.75pt 0.75pt 0.75pt; height: 8.3pt;\">\n<p class=\"MsoNormal\" style=\"margin-bottom: 0.0001pt; text-align: center; line-height: normal;\" align=\"center\">\n<\/td>\n<td style=\"border: dashed #BBBBBB 1pt; padding: 0.75pt 0.75pt 0.75pt 0.75pt; height: 8.3pt;\">\n<p class=\"MsoNormal\" style=\"margin-bottom: 0.0001pt; text-align: center; line-height: normal;\" align=\"center\">\n<\/td>\n<\/tr>\n<\/tbody>\n<\/table>","protected":false},"excerpt":{"rendered":"<p>Otros colores y grosores \u00a1Consultar! COMPOSICI\u00d3N: 100 % Poli\u00e9ster peinado (tacto algod\u00f3n) de alta calidad y alma de poli\u00e9ster de alta resistencia. Doble trenzado a partir de 8 mm. CARACTER\u00cdSTICAS: M\u00ednima elasticidad &lt; 6%, gran resistencia al roce, a la tracci\u00f3n, a la flexi\u00f3n y agentes atmosf\u00e9ricos. UTILIDADES: Por su extraordinaria flexibilidad y suavidad al [&hellip;]<\/p>","protected":false},"featured_media":986,"template":"","meta":[],"product_brand":[],"product_cat":[970,1236,965,1056,967,1311,1094,986],"product_tag":[],"class_list":{"0":"post-1004","1":"product","2":"type-product","3":"status-publish","4":"has-post-thumbnail","6":"product_cat-cordeleria","7":"product_cat-escota-alta-tenacidad","8":"product_cat-ferreteria","9":"product_cat-poliester-cordeleria","10":"product_cat-nautica","11":"product_cat-escota-alta-tenacidad-poliester-cordeleria","12":"product_cat-poliester-cordeleria-nautica-nautica","13":"product_cat-cordeleria-nautica","14":"pa_colorpesescota-amarillo","15":"pa_colorpesescota-blanco","16":"pa_colorpesescota-negro","17":"pa_colorpesescota-rojo","18":"pa_colorpesescota-rojoamarillo","19":"pa_diametropesescota-6mm","20":"pa_diametropesescota-8mm","21":"pa_diametropesescota-10mm","22":"pa_diametropesescota-12mm","23":"pa_diametropesescota-14mm","24":"pa_diametropesescota-16mm","25":"pa_dibujopesescota-colorcondistintivo","26":"pa_dibujopesescota-espiga","27":"pa_metrajepesescota-100m","28":"pa_metrajepesescota-200m","30":"first","31":"instock","32":"sale","33":"taxable","34":"shipping-taxable","35":"purchasable","36":"product-type-variable"},"tiered_pricing_type":"fixed","tiered_pricing_fixed_rules":[],"tiered_pricing_product_settings":{"layout":"default","base_unit_name":{"singular":null,"plural":null},"default_variation":null},"tiered_pricing_minimum_quantity":null,"tiered_pricing_roles_data":[],"tiered_pricing_percentage_rules":[],"_links":{"self":[{"href":"https:\/\/hilaturasegea.com\/fr\/wp-json\/wp\/v2\/product\/1004","targetHints":{"allow":["GET"]}}],"collection":[{"href":"https:\/\/hilaturasegea.com\/fr\/wp-json\/wp\/v2\/product"}],"about":[{"href":"https:\/\/hilaturasegea.com\/fr\/wp-json\/wp\/v2\/types\/product"}],"wp:featuredmedia":[{"embeddable":true,"href":"https:\/\/hilaturasegea.com\/fr\/wp-json\/wp\/v2\/media\/986"}],"wp:attachment":[{"href":"https:\/\/hilaturasegea.com\/fr\/wp-json\/wp\/v2\/media?parent=1004"}],"wp:term":[{"taxonomy":"product_brand","embeddable":true,"href":"https:\/\/hilaturasegea.com\/fr\/wp-json\/wp\/v2\/product_brand?post=1004"},{"taxonomy":"product_cat","embeddable":true,"href":"https:\/\/hilaturasegea.com\/fr\/wp-json\/wp\/v2\/product_cat?post=1004"},{"taxonomy":"product_tag","embeddable":true,"href":"https:\/\/hilaturasegea.com\/fr\/wp-json\/wp\/v2\/product_tag?post=1004"}],"curies":[{"name":"wp","href":"https:\/\/api.w.org\/{rel}","templated":true}]}}