{"id":129,"date":"2019-10-29T17:46:28","date_gmt":"2019-10-29T17:46:28","guid":{"rendered":"https:\/\/hilaturasegea.com\/index.php\/producto\/poliester-driza-doble-trenzado-alta-tenacidad\/"},"modified":"2025-06-13T13:35:51","modified_gmt":"2025-06-13T11:35:51","slug":"poliester-driza-doble-trenzado-alta-tenacidad","status":"publish","type":"product","link":"https:\/\/hilaturasegea.com\/fr\/produit\/poliester-driza-doble-trenzado-alta-tenacidad\/","title":{"rendered":"Polyester \/ Drisse - Double tresse haute t\u00e9nacit\u00e9"},"content":{"rendered":"<p style=\"text-align: left;\"><strong>COMPOSITION:<\/strong> Polyester haute t\u00e9nacit\u00e9, tresse ext\u00e9rieure renforc\u00e9e avec \u00e2me tress\u00e9e \u00e0 l&#039;int\u00e9rieur.<\/p>\n<p style=\"text-align: left;\"><strong>CARACT\u00c9RISTIQUES:<\/strong> R\u00e9sistance \u00e0 l&#039;abrasion, flexible, doux au toucher, sans coke, \u00e9lasticit\u00e9 minimale.<\/p>\n<p style=\"text-align: left;\"><strong>SERVICES PUBLICS :<\/strong> Gymnases, construction, auvents, cl\u00f4tures, applications multiples, etc.<\/p>\n<p style=\"text-align: left;\"><strong>EN NAUTIQUE :<\/strong> Allongement minimal, grande r\u00e9sistance au winch et excellente adh\u00e9rence entre les taquets. Peut \u00eatre utilis\u00e9 comme drisse pour les petits voiliers et les spinnakers. Cordage multifonction pour les bateaux de croisi\u00e8re.<\/p>\n<p style=\"text-align: center;\"><img fetchpriority=\"high\" decoding=\"async\" class=\"size-full wp-image-121\" src=\"https:\/\/hilaturasegea.com\/wp-content\/uploads\/2019\/10\/PAGINA-2.jpg\" alt=\"\" width=\"723\" height=\"180\" srcset=\"https:\/\/hilaturasegea.com\/wp-content\/uploads\/2019\/10\/PAGINA-2.jpg 1827w, https:\/\/hilaturasegea.com\/wp-content\/uploads\/2019\/10\/PAGINA-2-600x149.jpg 600w, https:\/\/hilaturasegea.com\/wp-content\/uploads\/2019\/10\/PAGINA-2-300x75.jpg 300w, https:\/\/hilaturasegea.com\/wp-content\/uploads\/2019\/10\/PAGINA-2-1024x255.jpg 1024w, https:\/\/hilaturasegea.com\/wp-content\/uploads\/2019\/10\/PAGINA-2-768x191.jpg 768w, https:\/\/hilaturasegea.com\/wp-content\/uploads\/2019\/10\/PAGINA-2-1536x383.jpg 1536w\" sizes=\"(max-width: 723px) 100vw, 723px\" \/><\/p>\n<p style=\"text-align: center;\">\n<table class=\"MsoNormalTable\" style=\"width: 207pt; border: 1pt solid; margin-left: auto; margin-right: auto;\" border=\"1\" width=\"276\" cellpadding=\"0\">\n<thead>\n<tr>\n<td style=\"border: dashed #BBBBBB 1pt; background: #C6D9F1; padding: 0.75pt 0.75pt 0.75pt 0.75pt;\">\n<p class=\"MsoNormal\" style=\"margin-bottom: 0.0001pt; text-align: center; line-height: normal;\" align=\"center\"><b><span style=\"font-size: 8.5pt; font-family: Verdana, sans-serif;\">Diam\u00e8tre<\/span><\/b><\/p>\n<\/td>\n<td style=\"border: dashed #BBBBBB 1pt; background: #C6D9F1; padding: 0.75pt 0.75pt 0.75pt 0.75pt;\">\n<p class=\"MsoNormal\" style=\"margin-bottom: 0.0001pt; text-align: center; line-height: normal;\" align=\"center\"><b><span style=\"font-size: 8.5pt; font-family: Verdana, sans-serif;\">Charge de rupture<br \/>\nEnviron (kg)<\/span><\/b><\/p>\n<\/td>\n<td style=\"border: dashed #BBBBBB 1pt; background: #C6D9F1; padding: 0.75pt 0.75pt 0.75pt 0.75pt;\">\n<p class=\"MsoNormal\" style=\"margin-bottom: 0.0001pt; text-align: center; line-height: normal;\" align=\"center\"><b><span style=\"font-size: 8.5pt; font-family: Verdana, sans-serif;\">Poids approximatif<br \/>\nkg\/100 m<\/span><\/b><\/p>\n<\/td>\n<\/tr>\n<\/thead>\n<tbody>\n<tr>\n<td style=\"border: dashed #BBBBBB 1pt; background: #F2F2F2; padding: 0.75pt 0.75pt 0.75pt 0.75pt;\">\n<p class=\"MsoNormal\" style=\"margin-bottom: 0.0001pt; text-align: center; line-height: normal;\" align=\"center\"><span style=\"font-size: 8.5pt; font-family: Verdana, sans-serif;\">6 mm<\/span><\/p>\n<\/td>\n<td style=\"border: dashed #BBBBBB 1pt; background: #F2F2F2; padding: 0.75pt 0.75pt 0.75pt 0.75pt;\">\n<p class=\"MsoNormal\" style=\"margin-bottom: 0.0001pt; text-align: center; line-height: normal;\" align=\"center\"><span style=\"font-size: 8.5pt; font-family: Verdana, sans-serif;\">885<\/span><\/p>\n<\/td>\n<td style=\"border: dashed #BBBBBB 1pt; background: #F2F2F2; padding: 0.75pt 0.75pt 0.75pt 0.75pt;\">\n<p class=\"MsoNormal\" style=\"margin-bottom: 0.0001pt; text-align: center; line-height: normal;\" align=\"center\"><span style=\"font-size: 8.5pt; font-family: Verdana, sans-serif;\">3<\/span><\/p>\n<\/td>\n<\/tr>\n<tr>\n<td style=\"border: dashed #BBBBBB 1pt; padding: 0.75pt 0.75pt 0.75pt 0.75pt;\">\n<p class=\"MsoNormal\" style=\"margin-bottom: 0.0001pt; text-align: center; line-height: normal;\" align=\"center\"><span style=\"font-size: 8.5pt; font-family: Verdana, sans-serif;\">8 mm<\/span><\/p>\n<\/td>\n<td style=\"border: dashed #BBBBBB 1pt; padding: 0.75pt 0.75pt 0.75pt 0.75pt;\">\n<p class=\"MsoNormal\" style=\"margin-bottom: 0.0001pt; text-align: center; line-height: normal;\" align=\"center\"><span style=\"font-size: 8.5pt; font-family: Verdana, sans-serif;\">1195<\/span><\/p>\n<\/td>\n<td style=\"border: dashed #BBBBBB 1pt; padding: 0.75pt 0.75pt 0.75pt 0.75pt;\">\n<p class=\"MsoNormal\" style=\"margin-bottom: 0.0001pt; text-align: center; line-height: normal;\" align=\"center\"><span style=\"font-size: 8.5pt; font-family: Verdana, sans-serif;\">5,3<\/span><\/p>\n<\/td>\n<\/tr>\n<tr>\n<td style=\"border: dashed #BBBBBB 1pt; background: #F2F2F2; padding: 0.75pt 0.75pt 0.75pt 0.75pt;\">\n<p class=\"MsoNormal\" style=\"margin-bottom: 0.0001pt; text-align: center; line-height: normal;\" align=\"center\"><span style=\"font-size: 8.5pt; font-family: Verdana, sans-serif;\">10 mm<\/span><\/p>\n<\/td>\n<td style=\"border: dashed #BBBBBB 1pt; background: #F2F2F2; padding: 0.75pt 0.75pt 0.75pt 0.75pt;\">\n<p class=\"MsoNormal\" style=\"margin-bottom: 0.0001pt; text-align: center; line-height: normal;\" align=\"center\"><span style=\"font-size: 8.5pt; font-family: Verdana, sans-serif;\">2125<\/span><\/p>\n<\/td>\n<td style=\"border: dashed #BBBBBB 1pt; background: #F2F2F2; padding: 0.75pt 0.75pt 0.75pt 0.75pt;\">\n<p class=\"MsoNormal\" style=\"margin-bottom: 0.0001pt; text-align: center; line-height: normal;\" align=\"center\"><span style=\"font-size: 8.5pt; font-family: Verdana, sans-serif;\">6,7<\/span><\/p>\n<\/td>\n<\/tr>\n<tr>\n<td style=\"border: dashed #BBBBBB 1pt; padding: 0.75pt 0.75pt 0.75pt 0.75pt;\">\n<p class=\"MsoNormal\" style=\"margin-bottom: 0.0001pt; text-align: center; line-height: normal;\" align=\"center\"><span style=\"font-size: 8.5pt; font-family: Verdana, sans-serif;\">12 mm<\/span><\/p>\n<\/td>\n<td style=\"border: dashed #BBBBBB 1pt; padding: 0.75pt 0.75pt 0.75pt 0.75pt;\">\n<p class=\"MsoNormal\" style=\"margin-bottom: 0.0001pt; text-align: center; line-height: normal;\" align=\"center\"><span style=\"font-size: 8.5pt; font-family: Verdana, sans-serif;\">2517<\/span><\/p>\n<\/td>\n<td style=\"border: dashed #BBBBBB 1pt; padding: 0.75pt 0.75pt 0.75pt 0.75pt;\">\n<p class=\"MsoNormal\" style=\"margin-bottom: 0.0001pt; text-align: center; line-height: normal;\" align=\"center\"><span style=\"font-size: 8.5pt; font-family: Verdana, sans-serif;\">10,2<\/span><\/p>\n<\/td>\n<\/tr>\n<tr>\n<td style=\"border: dashed #BBBBBB 1pt; background: #F2F2F2; padding: 0.75pt 0.75pt 0.75pt 0.75pt;\">\n<p class=\"MsoNormal\" style=\"margin-bottom: 0.0001pt; text-align: center; line-height: normal;\" align=\"center\"><span style=\"font-size: 8.5pt; font-family: Verdana, sans-serif;\">14 mm<\/span><\/p>\n<\/td>\n<td style=\"border: dashed #BBBBBB 1pt; background: #F2F2F2; padding: 0.75pt 0.75pt 0.75pt 0.75pt;\">\n<p class=\"MsoNormal\" style=\"margin-bottom: 0.0001pt; text-align: center; line-height: normal;\" align=\"center\"><span style=\"font-size: 8.5pt; font-family: Verdana, sans-serif;\">3428<\/span><\/p>\n<\/td>\n<td style=\"border: dashed #BBBBBB 1pt; background: #F2F2F2; padding: 0.75pt 0.75pt 0.75pt 0.75pt;\">\n<p class=\"MsoNormal\" style=\"margin-bottom: 0.0001pt; text-align: center; line-height: normal;\" align=\"center\"><span style=\"font-size: 8.5pt; font-family: Verdana, sans-serif;\">15,7<\/span><\/p>\n<\/td>\n<\/tr>\n<tr>\n<td style=\"border: dashed #BBBBBB 1pt; padding: 0.75pt 0.75pt 0.75pt 0.75pt;\">\n<p class=\"MsoNormal\" style=\"margin-bottom: 0.0001pt; text-align: center; line-height: normal;\" align=\"center\"><span style=\"font-size: 8.5pt; font-family: Verdana, sans-serif;\">16 mm<\/span><\/p>\n<\/td>\n<td style=\"border: dashed #BBBBBB 1pt; padding: 0.75pt 0.75pt 0.75pt 0.75pt;\">\n<p class=\"MsoNormal\" style=\"margin-bottom: 0.0001pt; text-align: center; line-height: normal;\" align=\"center\"><span style=\"font-size: 8.5pt; font-family: Verdana, sans-serif;\">4250<\/span><\/p>\n<\/td>\n<td style=\"border: dashed #BBBBBB 1pt; padding: 0.75pt 0.75pt 0.75pt 0.75pt;\">\n<p class=\"MsoNormal\" style=\"margin-bottom: 0.0001pt; text-align: center; line-height: normal;\" align=\"center\"><span style=\"font-size: 8.5pt; font-family: Verdana, sans-serif;\">19,5<\/span><\/p>\n<\/td>\n<\/tr>\n<tr>\n<td style=\"border: dashed #BBBBBB 1pt; background: #F2F2F2; padding: 0.75pt 0.75pt 0.75pt 0.75pt;\">\n<p class=\"MsoNormal\" style=\"margin-bottom: 0.0001pt; text-align: center; line-height: normal;\" align=\"center\"><span style=\"font-size: 8.5pt; font-family: Verdana, sans-serif;\">18 mm<\/span><\/p>\n<\/td>\n<td style=\"border: dashed #BBBBBB 1pt; background: #F2F2F2; padding: 0.75pt 0.75pt 0.75pt 0.75pt;\">\n<p class=\"MsoNormal\" style=\"margin-bottom: 0.0001pt; text-align: center; line-height: normal;\" align=\"center\"><span style=\"font-size: 8.5pt; font-family: Verdana, sans-serif;\">5190<\/span><\/p>\n<\/td>\n<td style=\"border: dashed #BBBBBB 1pt; background: #F2F2F2; padding: 0.75pt 0.75pt 0.75pt 0.75pt;\">\n<p class=\"MsoNormal\" style=\"margin-bottom: 0.0001pt; text-align: center; line-height: normal;\" align=\"center\"><span style=\"font-size: 8.5pt; font-family: Verdana, sans-serif;\">23,5<\/span><\/p>\n<\/td>\n<\/tr>\n<tr>\n<td style=\"border: dashed #BBBBBB 1pt; padding: 0.75pt 0.75pt 0.75pt 0.75pt;\">\n<p class=\"MsoNormal\" style=\"margin-bottom: 0.0001pt; text-align: center; line-height: normal;\" align=\"center\"><span style=\"font-size: 8.5pt; font-family: Verdana, sans-serif;\">20 mm<\/span><\/p>\n<\/td>\n<td style=\"border: dashed #BBBBBB 1pt; padding: 0.75pt 0.75pt 0.75pt 0.75pt;\">\n<p class=\"MsoNormal\" style=\"margin-bottom: 0.0001pt; text-align: center; line-height: normal;\" align=\"center\"><span style=\"font-size: 8.5pt; font-family: Verdana, sans-serif;\">5582<\/span><\/p>\n<\/td>\n<td style=\"border: dashed #BBBBBB 1pt; padding: 0.75pt 0.75pt 0.75pt 0.75pt;\">\n<p class=\"MsoNormal\" style=\"margin-bottom: 0.0001pt; text-align: center; line-height: normal;\" align=\"center\"><span style=\"font-size: 8.5pt; font-family: Verdana, sans-serif;\">29,5<\/span><\/p>\n<\/td>\n<\/tr>\n<\/tbody>\n<\/table>","protected":false},"excerpt":{"rendered":"<p>COMPOSICI\u00d3N: Poli\u00e9ster alta tenacidad, trenzado exterior reforzado con alma trenzada en su interior. CARACTER\u00cdSTICAS: Resistencia a la abrasi\u00f3n, flexible, tacto suave, libres de cocas, m\u00ednima elasticidad. UTILIDADES: Gimnasios, construcci\u00f3n, toldos, cercados, m\u00faltiples aplicaciones, etc. EN N\u00c1UTICA: M\u00ednima elongaci\u00f3n, gran resistencia sobre los winches, gran comportamiento sobre el agarre entre mordazas. Se puede utilizar como driza [&hellip;]<\/p>","protected":false},"featured_media":113,"template":"","meta":[],"product_brand":[],"product_cat":[970,1229,965,1056,967,1308,1094,986],"product_tag":[],"class_list":{"0":"post-129","1":"product","2":"type-product","3":"status-publish","4":"has-post-thumbnail","6":"product_cat-cordeleria","7":"product_cat-driza-doble-trenzado-alta-tenacidad","8":"product_cat-ferreteria","9":"product_cat-poliester-cordeleria","10":"product_cat-nautica","11":"product_cat-driza-doble-trenzado-alta-tenacidad-poliester-cordeleria","12":"product_cat-poliester-cordeleria-nautica-nautica","13":"product_cat-cordeleria-nautica","14":"pa_color-blanco","15":"pa_diametro-6mm","16":"pa_diametro-8mm","17":"pa_diametro-10mm","18":"pa_diametro-12mm","19":"pa_diametro-14mm","20":"pa_diametro-16mm","21":"pa_diametro-18mm","22":"pa_diametro-20mm","23":"pa_metraje-100m","24":"pa_metraje-200m","26":"first","27":"instock","28":"sale","29":"taxable","30":"shipping-taxable","31":"purchasable","32":"product-type-variable"},"tiered_pricing_type":"fixed","tiered_pricing_fixed_rules":[],"tiered_pricing_product_settings":{"layout":"default","base_unit_name":{"singular":null,"plural":null},"default_variation":null},"tiered_pricing_minimum_quantity":null,"tiered_pricing_roles_data":[],"tiered_pricing_percentage_rules":[],"_links":{"self":[{"href":"https:\/\/hilaturasegea.com\/fr\/wp-json\/wp\/v2\/product\/129","targetHints":{"allow":["GET"]}}],"collection":[{"href":"https:\/\/hilaturasegea.com\/fr\/wp-json\/wp\/v2\/product"}],"about":[{"href":"https:\/\/hilaturasegea.com\/fr\/wp-json\/wp\/v2\/types\/product"}],"wp:featuredmedia":[{"embeddable":true,"href":"https:\/\/hilaturasegea.com\/fr\/wp-json\/wp\/v2\/media\/113"}],"wp:attachment":[{"href":"https:\/\/hilaturasegea.com\/fr\/wp-json\/wp\/v2\/media?parent=129"}],"wp:term":[{"taxonomy":"product_brand","embeddable":true,"href":"https:\/\/hilaturasegea.com\/fr\/wp-json\/wp\/v2\/product_brand?post=129"},{"taxonomy":"product_cat","embeddable":true,"href":"https:\/\/hilaturasegea.com\/fr\/wp-json\/wp\/v2\/product_cat?post=129"},{"taxonomy":"product_tag","embeddable":true,"href":"https:\/\/hilaturasegea.com\/fr\/wp-json\/wp\/v2\/product_tag?post=129"}],"curies":[{"name":"wp","href":"https:\/\/api.w.org\/{rel}","templated":true}]}}