{"id":1580,"date":"2019-10-29T18:09:12","date_gmt":"2019-10-29T18:09:12","guid":{"rendered":"https:\/\/hilaturasegea.com\/index.php\/producto\/dyneema-synthetic-rope-winches-plas-12\/"},"modified":"2025-06-13T13:14:35","modified_gmt":"2025-06-13T11:14:35","slug":"dyneema-synthetic-rope-winches-plas-12","status":"publish","type":"product","link":"https:\/\/hilaturasegea.com\/fr\/produit\/dyneema-synthetic-rope-winches-plas-12\/","title":{"rendered":"Treuils \u00e0 c\u00e2ble Dyneema\/synth\u00e9tique PLAS-12"},"content":{"rendered":"<p><em>Autres couleurs, \u00e9paisseurs et longueurs disponibles. N&#039;h\u00e9sitez pas \u00e0 nous contacter\u00a0!<\/em><\/p>\n<p>Fabriqu\u00e9 en DYNEEMA SK-75. Hydrofuge (absorption d&#039;eau 0%). Couleurs stabilis\u00e9es.<\/p>\n<p><strong>Avantages du PLAS-12 <\/strong><\/p>\n<p>Le PLAS-12 est con\u00e7u pour les treuils haute performance. En cas de rupture, il ne provoque pas l&#039;effet de fatigue typique des c\u00e2bles en acier, susceptible de tuer une personne se trouvant \u00e0 proximit\u00e9. Il flotte et est toujours parfaitement visible. En cas de rupture, il peut facilement \u00eatre nou\u00e9. Incroyablement l\u00e9ger, doux et flexible au toucher, il peut \u00eatre utilis\u00e9 sans gants. Il ne tourne pas et ne coupe pas les mains. Il ne se fend pas comme les c\u00e2bles en acier, etc. Remarque\u00a0: un treuil, \u00e9galement appel\u00e9 cabestan, est un dispositif m\u00e9canique rotatif entra\u00een\u00e9 par un c\u00e2ble synth\u00e9tique ou en acier, permettant de tirer, de soulever ou de d\u00e9placer des objets ou des charges.<\/p>\n<p style=\"text-align: center;\"><img decoding=\"async\" class=\"size-full wp-image-1576\" src=\"https:\/\/hilaturasegea.com\/wp-content\/uploads\/2019\/10\/PAGINA-12_1.jpg\" alt=\"\" width=\"181\" height=\"183\" srcset=\"https:\/\/hilaturasegea.com\/wp-content\/uploads\/2019\/10\/PAGINA-12_1.jpg 484w, https:\/\/hilaturasegea.com\/wp-content\/uploads\/2019\/10\/PAGINA-12_1-100x100.jpg 100w, https:\/\/hilaturasegea.com\/wp-content\/uploads\/2019\/10\/PAGINA-12_1-297x300.jpg 297w, https:\/\/hilaturasegea.com\/wp-content\/uploads\/2019\/10\/PAGINA-12_1-50x50.jpg 50w\" sizes=\"(max-width: 181px) 100vw, 181px\" \/><\/p>\n<table class=\"MsoNormalTable\" style=\"width: 180.3pt; border: 1pt solid; margin-left: auto; margin-right: auto;\" border=\"1\" width=\"240\" cellpadding=\"0\">\n<thead>\n<tr style=\"height: 20.7pt;\">\n<td style=\"border: dashed #BBBBBB 1pt; background: #C6D9F1; padding: 0.75pt 0.75pt 0.75pt 0.75pt; height: 20.7pt;\">\n<p class=\"MsoNormal\" style=\"margin-bottom: 0.0001pt; text-align: center; line-height: normal;\" align=\"center\"><b><span style=\"font-size: 8.5pt; font-family: Verdana, 'sans-serif'; color: #000000;\">Diam\u00e8tre<\/span><\/b><\/p>\n<p>&nbsp;<\/td>\n<td style=\"border: dashed #BBBBBB 1pt; background: #C6D9F1; padding: 0.75pt 0.75pt 0.75pt 0.75pt; height: 20.7pt;\">\n<p class=\"MsoNormal\" style=\"margin-bottom: 0.0001pt; text-align: center; line-height: normal;\" align=\"center\"><b><span style=\"font-size: 8.5pt; font-family: Verdana, 'sans-serif'; color: #000000;\">Charge de rupture<br \/>\nEnviron (kg)<\/span><\/b><\/p>\n<p>&nbsp;<\/td>\n<\/tr>\n<\/thead>\n<tbody>\n<tr style=\"height: 10.75pt;\">\n<td style=\"border: dashed #BBBBBB 1pt; background: #D9D9D9; padding: 0.75pt 0.75pt 0.75pt 0.75pt; height: 10.75pt;\">\n<p class=\"MsoNormal\" style=\"margin-bottom: 0.0001pt; text-align: center; line-height: normal;\" align=\"center\"><span style=\"font-size: 8.5pt; font-family: Verdana, 'sans-serif'; color: #000000;\">6 mm<\/span><\/p>\n<\/td>\n<td style=\"border: dashed #BBBBBB 1pt; background: #D9D9D9; padding: 0.75pt 0.75pt 0.75pt 0.75pt; height: 10.75pt;\">\n<p class=\"MsoNormal\" style=\"margin-bottom: 0.0001pt; text-align: center; line-height: normal;\" align=\"center\"><span style=\"font-size: 8.5pt; font-family: Verdana, 'sans-serif'; color: #000000;\">3226<\/span><\/p>\n<\/td>\n<\/tr>\n<tr style=\"height: 10.75pt;\">\n<td style=\"border: dashed #BBBBBB 1pt; padding: 0.75pt 0.75pt 0.75pt 0.75pt; height: 10.75pt;\">\n<p class=\"MsoNormal\" style=\"margin-bottom: 0.0001pt; text-align: center; line-height: normal;\" align=\"center\"><span style=\"font-size: 8.5pt; font-family: Verdana, 'sans-serif'; color: #000000;\">8 mm<\/span><\/p>\n<\/td>\n<td style=\"border: dashed #BBBBBB 1pt; padding: 0.75pt 0.75pt 0.75pt 0.75pt; height: 10.75pt;\">\n<p class=\"MsoNormal\" style=\"margin-bottom: 0.0001pt; text-align: center; line-height: normal;\" align=\"center\"><span style=\"font-size: 8.5pt; font-family: Verdana, 'sans-serif'; color: #000000;\">5607<\/span><\/p>\n<\/td>\n<\/tr>\n<tr style=\"height: 9.95pt;\">\n<td style=\"border: dashed #BBBBBB 1pt; background: #D9D9D9; padding: 0.75pt 0.75pt 0.75pt 0.75pt; height: 9.95pt;\">\n<p class=\"MsoNormal\" style=\"margin-bottom: 0.0001pt; text-align: center; line-height: normal;\" align=\"center\"><span style=\"font-size: 8.5pt; font-family: Verdana, 'sans-serif'; color: #000000;\">11 mm<\/span><\/p>\n<\/td>\n<td style=\"border: dashed #BBBBBB 1pt; background: #D9D9D9; padding: 0.75pt 0.75pt 0.75pt 0.75pt; height: 9.95pt;\">\n<p class=\"MsoNormal\" style=\"margin-bottom: 0.0001pt; text-align: center; line-height: normal;\" align=\"center\"><span style=\"font-size: 8.5pt; font-family: Verdana, 'sans-serif'; color: #000000;\">9050<\/span><\/p>\n<\/td>\n<\/tr>\n<tr style=\"height: 10.75pt;\">\n<td style=\"border: dashed #BBBBBB 1pt; padding: 0.75pt 0.75pt 0.75pt 0.75pt; height: 10.75pt;\">\n<p class=\"MsoNormal\" style=\"margin-bottom: 0.0001pt; text-align: center; line-height: normal;\" align=\"center\"><span style=\"font-size: 8.5pt; font-family: Verdana, 'sans-serif'; color: #000000;\">12 mm<\/span><\/p>\n<\/td>\n<td style=\"border: dashed #BBBBBB 1pt; padding: 0.75pt 0.75pt 0.75pt 0.75pt; height: 10.75pt;\">\n<p class=\"MsoNormal\" style=\"margin-bottom: 0.0001pt; text-align: center; line-height: normal;\" align=\"center\"><span style=\"font-size: 8.5pt; font-family: Verdana, 'sans-serif'; color: #000000;\">12050<\/span><\/p>\n<\/td>\n<\/tr>\n<tr style=\"height: 10.75pt;\">\n<td style=\"border: dashed #BBBBBB 1pt; background: #D9D9D9; padding: 0.75pt 0.75pt 0.75pt 0.75pt; height: 10.75pt;\">\n<p class=\"MsoNormal\" style=\"margin-bottom: 0.0001pt; text-align: center; line-height: normal;\" align=\"center\"><span style=\"font-size: 8.5pt; font-family: Verdana, 'sans-serif'; color: #000000;\">14 mm<\/span><\/p>\n<\/td>\n<td style=\"border: dashed #BBBBBB 1pt; background: #D9D9D9; padding: 0.75pt 0.75pt 0.75pt 0.75pt; height: 10.75pt;\">\n<p class=\"MsoNormal\" style=\"margin-bottom: 0.0001pt; text-align: center; line-height: normal;\" align=\"center\"><span style=\"font-size: 8.5pt; font-family: Verdana, 'sans-serif'; color: #000000;\">14500<\/span><\/p>\n<\/td>\n<\/tr>\n<\/tbody>\n<\/table>","protected":false},"excerpt":{"rendered":"<p>Otros colores, grosores y metrajes \u00a1Consulta! Fabricada en DYNEEMA SK-75. Es hidr\u00f3fuga (absorci\u00f3n de agua 0%). Color estabilizado. Ventajas del PLAS-12 PLAS-12 fabricado para cabrestantes de altas prestaciones. Al romperse, no hace efecto fatiga, t\u00edpico de los cables de acero, capaz de matar a una persona que se encuentre cerca. Flota, siempre es perfectamente visible. [&hellip;]<\/p>","protected":false},"featured_media":1572,"template":"","meta":[],"product_brand":[],"product_cat":[970,990,965,1273],"product_tag":[],"class_list":{"0":"post-1580","1":"product","2":"type-product","3":"status-publish","4":"has-post-thumbnail","6":"product_cat-cordeleria","7":"product_cat-dyneema","8":"product_cat-ferreteria","9":"product_cat-synthetic-rope-winches-plas-12","10":"pa_diametro-6mm","11":"pa_diametro-8mm","12":"pa_diametro-11mm","13":"pa_diametro-12mm","14":"pa_diametro-14mm","15":"pa_metraje-100m","16":"pa_metraje-200m","18":"first","19":"instock","20":"sale","21":"taxable","22":"shipping-taxable","23":"purchasable","24":"product-type-variable"},"tiered_pricing_type":"fixed","tiered_pricing_fixed_rules":[],"tiered_pricing_product_settings":{"layout":"default","base_unit_name":{"singular":null,"plural":null},"default_variation":null},"tiered_pricing_minimum_quantity":null,"tiered_pricing_roles_data":[],"tiered_pricing_percentage_rules":[],"_links":{"self":[{"href":"https:\/\/hilaturasegea.com\/fr\/wp-json\/wp\/v2\/product\/1580","targetHints":{"allow":["GET"]}}],"collection":[{"href":"https:\/\/hilaturasegea.com\/fr\/wp-json\/wp\/v2\/product"}],"about":[{"href":"https:\/\/hilaturasegea.com\/fr\/wp-json\/wp\/v2\/types\/product"}],"wp:featuredmedia":[{"embeddable":true,"href":"https:\/\/hilaturasegea.com\/fr\/wp-json\/wp\/v2\/media\/1572"}],"wp:attachment":[{"href":"https:\/\/hilaturasegea.com\/fr\/wp-json\/wp\/v2\/media?parent=1580"}],"wp:term":[{"taxonomy":"product_brand","embeddable":true,"href":"https:\/\/hilaturasegea.com\/fr\/wp-json\/wp\/v2\/product_brand?post=1580"},{"taxonomy":"product_cat","embeddable":true,"href":"https:\/\/hilaturasegea.com\/fr\/wp-json\/wp\/v2\/product_cat?post=1580"},{"taxonomy":"product_tag","embeddable":true,"href":"https:\/\/hilaturasegea.com\/fr\/wp-json\/wp\/v2\/product_tag?post=1580"}],"curies":[{"name":"wp","href":"https:\/\/api.w.org\/{rel}","templated":true}]}}