{"id":1762,"date":"2019-10-29T18:48:40","date_gmt":"2019-10-29T18:48:40","guid":{"rendered":"https:\/\/hilaturasegea.com\/index.php\/producto\/poliamida-nylon-trenzado-bobina-1kg\/"},"modified":"2025-05-19T17:58:09","modified_gmt":"2025-05-19T15:58:09","slug":"poliamida-nylon-trenzado-bobina-1kg","status":"publish","type":"product","link":"https:\/\/hilaturasegea.com\/fr\/produit\/poliamida-nylon-trenzado-bobina-1kg\/","title":{"rendered":"Polyamide \/ Tress\u00e9 Bobine de 1 kg"},"content":{"rendered":"<p><em>Autres couleurs comme le marron, le jaune, le rouge, le vert, le bleu Consultez ! <\/em><\/p>\n<p><strong>COMPOSITION:<\/strong> Tresse en polyamide (nylon) haute t\u00e9nacit\u00e9.<\/p>\n<p><strong>CARACT\u00c9RISTIQUES:<\/strong> Haute r\u00e9sistance aux frottements et \u00e0 la traction. Excellente r\u00e9sistance aux intemp\u00e9ries, toucher doux et souple.<\/p>\n<p><strong>SERVICES PUBLICS :<\/strong> Effets navals, DIY, nautique, id\u00e9al pour r\u00e9parer les filets de p\u00eache, filets de protection, filets de sport pour flyers, applications multiples.<\/p>\n<table class=\"MsoNormalTable\" border=\"1\" cellpadding=\"0\" width=\"367\" style=\"width:275.2pt;border:1pt solid;margin-left:auto;margin-right:auto;\">\n<thead>\n<tr style=\"height:28.1pt;\">\n<td valign=\"top\" style=\"border:dashed #BBBBBB 1pt;background:#C6D9F1;padding:0.75pt 0.75pt 0.75pt 0.75pt;height:28.1pt;\">\n<p class=\"MsoNormal\" align=\"center\" style=\"text-align:center;line-height:normal;\"><b><span style=\"font-size:8.5pt;font-family:Verdana, 'sans-serif';color:#000000;\"><br \/>R\u00e9f\u00e9rence<\/span><\/b><span style=\"font-size:12pt;font-family:'Times New Roman', serif;color:#000000;\"><\/span><\/p>\n<\/p>\n<\/td>\n<td style=\"border:dashed #BBBBBB 1pt;background:#C6D9F1;padding:0.75pt 0.75pt 0.75pt 0.75pt;height:28.1pt;\">\n<p class=\"MsoNormal\" align=\"center\" style=\"text-align:center;line-height:normal;\"><b><span style=\"font-size:8.5pt;font-family:Verdana, 'sans-serif';color:#000000;\">Diam\u00e8tre<br \/>Environ.<br \/>(mm)<\/span><\/b><span style=\"font-size:12pt;font-family:'Times New Roman', serif;color:#000000;\"><\/span><\/p>\n<\/p>\n<\/td>\n<td style=\"border:dashed #BBBBBB 1pt;background:#C6D9F1;padding:0.75pt 0.75pt 0.75pt 0.75pt;height:28.1pt;\">\n<p class=\"MsoNormal\" align=\"center\" style=\"text-align:center;line-height:normal;\"><b><span style=\"font-size:8.5pt;font-family:Verdana, 'sans-serif';color:#000000;\">m\/kg<br \/>Environ.<\/span><\/b><span style=\"font-size:12pt;font-family:'Times New Roman', serif;color:#000000;\"><\/span><\/p>\n<\/p>\n<\/td>\n<td style=\"border:dashed #BBBBBB 1pt;background:#C6D9F1;padding:0.75pt 0.75pt 0.75pt 0.75pt;height:28.1pt;\">\n<p class=\"MsoNormal\" align=\"center\" style=\"text-align:center;line-height:normal;\"><b><span style=\"font-size:8.5pt;font-family:Verdana, 'sans-serif';color:#000000;\">Charge de rupture<br \/>Environ (kg)<\/span><\/b><span style=\"font-size:12pt;font-family:'Times New Roman', serif;color:#000000;\"><\/span><\/p>\n<\/p>\n<\/td>\n<\/tr>\n<\/thead>\n<tbody>\n<tr style=\"height:17.85pt;\">\n<td style=\"border:dashed #BBBBBB 1pt;background:#D9D9D9;padding:0.75pt 0.75pt 0.75pt 0.75pt;height:17.85pt;\">\n<p class=\"MsoNormal\" align=\"center\" style=\"margin-bottom:0.0001pt;text-align:center;line-height:normal;\"><span style=\"font-size:8.5pt;font-family:Verdana, 'sans-serif';color:#000000;\">8840<\/span><span style=\"font-size:12pt;font-family:'Times New Roman', serif;color:#000000;\"><\/span><\/p>\n<\/p>\n<\/td>\n<td style=\"border:dashed #BBBBBB 1pt;background:#D9D9D9;padding:0.75pt 0.75pt 0.75pt 0.75pt;height:17.85pt;\">\n<p class=\"MsoNormal\" align=\"center\" style=\"margin-bottom:0.0001pt;text-align:center;line-height:normal;\"><span style=\"font-size:8.5pt;font-family:Verdana, 'sans-serif';color:#000000;\">1,10<\/span><span style=\"font-size:12pt;font-family:'Times New Roman', serif;color:#000000;\"><\/span><\/p>\n<\/p>\n<\/td>\n<td style=\"border:dashed #BBBBBB 1pt;background:#D9D9D9;padding:0.75pt 0.75pt 0.75pt 0.75pt;height:17.85pt;\">\n<p class=\"MsoNormal\" align=\"center\" style=\"margin-bottom:0.0001pt;text-align:center;line-height:normal;\"><span style=\"font-size:8.5pt;font-family:Verdana, 'sans-serif';color:#000000;\">1000<\/span><span style=\"font-size:12pt;font-family:'Times New Roman', serif;color:#000000;\"><\/span><\/p>\n<\/p>\n<\/td>\n<td style=\"border:dashed #BBBBBB 1pt;background:#D9D9D9;padding:0.75pt 0.75pt 0.75pt 0.75pt;height:17.85pt;\">\n<p class=\"MsoNormal\" align=\"center\" style=\"margin-bottom:0.0001pt;text-align:center;line-height:normal;\"><span style=\"font-size:8.5pt;font-family:Verdana, 'sans-serif';color:#000000;\">50<\/span><span style=\"font-size:12pt;font-family:'Times New Roman', serif;color:#000000;\"><\/span><\/p>\n<\/p>\n<\/td>\n<\/tr>\n<tr style=\"height:17.85pt;\">\n<td style=\"border:dashed #BBBBBB 1pt;padding:0.75pt 0.75pt 0.75pt 0.75pt;height:17.85pt;\">\n<p class=\"MsoNormal\" align=\"center\" style=\"margin-bottom:0.0001pt;text-align:center;line-height:normal;\"><span style=\"font-size:8.5pt;font-family:Verdana, 'sans-serif';color:#000000;\">8841<\/span><span style=\"font-size:12pt;font-family:'Times New Roman', serif;color:#000000;\"><\/span><\/p>\n<\/p>\n<\/td>\n<td style=\"border:dashed #BBBBBB 1pt;padding:0.75pt 0.75pt 0.75pt 0.75pt;height:17.85pt;\">\n<p class=\"MsoNormal\" align=\"center\" style=\"margin-bottom:0.0001pt;text-align:center;line-height:normal;\"><span style=\"font-size:8.5pt;font-family:Verdana, 'sans-serif';color:#000000;\">1,40<\/span><span style=\"font-size:12pt;font-family:'Times New Roman', serif;color:#000000;\"><\/span><\/p>\n<\/p>\n<\/td>\n<td style=\"border:dashed #BBBBBB 1pt;padding:0.75pt 0.75pt 0.75pt 0.75pt;height:17.85pt;\">\n<p class=\"MsoNormal\" align=\"center\" style=\"margin-bottom:0.0001pt;text-align:center;line-height:normal;\"><span style=\"font-size:8.5pt;font-family:Verdana, 'sans-serif';color:#000000;\">800<\/span><span style=\"font-size:12pt;font-family:'Times New Roman', serif;color:#000000;\"><\/span><\/p>\n<\/p>\n<\/td>\n<td style=\"border:dashed #BBBBBB 1pt;padding:0.75pt 0.75pt 0.75pt 0.75pt;height:17.85pt;\">\n<p class=\"MsoNormal\" align=\"center\" style=\"margin-bottom:0.0001pt;text-align:center;line-height:normal;\"><span style=\"font-size:8.5pt;font-family:Verdana, 'sans-serif';color:#000000;\">70<\/span><span style=\"font-size:12pt;font-family:'Times New Roman', serif;color:#000000;\"><\/span><\/p>\n<\/p>\n<\/td>\n<\/tr>\n<tr style=\"height:17.45pt;\">\n<td style=\"border:dashed #BBBBBB 1pt;background:#D9D9D9;padding:0.75pt 0.75pt 0.75pt 0.75pt;height:17.45pt;\">\n<p class=\"MsoNormal\" align=\"center\" style=\"margin-bottom:0.0001pt;text-align:center;line-height:normal;\"><span style=\"font-size:8.5pt;font-family:Verdana, 'sans-serif';color:#000000;\">8842<\/span><span style=\"font-size:12pt;font-family:'Times New Roman', serif;color:#000000;\"><\/span><\/p>\n<\/p>\n<\/td>\n<td style=\"border:dashed #BBBBBB 1pt;background:#D9D9D9;padding:0.75pt 0.75pt 0.75pt 0.75pt;height:17.45pt;\">\n<p class=\"MsoNormal\" align=\"center\" style=\"margin-bottom:0.0001pt;text-align:center;line-height:normal;\"><span style=\"font-size:8.5pt;font-family:Verdana, 'sans-serif';color:#000000;\">1,80<\/span><span style=\"font-size:12pt;font-family:'Times New Roman', serif;color:#000000;\"><\/span><\/p>\n<\/p>\n<\/td>\n<td style=\"border:dashed #BBBBBB 1pt;background:#D9D9D9;padding:0.75pt 0.75pt 0.75pt 0.75pt;height:17.45pt;\">\n<p class=\"MsoNormal\" align=\"center\" style=\"margin-bottom:0.0001pt;text-align:center;line-height:normal;\"><span style=\"font-size:8.5pt;font-family:Verdana, 'sans-serif';color:#000000;\">500<\/span><span style=\"font-size:12pt;font-family:'Times New Roman', serif;color:#000000;\"><\/span><\/p>\n<\/p>\n<\/td>\n<td style=\"border:dashed #BBBBBB 1pt;background:#D9D9D9;padding:0.75pt 0.75pt 0.75pt 0.75pt;height:17.45pt;\">\n<p class=\"MsoNormal\" align=\"center\" style=\"margin-bottom:0.0001pt;text-align:center;line-height:normal;\"><span style=\"font-size:8.5pt;font-family:Verdana, 'sans-serif';color:#000000;\">90<\/span><span style=\"font-size:12pt;font-family:'Times New Roman', serif;color:#000000;\"><\/span><\/p>\n<\/p>\n<\/td>\n<\/tr>\n<tr style=\"height:17.85pt;\">\n<td style=\"border:dashed #BBBBBB 1pt;padding:0.75pt 0.75pt 0.75pt 0.75pt;height:17.85pt;\">\n<p class=\"MsoNormal\" align=\"center\" style=\"margin-bottom:0.0001pt;text-align:center;line-height:normal;\"><span style=\"font-size:8.5pt;font-family:Verdana, 'sans-serif';color:#000000;\">8843<\/span><span style=\"font-size:12pt;font-family:'Times New Roman', serif;color:#000000;\"><\/span><\/p>\n<\/p>\n<\/td>\n<td style=\"border:dashed #BBBBBB 1pt;padding:0.75pt 0.75pt 0.75pt 0.75pt;height:17.85pt;\">\n<p class=\"MsoNormal\" align=\"center\" style=\"margin-bottom:0.0001pt;text-align:center;line-height:normal;\"><span style=\"font-size:8.5pt;font-family:Verdana, 'sans-serif';color:#000000;\">2,30<\/span><span style=\"font-size:12pt;font-family:'Times New Roman', serif;color:#000000;\"><\/span><\/p>\n<\/p>\n<\/td>\n<td style=\"border:dashed #BBBBBB 1pt;padding:0.75pt 0.75pt 0.75pt 0.75pt;height:17.85pt;\">\n<p class=\"MsoNormal\" align=\"center\" style=\"margin-bottom:0.0001pt;text-align:center;line-height:normal;\"><span style=\"font-size:8.5pt;font-family:Verdana, 'sans-serif';color:#000000;\">410<\/span><span style=\"font-size:12pt;font-family:'Times New Roman', serif;color:#000000;\"><\/span><\/p>\n<\/p>\n<\/td>\n<td style=\"border:dashed #BBBBBB 1pt;padding:0.75pt 0.75pt 0.75pt 0.75pt;height:17.85pt;\">\n<p class=\"MsoNormal\" align=\"center\" style=\"margin-bottom:0.0001pt;text-align:center;line-height:normal;\"><span style=\"font-size:8.5pt;font-family:Verdana, 'sans-serif';color:#000000;\">145<\/span><span style=\"font-size:12pt;font-family:'Times New Roman', serif;color:#000000;\"><\/span><\/p>\n<\/p>\n<\/td>\n<\/tr>\n<tr style=\"height:17.85pt;\">\n<td style=\"border:dashed #BBBBBB 1pt;background:#D9D9D9;padding:0.75pt 0.75pt 0.75pt 0.75pt;height:17.85pt;\">\n<p class=\"MsoNormal\" align=\"center\" style=\"margin-bottom:0.0001pt;text-align:center;line-height:normal;\"><span style=\"font-size:8.5pt;font-family:Verdana, 'sans-serif';color:#000000;\">4840\/3<\/span><span style=\"font-size:12pt;font-family:'Times New Roman', serif;color:#000000;\"><\/span><\/p>\n<\/p>\n<\/td>\n<td style=\"border:dashed #BBBBBB 1pt;background:#D9D9D9;padding:0.75pt 0.75pt 0.75pt 0.75pt;height:17.85pt;\">\n<p class=\"MsoNormal\" align=\"center\" style=\"margin-bottom:0.0001pt;text-align:center;line-height:normal;\"><span style=\"font-size:8.5pt;font-family:Verdana, 'sans-serif';color:#000000;\">3,00<\/span><span style=\"font-size:12pt;font-family:'Times New Roman', serif;color:#000000;\"><\/span><\/p>\n<\/p>\n<\/td>\n<td style=\"border:dashed #BBBBBB 1pt;background:#D9D9D9;padding:0.75pt 0.75pt 0.75pt 0.75pt;height:17.85pt;\">\n<p class=\"MsoNormal\" align=\"center\" style=\"margin-bottom:0.0001pt;text-align:center;line-height:normal;\"><span style=\"font-size:8.5pt;font-family:Verdana, 'sans-serif';color:#000000;\">280<\/span><span style=\"font-size:12pt;font-family:'Times New Roman', serif;color:#000000;\"><\/span><\/p>\n<\/p>\n<\/td>\n<td style=\"border:dashed #BBBBBB 1pt;background:#D9D9D9;padding:0.75pt 0.75pt 0.75pt 0.75pt;height:17.85pt;\">\n<p class=\"MsoNormal\" align=\"center\" style=\"margin-bottom:0.0001pt;text-align:center;line-height:normal;\"><span style=\"font-size:8.5pt;font-family:Verdana, 'sans-serif';color:#000000;\">180<\/span><span style=\"font-size:12pt;font-family:'Times New Roman', serif;color:#000000;\"><\/span><\/p>\n<\/p>\n<\/td>\n<\/tr>\n<tr style=\"height:17.85pt;\">\n<td style=\"border:dashed #BBBBBB 1pt;padding:0.75pt 0.75pt 0.75pt 0.75pt;height:17.85pt;\">\n<p class=\"MsoNormal\" align=\"center\" style=\"margin-bottom:0.0001pt;text-align:center;line-height:normal;\"><span style=\"font-size:8.5pt;font-family:Verdana, 'sans-serif';color:#000000;\">4840\/4<\/span><span style=\"font-size:12pt;font-family:'Times New Roman', serif;color:#000000;\"><\/span><\/p>\n<\/p>\n<\/td>\n<td style=\"border:dashed #BBBBBB 1pt;padding:0.75pt 0.75pt 0.75pt 0.75pt;height:17.85pt;\">\n<p class=\"MsoNormal\" align=\"center\" style=\"margin-bottom:0.0001pt;text-align:center;line-height:normal;\"><span style=\"font-size:8.5pt;font-family:Verdana, 'sans-serif';color:#000000;\">4,00<\/span><span style=\"font-size:12pt;font-family:'Times New Roman', serif;color:#000000;\"><\/span><\/p>\n<\/p>\n<\/td>\n<td style=\"border:dashed #BBBBBB 1pt;padding:0.75pt 0.75pt 0.75pt 0.75pt;height:17.85pt;\">\n<p class=\"MsoNormal\" align=\"center\" style=\"margin-bottom:0.0001pt;text-align:center;line-height:normal;\"><span style=\"font-size:8.5pt;font-family:Verdana, 'sans-serif';color:#000000;\">180<\/span><span style=\"font-size:12pt;font-family:'Times New Roman', serif;color:#000000;\"><\/span><\/p>\n<\/p>\n<\/td>\n<td style=\"border:dashed #BBBBBB 1pt;padding:0.75pt 0.75pt 0.75pt 0.75pt;height:17.85pt;\">\n<p class=\"MsoNormal\" align=\"center\" style=\"margin-bottom:0.0001pt;text-align:center;line-height:normal;\"><span style=\"font-size:8.5pt;font-family:Verdana, 'sans-serif';color:#000000;\">255<\/span><span style=\"font-size:12pt;font-family:'Times New Roman', serif;color:#000000;\"><\/span><\/p>\n<\/p>\n<\/td>\n<\/tr>\n<tr style=\"height:17.85pt;\">\n<td style=\"border:dashed #BBBBBB 1pt;background:#D9D9D9;padding:0.75pt 0.75pt 0.75pt 0.75pt;height:17.85pt;\">\n<p class=\"MsoNormal\" align=\"center\" style=\"margin-bottom:0.0001pt;text-align:center;line-height:normal;\"><span style=\"font-size:8.5pt;font-family:Verdana, 'sans-serif';color:#000000;\">4840\/5<\/span><span style=\"font-size:12pt;font-family:'Times New Roman', serif;color:#000000;\"><\/span><\/p>\n<\/p>\n<\/td>\n<td style=\"border:dashed #BBBBBB 1pt;background:#D9D9D9;padding:0.75pt 0.75pt 0.75pt 0.75pt;height:17.85pt;\">\n<p class=\"MsoNormal\" align=\"center\" style=\"margin-bottom:0.0001pt;text-align:center;line-height:normal;\"><span style=\"font-size:8.5pt;font-family:Verdana, 'sans-serif';color:#000000;\">5,00<\/span><span style=\"font-size:12pt;font-family:'Times New Roman', serif;color:#000000;\"><\/span><\/p>\n<\/p>\n<\/td>\n<td style=\"border:dashed #BBBBBB 1pt;background:#D9D9D9;padding:0.75pt 0.75pt 0.75pt 0.75pt;height:17.85pt;\">\n<p class=\"MsoNormal\" align=\"center\" style=\"margin-bottom:0.0001pt;text-align:center;line-height:normal;\"><span style=\"font-size:8.5pt;font-family:Verdana, 'sans-serif';color:#000000;\">105<\/span><span style=\"font-size:12pt;font-family:'Times New Roman', serif;color:#000000;\"><\/span><\/p>\n<\/p>\n<\/td>\n<td style=\"border:dashed #BBBBBB 1pt;background:#D9D9D9;padding:0.75pt 0.75pt 0.75pt 0.75pt;height:17.85pt;\">\n<p class=\"MsoNormal\" align=\"center\" style=\"margin-bottom:0.0001pt;text-align:center;line-height:normal;\"><span style=\"font-size:8.5pt;font-family:Verdana, 'sans-serif';color:#000000;\">415<\/span><span style=\"font-size:12pt;font-family:'Times New Roman', serif;color:#000000;\"><\/span><\/p>\n<\/p>\n<\/td>\n<\/tr>\n<tr style=\"height:17.85pt;\">\n<td style=\"border:dashed #BBBBBB 1pt;padding:0.75pt 0.75pt 0.75pt 0.75pt;height:17.85pt;\">\n<p class=\"MsoNormal\" align=\"center\" style=\"margin-bottom:0.0001pt;text-align:center;line-height:normal;\"><span style=\"font-size:8.5pt;font-family:Verdana, 'sans-serif';color:#000000;\">4840\/6<\/span><span style=\"font-size:12pt;font-family:'Times New Roman', serif;color:#000000;\"><\/span><\/p>\n<\/p>\n<\/td>\n<td style=\"border:dashed #BBBBBB 1pt;padding:0.75pt 0.75pt 0.75pt 0.75pt;height:17.85pt;\">\n<p class=\"MsoNormal\" align=\"center\" style=\"margin-bottom:0.0001pt;text-align:center;line-height:normal;\"><span style=\"font-size:8.5pt;font-family:Verdana, 'sans-serif';color:#000000;\">6,00<\/span><span style=\"font-size:12pt;font-family:'Times New Roman', serif;color:#000000;\"><\/span><\/p>\n<\/p>\n<\/td>\n<td style=\"border:dashed #BBBBBB 1pt;padding:0.75pt 0.75pt 0.75pt 0.75pt;height:17.85pt;\">\n<p class=\"MsoNormal\" align=\"center\" style=\"margin-bottom:0.0001pt;text-align:center;line-height:normal;\"><span style=\"font-size:8.5pt;font-family:Verdana, 'sans-serif';color:#000000;\">75<\/span><span style=\"font-size:12pt;font-family:'Times New Roman', serif;color:#000000;\"><\/span><\/p>\n<\/p>\n<\/td>\n<td style=\"border:dashed #BBBBBB 1pt;padding:0.75pt 0.75pt 0.75pt 0.75pt;height:17.85pt;\">\n<p class=\"MsoNormal\" align=\"center\" style=\"margin-bottom:0.0001pt;text-align:center;line-height:normal;\"><span style=\"font-size:8.5pt;font-family:Verdana, 'sans-serif';color:#000000;\">545<\/span><span style=\"font-size:12pt;font-family:'Times New Roman', serif;color:#000000;\"><\/span><\/p>\n<\/p>\n<\/td>\n<\/tr>\n<\/tbody>\n<\/table>","protected":false},"excerpt":{"rendered":"<p>Otros colores como Marr\u00f3n, Amarillo, Rojo, Verde, Azul \u00a1Consultar! COMPOSICI\u00d3N: Trenzado de Poliamida (nyl\u00f3n) alta tenacidad. CARACTER\u00cdSTICAS: Gran resistencia al roce y a la tracci\u00f3n. Excelente duraci\u00f3n al intemperie, tacto suave y flexible. UTILIDADES: Efectos navales, bricolaje, n\u00e1utica, ideal para reparar redes de pesca, de protecci\u00f3n, deportivas para voladores, m\u00faltiples aplicaciones. Referencia Di\u00e1metroAprox.(mm) m\/kgAprox. Carga [&hellip;]<\/p>","protected":false},"featured_media":1758,"template":"","meta":[],"product_brand":[],"product_cat":[970,965,1225,1055,967,1090,1334,986],"product_tag":[],"class_list":{"0":"post-1762","1":"product","2":"type-product","3":"status-publish","4":"has-post-thumbnail","6":"product_cat-cordeleria","7":"product_cat-ferreteria","8":"product_cat-trenzado-bobina-1-kg","9":"product_cat-poliamida-cordeleria","10":"product_cat-nautica","11":"product_cat-poliamida-cordeleria-nautica-nautica","12":"product_cat-trenzado-bobina-1-kg-poliamida-cordeleria","13":"product_cat-cordeleria-nautica","15":"first","16":"instock","17":"sale","18":"taxable","19":"shipping-taxable","20":"purchasable","21":"product-type-simple"},"tiered_pricing_type":"fixed","tiered_pricing_fixed_rules":[],"tiered_pricing_product_settings":{"layout":"default","base_unit_name":{"singular":null,"plural":null},"default_variation":null},"tiered_pricing_minimum_quantity":null,"tiered_pricing_roles_data":[],"tiered_pricing_percentage_rules":[],"_links":{"self":[{"href":"https:\/\/hilaturasegea.com\/fr\/wp-json\/wp\/v2\/product\/1762","targetHints":{"allow":["GET"]}}],"collection":[{"href":"https:\/\/hilaturasegea.com\/fr\/wp-json\/wp\/v2\/product"}],"about":[{"href":"https:\/\/hilaturasegea.com\/fr\/wp-json\/wp\/v2\/types\/product"}],"wp:featuredmedia":[{"embeddable":true,"href":"https:\/\/hilaturasegea.com\/fr\/wp-json\/wp\/v2\/media\/1758"}],"wp:attachment":[{"href":"https:\/\/hilaturasegea.com\/fr\/wp-json\/wp\/v2\/media?parent=1762"}],"wp:term":[{"taxonomy":"product_brand","embeddable":true,"href":"https:\/\/hilaturasegea.com\/fr\/wp-json\/wp\/v2\/product_brand?post=1762"},{"taxonomy":"product_cat","embeddable":true,"href":"https:\/\/hilaturasegea.com\/fr\/wp-json\/wp\/v2\/product_cat?post=1762"},{"taxonomy":"product_tag","embeddable":true,"href":"https:\/\/hilaturasegea.com\/fr\/wp-json\/wp\/v2\/product_tag?post=1762"}],"curies":[{"name":"wp","href":"https:\/\/api.w.org\/{rel}","templated":true}]}}