{"id":1799,"date":"2019-10-29T18:51:34","date_gmt":"2019-10-29T18:51:34","guid":{"rendered":"https:\/\/hilaturasegea.com\/index.php\/producto\/poliamida-dinamico-simple-1\/"},"modified":"2025-06-13T13:05:22","modified_gmt":"2025-06-13T11:05:22","slug":"poliamida-dinamico-simple-1","status":"publish","type":"product","link":"https:\/\/hilaturasegea.com\/fr\/produit\/poliamida-dinamico-simple-1\/","title":{"rendered":"Polyamide \/ Simple Dynamique (1)"},"content":{"rendered":"<p><em>Autres couleurs Consultez !<\/em><\/p>\n<p><strong>COMPOSITION:<\/strong> Fibre synth\u00e9tique 100 % Polyamide.<\/p>\n<p><strong>CARACT\u00c9RISTIQUES:<\/strong> CORDE DYNAMIQUE SIMPLE (1) Conforme \u00e0 la norme EN 892 \u2014 Homologation CE0120<\/p>\n<p><strong>SERVICES PUBLICS :<\/strong> Escalade et alpinisme sportif. Sa grande capacit\u00e9 d&#039;absorption des chocs (\u00e9nergie, r\u00e9sistance, douceur et l\u00e9g\u00e8ret\u00e9) en fait la corde id\u00e9ale pour les grimpeurs qui n&#039;utilisent qu&#039;une seule corde pour toutes leurs activit\u00e9s.<\/p>\n<p style=\"text-align: center;\"><img fetchpriority=\"high\" decoding=\"async\" class=\"size-full wp-image-1797\" style=\"margin-left: auto; margin-right: auto;\" src=\"https:\/\/hilaturasegea.com\/wp-content\/uploads\/2019\/10\/PAGINA-17_1.jpg\" alt=\"\" width=\"723\" height=\"115\" srcset=\"https:\/\/hilaturasegea.com\/wp-content\/uploads\/2019\/10\/PAGINA-17_1.jpg 1846w, https:\/\/hilaturasegea.com\/wp-content\/uploads\/2019\/10\/PAGINA-17_1-600x95.jpg 600w, https:\/\/hilaturasegea.com\/wp-content\/uploads\/2019\/10\/PAGINA-17_1-300x48.jpg 300w, https:\/\/hilaturasegea.com\/wp-content\/uploads\/2019\/10\/PAGINA-17_1-1024x163.jpg 1024w, https:\/\/hilaturasegea.com\/wp-content\/uploads\/2019\/10\/PAGINA-17_1-768x122.jpg 768w, https:\/\/hilaturasegea.com\/wp-content\/uploads\/2019\/10\/PAGINA-17_1-1536x244.jpg 1536w\" sizes=\"(max-width: 723px) 100vw, 723px\" \/><\/p>","protected":false},"excerpt":{"rendered":"<p>Otros colores \u00a1Consultar! COMPOSICI\u00d3N: Fibra sint\u00e9tica 100 % Poliamida. CARACTER\u00cdSTICAS: CUERDA DIN\u00c1MICA SIMPLE (1) Cumple con la normativa EN 892 &#8212; Homologaci\u00f3n CE0120 UTILIDADES: Escalada y alpinismo deportivo. Su alta capacidad de absorci\u00f3n de impacto (energ\u00eda, su resistencia, su tacto suave y su bajo peso), es la cuerda ideal para aquellos escaladores que solo utilizan [&hellip;]<\/p>","protected":false},"featured_media":1793,"template":"","meta":[],"product_brand":[],"product_cat":[970,1131,965,1055],"product_tag":[],"class_list":{"0":"post-1799","1":"product","2":"type-product","3":"status-publish","4":"has-post-thumbnail","6":"product_cat-cordeleria","7":"product_cat-dinamica-simple1-poliamida-cordeleria","8":"product_cat-ferreteria","9":"product_cat-poliamida-cordeleria","10":"pa_color-rojogris","11":"pa_diametro-10_50mm","12":"pa_metraje-100m","14":"first","15":"instock","16":"sale","17":"taxable","18":"shipping-taxable","19":"purchasable","20":"product-type-variable","21":"has-default-attributes"},"tiered_pricing_type":"fixed","tiered_pricing_fixed_rules":[],"tiered_pricing_product_settings":{"layout":"default","base_unit_name":{"singular":null,"plural":null},"default_variation":null},"tiered_pricing_minimum_quantity":null,"tiered_pricing_roles_data":[],"tiered_pricing_percentage_rules":[],"_links":{"self":[{"href":"https:\/\/hilaturasegea.com\/fr\/wp-json\/wp\/v2\/product\/1799","targetHints":{"allow":["GET"]}}],"collection":[{"href":"https:\/\/hilaturasegea.com\/fr\/wp-json\/wp\/v2\/product"}],"about":[{"href":"https:\/\/hilaturasegea.com\/fr\/wp-json\/wp\/v2\/types\/product"}],"wp:featuredmedia":[{"embeddable":true,"href":"https:\/\/hilaturasegea.com\/fr\/wp-json\/wp\/v2\/media\/1793"}],"wp:attachment":[{"href":"https:\/\/hilaturasegea.com\/fr\/wp-json\/wp\/v2\/media?parent=1799"}],"wp:term":[{"taxonomy":"product_brand","embeddable":true,"href":"https:\/\/hilaturasegea.com\/fr\/wp-json\/wp\/v2\/product_brand?post=1799"},{"taxonomy":"product_cat","embeddable":true,"href":"https:\/\/hilaturasegea.com\/fr\/wp-json\/wp\/v2\/product_cat?post=1799"},{"taxonomy":"product_tag","embeddable":true,"href":"https:\/\/hilaturasegea.com\/fr\/wp-json\/wp\/v2\/product_tag?post=1799"}],"curies":[{"name":"wp","href":"https:\/\/api.w.org\/{rel}","templated":true}]}}