{"id":1920,"date":"2019-10-29T19:05:19","date_gmt":"2019-10-29T19:05:19","guid":{"rendered":"https:\/\/hilaturasegea.com\/index.php\/producto\/polipropileno-trenzado-ref-8842-hilo-replanteoatirantar\/"},"modified":"2025-06-13T12:35:14","modified_gmt":"2025-06-13T10:35:14","slug":"polipropileno-trenzado-ref-8842-hilo-replanteoatirantar","status":"publish","type":"product","link":"https:\/\/hilaturasegea.com\/fr\/produit\/polipropileno-trenzado-ref-8842-hilo-replanteoatirantar\/","title":{"rendered":"Emballage de raphia \/ fil agricole"},"content":{"rendered":"<p><em>Autres pr\u00e9sentations Consultez!<\/em><\/p>\n<p><strong>COMPOSITION:<\/strong>\u00a0Fibre synth\u00e9tique 100%. Raphia en polypropyl\u00e8ne.<\/p>\n<p><strong>CARACT\u00c9RISTIQUES:<\/strong>\u00a0Manque d&#039;\u00e9lasticit\u00e9. Trait\u00e9 anti-UV. R\u00e9sistant au gel et \u00e0 l&#039;humidit\u00e9.<\/p>\n<p>FICELLE D&#039;EMBALLAGE T\/150-1 extr\u00e9mit\u00e9 noire, FICELLE BALLER pour macro-machine d&#039;emballage.<\/p>\n<p>FIL D&#039;EMBALLAGE T\/200-1 extr\u00e9mit\u00e9 noire, FICELLE BALLER pour machine \u00e0 emballer.<\/p>\n<p>FIL D&#039;EMBALLAGE T\/300-1 extr\u00e9mit\u00e9 noire, FICELLE BALLER pour machine d&#039;emballage.<\/p>\n<p>T-600-1 FICELLE D&#039;EMBALLAGE extr\u00e9mit\u00e9 noire, FICELLE BALLER pour presse \u00e0 balles rondes, balle ronde.<\/p>","protected":false},"excerpt":{"rendered":"<p>Otras presentaciones \u00a1Consultar! COMPOSICI\u00d3N:\u00a0Fibra sint\u00e9tica 100%. Rafia de polipropileno. CARACTER\u00cdSTICAS:\u00a0Carece de elasticidad. Tratado contra rayos ultravioleta. Resistencia a las heladas y humedad. HILO EMPACAR T\/150-1 cabo negro, BALLER TWINE para m\u00e1quina macro-empacadora. HILO EMPACAR T\/200-1 cabo negro, BALLER TWINE para m\u00e1quina agrupadora. HILO EMPACAR T\/300-1 cabo negro, BALLER TWINE para m\u00e1quina empacadora. HILO EMPACAR T-600-1 [&hellip;]<\/p>","protected":false},"featured_media":1918,"template":"","meta":[],"product_brand":[],"product_cat":[970,965,1277,1060],"product_tag":[],"class_list":{"0":"post-1920","1":"product","2":"type-product","3":"status-publish","4":"has-post-thumbnail","6":"product_cat-cordeleria","7":"product_cat-ferreteria","8":"product_cat-hilo-agricolas-empacadora","9":"product_cat-rafia","10":"pa_coloragricola-negro","11":"pa_pesobobinaagricola-5kg","12":"pa_pesobobinaagricola-5_5kg","13":"pa_pesobobinaagricola-6_5kg","14":"pa_pesobobinaagricola-9kg","15":"pa_presentacionagricola-bobina","16":"pa_referenciaagricola-31-rafiat1501cabomacroempaca","17":"pa_referenciaagricola-rafiat2001caboagrupadora","18":"pa_referenciaagricola-rafiat3001caboempacadora","19":"pa_referenciaagricola-rafiat6001caborotoempacadora","21":"first","22":"instock","23":"sale","24":"taxable","25":"shipping-taxable","26":"purchasable","27":"product-type-variable"},"tiered_pricing_type":"fixed","tiered_pricing_fixed_rules":[],"tiered_pricing_product_settings":{"layout":"default","base_unit_name":{"singular":null,"plural":null},"default_variation":null},"tiered_pricing_minimum_quantity":null,"tiered_pricing_roles_data":[],"tiered_pricing_percentage_rules":[],"_links":{"self":[{"href":"https:\/\/hilaturasegea.com\/fr\/wp-json\/wp\/v2\/product\/1920","targetHints":{"allow":["GET"]}}],"collection":[{"href":"https:\/\/hilaturasegea.com\/fr\/wp-json\/wp\/v2\/product"}],"about":[{"href":"https:\/\/hilaturasegea.com\/fr\/wp-json\/wp\/v2\/types\/product"}],"wp:featuredmedia":[{"embeddable":true,"href":"https:\/\/hilaturasegea.com\/fr\/wp-json\/wp\/v2\/media\/1918"}],"wp:attachment":[{"href":"https:\/\/hilaturasegea.com\/fr\/wp-json\/wp\/v2\/media?parent=1920"}],"wp:term":[{"taxonomy":"product_brand","embeddable":true,"href":"https:\/\/hilaturasegea.com\/fr\/wp-json\/wp\/v2\/product_brand?post=1920"},{"taxonomy":"product_cat","embeddable":true,"href":"https:\/\/hilaturasegea.com\/fr\/wp-json\/wp\/v2\/product_cat?post=1920"},{"taxonomy":"product_tag","embeddable":true,"href":"https:\/\/hilaturasegea.com\/fr\/wp-json\/wp\/v2\/product_tag?post=1920"}],"curies":[{"name":"wp","href":"https:\/\/api.w.org\/{rel}","templated":true}]}}