{"id":2061,"date":"2019-10-30T11:06:10","date_gmt":"2019-10-30T11:06:10","guid":{"rendered":"https:\/\/hilaturasegea.com\/index.php\/producto\/polipropileno-meollar-4-cordones-imitacion-canamo\/"},"modified":"2025-06-13T12:32:27","modified_gmt":"2025-06-13T10:32:27","slug":"polipropileno-meollar-4-cordones-imitacion-canamo","status":"publish","type":"product","link":"https:\/\/hilaturasegea.com\/fr\/produit\/polipropileno-meollar-4-cordones-imitacion-canamo\/","title":{"rendered":"Polypropyl\u00e8ne \/ Meollar 4 Cordons Imitation Chanvre"},"content":{"rendered":"<p><strong>COMPOSITION:<\/strong> Fibre multifilament synth\u00e9tique en polypropyl\u00e8ne 100 % imitant la couleur chanvre.<\/p>\n<p><strong>CARACT\u00c9RISTIQUES:<\/strong> Corde en polypropyl\u00e8ne haute t\u00e9nacit\u00e9, r\u00e9sistante \u00e0 l&#039;eau, au frottement et \u00e0 la flexion, a une flottabilit\u00e9, une absorption d&#039;eau nulle, une \u00e9lasticit\u00e9 minimale, douce au toucher et l\u00e9g\u00e8re, avec traitement UV<\/p>\n<p><strong>SERVICES PUBLICS :<\/strong> D\u00e9coration, transport, \u00e9levage, agriculture, p\u00eache, construction, nautisme (amarre, ligne de vie), etc.<\/p>\n<table class=\"MsoNormalTable\" style=\"width: 298.95pt; border: 1pt solid; margin-left: auto; margin-right: auto;\" border=\"1\" width=\"399\" cellpadding=\"0\">\n<thead>\n<tr style=\"height: 20.15pt;\">\n<td style=\"border: dashed #BBBBBB 1pt; background: #C6D9F1; padding: 0.75pt 0.75pt 0.75pt 0.75pt; height: 20.15pt;\">\n<p class=\"MsoNormal\" style=\"margin-bottom: 0.0001pt; text-align: center; line-height: normal;\" align=\"center\"><b><span style=\"font-size: 8.5pt; font-family: Verdana, 'sans-serif'; color: #000000;\">Diam\u00e8tre<\/span><\/b><\/p>\n<p>&nbsp;<\/td>\n<td style=\"border: dashed #BBBBBB 1pt; background: #C6D9F1; padding: 0.75pt 0.75pt 0.75pt 0.75pt; height: 20.15pt;\">\n<p class=\"MsoNormal\" style=\"margin-bottom: 0.0001pt; text-align: center; line-height: normal;\" align=\"center\"><b><span style=\"font-size: 8.5pt; font-family: Verdana, 'sans-serif'; color: #000000;\">Charge de rupture<br \/>\nEnviron (kg)<\/span><\/b><\/p>\n<p>&nbsp;<\/td>\n<td style=\"border: dashed #BBBBBB 1pt; background: #C6D9F1; padding: 0.75pt 0.75pt 0.75pt 0.75pt; height: 20.15pt;\">\n<p class=\"MsoNormal\" style=\"margin-bottom: 0.0001pt; text-align: center; line-height: normal;\" align=\"center\"><b><span style=\"font-size: 8.5pt; font-family: Verdana, 'sans-serif'; color: #000000;\">Poids approximatif<br \/>\nkg\/100 m<\/span><\/b><\/p>\n<p>&nbsp;<\/td>\n<\/tr>\n<\/thead>\n<tbody>\n<tr style=\"height: 10.45pt;\">\n<td style=\"border: dashed #BBBBBB 1pt; background: #D9D9D9; padding: 0.75pt 0.75pt 0.75pt 0.75pt; height: 10.45pt;\">\n<p class=\"MsoNormal\" style=\"margin-bottom: 0.0001pt; text-align: center; line-height: normal;\" align=\"center\"><span style=\"font-size: 8.5pt; font-family: Verdana, 'sans-serif'; color: #000000;\">4 mm<\/span><\/p>\n<\/td>\n<td style=\"border: dashed #BBBBBB 1pt; background: #D9D9D9; padding: 0.75pt 0.75pt 0.75pt 0.75pt; height: 10.45pt;\">\n<p class=\"MsoNormal\" style=\"margin-bottom: 0.0001pt; text-align: center; line-height: normal;\" align=\"center\"><span style=\"font-size: 8.5pt; font-family: Verdana, 'sans-serif'; color: #000000;\">250<\/span><\/p>\n<\/td>\n<td style=\"border: dashed #BBBBBB 1pt; background: #D9D9D9; padding: 0.75pt 0.75pt 0.75pt 0.75pt; height: 10.45pt;\">\n<p class=\"MsoNormal\" style=\"margin-bottom: 0.0001pt; text-align: center; line-height: normal;\" align=\"center\"><span style=\"font-size: 8.5pt; font-family: Verdana, 'sans-serif'; color: #000000;\">0,80<\/span><\/p>\n<\/td>\n<\/tr>\n<tr style=\"height: 10.45pt;\">\n<td style=\"border: dashed #BBBBBB 1pt; padding: 0.75pt 0.75pt 0.75pt 0.75pt; height: 10.45pt;\">\n<p class=\"MsoNormal\" style=\"margin-bottom: 0.0001pt; text-align: center; line-height: normal;\" align=\"center\"><span style=\"font-size: 8.5pt; font-family: Verdana, 'sans-serif'; color: #000000;\">6 mm<\/span><\/p>\n<\/td>\n<td style=\"border: dashed #BBBBBB 1pt; padding: 0.75pt 0.75pt 0.75pt 0.75pt; height: 10.45pt;\">\n<p class=\"MsoNormal\" style=\"margin-bottom: 0.0001pt; text-align: center; line-height: normal;\" align=\"center\"><span style=\"font-size: 8.5pt; font-family: Verdana, 'sans-serif'; color: #000000;\">500<\/span><\/p>\n<\/td>\n<td style=\"border: dashed #BBBBBB 1pt; padding: 0.75pt 0.75pt 0.75pt 0.75pt; height: 10.45pt;\">\n<p class=\"MsoNormal\" style=\"margin-bottom: 0.0001pt; text-align: center; line-height: normal;\" align=\"center\"><span style=\"font-size: 8.5pt; font-family: Verdana, 'sans-serif'; color: #000000;\">1,70<\/span><\/p>\n<\/td>\n<\/tr>\n<tr style=\"height: 10.45pt;\">\n<td style=\"border: dashed #BBBBBB 1pt; background: #D9D9D9; padding: 0.75pt 0.75pt 0.75pt 0.75pt; height: 10.45pt;\">\n<p class=\"MsoNormal\" style=\"margin-bottom: 0.0001pt; text-align: center; line-height: normal;\" align=\"center\"><span style=\"font-size: 8.5pt; font-family: Verdana, 'sans-serif'; color: #000000;\">8 mm<\/span><\/p>\n<\/td>\n<td style=\"border: dashed #BBBBBB 1pt; background: #D9D9D9; padding: 0.75pt 0.75pt 0.75pt 0.75pt; height: 10.45pt;\">\n<p class=\"MsoNormal\" style=\"margin-bottom: 0.0001pt; text-align: center; line-height: normal;\" align=\"center\"><span style=\"font-size: 8.5pt; font-family: Verdana, 'sans-serif'; color: #000000;\">1000<\/span><\/p>\n<\/td>\n<td style=\"border: dashed #BBBBBB 1pt; background: #D9D9D9; padding: 0.75pt 0.75pt 0.75pt 0.75pt; height: 10.45pt;\">\n<p class=\"MsoNormal\" style=\"margin-bottom: 0.0001pt; text-align: center; line-height: normal;\" align=\"center\"><span style=\"font-size: 8.5pt; font-family: Verdana, 'sans-serif'; color: #000000;\">3,30<\/span><\/p>\n<\/td>\n<\/tr>\n<tr style=\"height: 9.7pt;\">\n<td style=\"border: dashed #BBBBBB 1pt; padding: 0.75pt 0.75pt 0.75pt 0.75pt; height: 9.7pt;\">\n<p class=\"MsoNormal\" style=\"margin-bottom: 0.0001pt; text-align: center; line-height: normal;\" align=\"center\"><span style=\"font-size: 8.5pt; font-family: Verdana, 'sans-serif'; color: #000000;\">10 mm<\/span><\/p>\n<\/td>\n<td style=\"border: dashed #BBBBBB 1pt; padding: 0.75pt 0.75pt 0.75pt 0.75pt; height: 9.7pt;\">\n<p class=\"MsoNormal\" style=\"margin-bottom: 0.0001pt; text-align: center; line-height: normal;\" align=\"center\"><span style=\"font-size: 8.5pt; font-family: Verdana, 'sans-serif'; color: #000000;\">1400<\/span><\/p>\n<\/td>\n<td style=\"border: dashed #BBBBBB 1pt; padding: 0.75pt 0.75pt 0.75pt 0.75pt; height: 9.7pt;\">\n<p class=\"MsoNormal\" style=\"margin-bottom: 0.0001pt; text-align: center; line-height: normal;\" align=\"center\"><span style=\"font-size: 8.5pt; font-family: Verdana, 'sans-serif'; color: #000000;\">4,50<\/span><\/p>\n<\/td>\n<\/tr>\n<tr style=\"height: 10.45pt;\">\n<td style=\"border: dashed #BBBBBB 1pt; background: #D9D9D9; padding: 0.75pt 0.75pt 0.75pt 0.75pt; height: 10.45pt;\">\n<p class=\"MsoNormal\" style=\"margin-bottom: 0.0001pt; text-align: center; line-height: normal;\" align=\"center\"><span style=\"font-size: 8.5pt; font-family: Verdana, 'sans-serif'; color: #000000;\">12 mm<\/span><\/p>\n<\/td>\n<td style=\"border: dashed #BBBBBB 1pt; background: #D9D9D9; padding: 0.75pt 0.75pt 0.75pt 0.75pt; height: 10.45pt;\">\n<p class=\"MsoNormal\" style=\"margin-bottom: 0.0001pt; text-align: center; line-height: normal;\" align=\"center\"><span style=\"font-size: 8.5pt; font-family: Verdana, 'sans-serif'; color: #000000;\">2000<\/span><\/p>\n<\/td>\n<td style=\"border: dashed #BBBBBB 1pt; background: #D9D9D9; padding: 0.75pt 0.75pt 0.75pt 0.75pt; height: 10.45pt;\">\n<p class=\"MsoNormal\" style=\"margin-bottom: 0.0001pt; text-align: center; line-height: normal;\" align=\"center\"><span style=\"font-size: 8.5pt; font-family: Verdana, 'sans-serif'; color: #000000;\">6,50<\/span><\/p>\n<\/td>\n<\/tr>\n<tr style=\"height: 10.45pt;\">\n<td style=\"border: dashed #BBBBBB 1pt; padding: 0.75pt 0.75pt 0.75pt 0.75pt; height: 10.45pt;\">\n<p class=\"MsoNormal\" style=\"margin-bottom: 0.0001pt; text-align: center; line-height: normal;\" align=\"center\"><span style=\"font-size: 8.5pt; font-family: Verdana, 'sans-serif'; color: #000000;\">14 mm<\/span><\/p>\n<\/td>\n<td style=\"border: dashed #BBBBBB 1pt; padding: 0.75pt 0.75pt 0.75pt 0.75pt; height: 10.45pt;\">\n<p class=\"MsoNormal\" style=\"margin-bottom: 0.0001pt; text-align: center; line-height: normal;\" align=\"center\"><span style=\"font-size: 8.5pt; font-family: Verdana, 'sans-serif'; color: #000000;\">2800<\/span><\/p>\n<\/td>\n<td style=\"border: dashed #BBBBBB 1pt; padding: 0.75pt 0.75pt 0.75pt 0.75pt; height: 10.45pt;\">\n<p class=\"MsoNormal\" style=\"margin-bottom: 0.0001pt; text-align: center; line-height: normal;\" align=\"center\"><span style=\"font-size: 8.5pt; font-family: Verdana, 'sans-serif'; color: #000000;\">9,00<\/span><\/p>\n<\/td>\n<\/tr>\n<tr style=\"height: 10.45pt;\">\n<td style=\"border: dashed #BBBBBB 1pt; background: #D9D9D9; padding: 0.75pt 0.75pt 0.75pt 0.75pt; height: 10.45pt;\">\n<p class=\"MsoNormal\" style=\"margin-bottom: 0.0001pt; text-align: center; line-height: normal;\" align=\"center\"><span style=\"font-size: 8.5pt; font-family: Verdana, 'sans-serif'; color: #000000;\">16 mm<\/span><\/p>\n<\/td>\n<td style=\"border: dashed #BBBBBB 1pt; background: #D9D9D9; padding: 0.75pt 0.75pt 0.75pt 0.75pt; height: 10.45pt;\">\n<p class=\"MsoNormal\" style=\"margin-bottom: 0.0001pt; text-align: center; line-height: normal;\" align=\"center\"><span style=\"font-size: 8.5pt; font-family: Verdana, 'sans-serif'; color: #000000;\">3600<\/span><\/p>\n<\/td>\n<td style=\"border: dashed #BBBBBB 1pt; background: #D9D9D9; padding: 0.75pt 0.75pt 0.75pt 0.75pt; height: 10.45pt;\">\n<p class=\"MsoNormal\" style=\"margin-bottom: 0.0001pt; text-align: center; line-height: normal;\" align=\"center\"><span style=\"font-size: 8.5pt; font-family: Verdana, 'sans-serif'; color: #000000;\">11,50<\/span><\/p>\n<\/td>\n<\/tr>\n<tr style=\"height: 9.7pt;\">\n<td style=\"border: dashed #BBBBBB 1pt; padding: 0.75pt 0.75pt 0.75pt 0.75pt; height: 9.7pt;\">\n<p class=\"MsoNormal\" style=\"margin-bottom: 0.0001pt; text-align: center; line-height: normal;\" align=\"center\"><span style=\"font-size: 8.5pt; font-family: Verdana, 'sans-serif'; color: #000000;\">18 mm<\/span><\/p>\n<\/td>\n<td style=\"border: dashed #BBBBBB 1pt; padding: 0.75pt 0.75pt 0.75pt 0.75pt; height: 9.7pt;\">\n<p class=\"MsoNormal\" style=\"margin-bottom: 0.0001pt; text-align: center; line-height: normal;\" align=\"center\"><span style=\"font-size: 8.5pt; font-family: Verdana, 'sans-serif'; color: #000000;\">4500<\/span><\/p>\n<\/td>\n<td style=\"border: dashed #BBBBBB 1pt; padding: 0.75pt 0.75pt 0.75pt 0.75pt; height: 9.7pt;\">\n<p class=\"MsoNormal\" style=\"margin-bottom: 0.0001pt; text-align: center; line-height: normal;\" align=\"center\"><span style=\"font-size: 8.5pt; font-family: Verdana, 'sans-serif'; color: #000000;\">15,00<\/span><\/p>\n<\/td>\n<\/tr>\n<tr style=\"height: 10.45pt;\">\n<td style=\"border: dashed #BBBBBB 1pt; background: #D9D9D9; padding: 0.75pt 0.75pt 0.75pt 0.75pt; height: 10.45pt;\">\n<p class=\"MsoNormal\" style=\"margin-bottom: 0.0001pt; text-align: center; line-height: normal;\" align=\"center\"><span style=\"font-size: 8.5pt; font-family: Verdana, 'sans-serif'; color: #000000;\">20 mm<\/span><\/p>\n<\/td>\n<td style=\"border: dashed #BBBBBB 1pt; background: #D9D9D9; padding: 0.75pt 0.75pt 0.75pt 0.75pt; height: 10.45pt;\">\n<p class=\"MsoNormal\" style=\"margin-bottom: 0.0001pt; text-align: center; line-height: normal;\" align=\"center\"><span style=\"font-size: 8.5pt; font-family: Verdana, 'sans-serif'; color: #000000;\">5500<\/span><\/p>\n<\/td>\n<td style=\"border: dashed #BBBBBB 1pt; background: #D9D9D9; padding: 0.75pt 0.75pt 0.75pt 0.75pt; height: 10.45pt;\">\n<p class=\"MsoNormal\" style=\"margin-bottom: 0.0001pt; text-align: center; line-height: normal;\" align=\"center\"><span style=\"font-size: 8.5pt; font-family: Verdana, 'sans-serif'; color: #000000;\">18,00<\/span><\/p>\n<\/td>\n<\/tr>\n<\/tbody>\n<\/table>","protected":false},"excerpt":{"rendered":"<p>COMPOSICI\u00d3N: Fibra 100 % sint\u00e9tica de multifilamento de polipropileno imitaci\u00f3n al color c\u00e1\u00f1amo. CARACTER\u00cdSTICAS: Maroma de polipropileno alta tenacidad, resistente al agua, al roce y a la flexi\u00f3n, posee flotabilidad, nula absorci\u00f3n al agua, m\u00ednima elasticidad, suave al tacto y ligero, con tratamiento U.V. UTILIDADES: Decoraci\u00f3n, transportes, ganader\u00eda, agricultura, pesca, construcci\u00f3n, n\u00e1utica (cabo de amarre, [&hellip;]<\/p>","protected":false},"featured_media":2057,"template":"","meta":[],"product_brand":[],"product_cat":[970,965,1244,1059,967,1323,1106,986],"product_tag":[],"class_list":{"0":"post-2061","1":"product","2":"type-product","3":"status-publish","4":"has-post-thumbnail","6":"product_cat-cordeleria","7":"product_cat-ferreteria","8":"product_cat-meollar-4-cordones-imitacion-canamo","9":"product_cat-polipropileno-cordeleria","10":"product_cat-nautica","11":"product_cat-meollar-4-cordones-imitacion-canamo-polipropileno-cordeleria","12":"product_cat-polipropileno-cordeleria-nautica-nautica","13":"product_cat-cordeleria-nautica","14":"pa_diametro-4mm","15":"pa_diametro-6mm","16":"pa_diametro-8mm","17":"pa_diametro-10mm","18":"pa_diametro-12mm","19":"pa_diametro-14mm","20":"pa_diametro-16mm","21":"pa_diametro-18mm","22":"pa_diametro-20mm","23":"pa_metraje-100m","24":"pa_metraje-200m","26":"first","27":"instock","28":"sale","29":"taxable","30":"shipping-taxable","31":"purchasable","32":"product-type-variable"},"tiered_pricing_type":"fixed","tiered_pricing_fixed_rules":[],"tiered_pricing_product_settings":{"layout":"default","base_unit_name":{"singular":null,"plural":null},"default_variation":null},"tiered_pricing_minimum_quantity":null,"tiered_pricing_roles_data":[],"tiered_pricing_percentage_rules":[],"_links":{"self":[{"href":"https:\/\/hilaturasegea.com\/fr\/wp-json\/wp\/v2\/product\/2061","targetHints":{"allow":["GET"]}}],"collection":[{"href":"https:\/\/hilaturasegea.com\/fr\/wp-json\/wp\/v2\/product"}],"about":[{"href":"https:\/\/hilaturasegea.com\/fr\/wp-json\/wp\/v2\/types\/product"}],"wp:featuredmedia":[{"embeddable":true,"href":"https:\/\/hilaturasegea.com\/fr\/wp-json\/wp\/v2\/media\/2057"}],"wp:attachment":[{"href":"https:\/\/hilaturasegea.com\/fr\/wp-json\/wp\/v2\/media?parent=2061"}],"wp:term":[{"taxonomy":"product_brand","embeddable":true,"href":"https:\/\/hilaturasegea.com\/fr\/wp-json\/wp\/v2\/product_brand?post=2061"},{"taxonomy":"product_cat","embeddable":true,"href":"https:\/\/hilaturasegea.com\/fr\/wp-json\/wp\/v2\/product_cat?post=2061"},{"taxonomy":"product_tag","embeddable":true,"href":"https:\/\/hilaturasegea.com\/fr\/wp-json\/wp\/v2\/product_tag?post=2061"}],"curies":[{"name":"wp","href":"https:\/\/api.w.org\/{rel}","templated":true}]}}