{"id":2109,"date":"2019-10-30T15:09:33","date_gmt":"2019-10-30T15:09:33","guid":{"rendered":"https:\/\/hilaturasegea.com\/index.php\/producto\/rafia-hilo-de-paqueteria\/"},"modified":"2025-06-13T12:31:45","modified_gmt":"2025-06-13T10:31:45","slug":"rafia-hilo-de-paqueteria","status":"publish","type":"product","link":"https:\/\/hilaturasegea.com\/fr\/produit\/rafia-hilo-de-paqueteria\/","title":{"rendered":"Raphia \/ Fil d&#039;emballage"},"content":{"rendered":"<p><em>Autres r\u00e9f\u00e9rences, s\u00e9quences et couleurs Consultez !<\/em><\/p>\n<p><strong>COMPOSITION:<\/strong> Fibre synth\u00e9tique 100%. Raphia en polypropyl\u00e8ne.<\/p>\n<p><strong>CARACT\u00c9RISTIQUES:<\/strong> Il manque d&#039;\u00e9lasticit\u00e9. Il est flottant. Il est conforme aux directives europ\u00e9ennes concernant les produits en contact avec les aliments.<\/p>\n<p><strong>SERVICES PUBLICS :<\/strong> Emballage, artisanat, \u00e9tiquettes, agriculture, jardinage, floriculture, p\u00e9pini\u00e8res, bricolage, jouets, etc.<\/p>\n<table class=\"MsoNormalTable\" style=\"width: 203.45pt; border: 1pt solid; margin-left: auto; margin-right: auto;\" border=\"1\" width=\"271\" cellpadding=\"0\">\n<thead>\n<tr style=\"height: 20.25pt;\">\n<td style=\"border: dashed #BBBBBB 1pt; background: #C6D9F1; padding: 0.75pt 0.75pt 0.75pt 0.75pt; height: 20.25pt;\">\n<p class=\"MsoNormal\" style=\"margin-bottom: 0.0001pt; text-align: center; line-height: normal;\" align=\"center\"><b><span style=\"font-size: 8.5pt; font-family: Verdana, 'sans-serif';\">R\u00e9f\u00e9rence<\/span><\/b><\/p>\n<\/td>\n<td style=\"border: dashed #BBBBBB 1pt; background: #C6D9F1; padding: 0.75pt 0.75pt 0.75pt 0.75pt; height: 20.25pt;\">\n<p class=\"MsoNormal\" style=\"margin-bottom: 0.0001pt; text-align: center; line-height: normal;\" align=\"center\"><b><span style=\"font-size: 8.5pt; font-family: Verdana, 'sans-serif';\">Charge de rupture<br \/>\nEnviron (kg)<\/span><\/b><\/p>\n<\/td>\n<\/tr>\n<\/thead>\n<tbody>\n<tr style=\"height: 11.25pt;\">\n<td style=\"border: dashed #BBBBBB 1pt; background: #D9D9D9; padding: 0.75pt 0.75pt 0.75pt 0.75pt; height: 11.25pt;\">\n<p class=\"MsoNormal\" style=\"margin-bottom: 0.0001pt; text-align: center; line-height: normal;\" align=\"center\"><span style=\"font-size: 8.5pt; font-family: Verdana, 'sans-serif';\">T\/100<\/span><\/p>\n<\/td>\n<td style=\"border: dashed #BBBBBB 1pt; background: #D9D9D9; padding: 0.75pt 0.75pt 0.75pt 0.75pt; height: 11.25pt;\">\n<p class=\"MsoNormal\" style=\"margin-bottom: 0.0001pt; text-align: center; line-height: normal;\" align=\"center\"><span style=\"font-size: 8.5pt; font-family: Verdana, 'sans-serif';\">320<\/span><\/p>\n<\/td>\n<\/tr>\n<tr style=\"height: 10.5pt;\">\n<td style=\"border: dashed #BBBBBB 1pt; padding: 0.75pt 0.75pt 0.75pt 0.75pt; height: 10.5pt;\">\n<p class=\"MsoNormal\" style=\"margin-bottom: 0.0001pt; text-align: center; line-height: normal;\" align=\"center\"><span style=\"font-size: 8.5pt; font-family: Verdana, 'sans-serif';\">T\/150<\/span><\/p>\n<\/td>\n<td style=\"border: dashed #BBBBBB 1pt; padding: 0.75pt 0.75pt 0.75pt 0.75pt; height: 10.5pt;\">\n<p class=\"MsoNormal\" style=\"margin-bottom: 0.0001pt; text-align: center; line-height: normal;\" align=\"center\"><span style=\"font-size: 8.5pt; font-family: Verdana, 'sans-serif';\">295<\/span><\/p>\n<\/td>\n<\/tr>\n<tr style=\"height: 11.25pt;\">\n<td style=\"border: dashed #BBBBBB 1pt; background: #D9D9D9; padding: 0.75pt 0.75pt 0.75pt 0.75pt; height: 11.25pt;\">\n<p class=\"MsoNormal\" style=\"margin-bottom: 0.0001pt; text-align: center; line-height: normal;\" align=\"center\"><span style=\"font-size: 8.5pt; font-family: Verdana, 'sans-serif';\">T\/300<\/span><\/p>\n<\/td>\n<td style=\"border: dashed #BBBBBB 1pt; background: #D9D9D9; padding: 0.75pt 0.75pt 0.75pt 0.75pt; height: 11.25pt;\">\n<p class=\"MsoNormal\" style=\"margin-bottom: 0.0001pt; text-align: center; line-height: normal;\" align=\"center\"><span style=\"font-size: 8.5pt; font-family: Verdana, 'sans-serif';\">110<\/span><\/p>\n<\/td>\n<\/tr>\n<tr style=\"height: 10.5pt;\">\n<td style=\"border: dashed #BBBBBB 1pt; padding: 0.75pt 0.75pt 0.75pt 0.75pt; height: 10.5pt;\">\n<p class=\"MsoNormal\" style=\"margin-bottom: 0.0001pt; text-align: center; line-height: normal;\" align=\"center\"><span style=\"font-size: 8.5pt; font-family: Verdana, 'sans-serif';\">T\/600<\/span><\/p>\n<\/td>\n<td style=\"border: dashed #BBBBBB 1pt; padding: 0.75pt 0.75pt 0.75pt 0.75pt; height: 10.5pt;\">\n<p class=\"MsoNormal\" style=\"margin-bottom: 0.0001pt; text-align: center; line-height: normal;\" align=\"center\"><span style=\"font-size: 8.5pt; font-family: Verdana, 'sans-serif';\">60<\/span><\/p>\n<\/td>\n<\/tr>\n<tr style=\"height: 11.25pt;\">\n<td style=\"border: dashed #BBBBBB 1pt; background: #D9D9D9; padding: 0.75pt 0.75pt 0.75pt 0.75pt; height: 11.25pt;\">\n<p class=\"MsoNormal\" style=\"margin-bottom: 0.0001pt; text-align: center; line-height: normal;\" align=\"center\"><span style=\"font-size: 8.5pt; font-family: Verdana, 'sans-serif';\">T\/900<\/span><\/p>\n<\/td>\n<td style=\"border: dashed #BBBBBB 1pt; background: #D9D9D9; padding: 0.75pt 0.75pt 0.75pt 0.75pt; height: 11.25pt;\">\n<p class=\"MsoNormal\" style=\"margin-bottom: 0.0001pt; text-align: center; line-height: normal;\" align=\"center\"><span style=\"font-size: 8.5pt; font-family: Verdana, 'sans-serif';\">40<\/span><\/p>\n<\/td>\n<\/tr>\n<tr style=\"height: 10.5pt;\">\n<td style=\"border: dashed #BBBBBB 1pt; padding: 0.75pt 0.75pt 0.75pt 0.75pt; height: 10.5pt;\">\n<p class=\"MsoNormal\" style=\"margin-bottom: 0.0001pt; text-align: center; line-height: normal;\" align=\"center\"><span style=\"font-size: 8.5pt; font-family: Verdana, 'sans-serif'; color: #000000;\">T\/1200<\/span><\/p>\n<\/td>\n<td style=\"border: dashed #BBBBBB 1pt; padding: 0.75pt 0.75pt 0.75pt 0.75pt; height: 10.5pt;\">\n<p class=\"MsoNormal\" style=\"margin-bottom: 0.0001pt; text-align: center; line-height: normal;\" align=\"center\">\n<\/td>\n<\/tr>\n<\/tbody>\n<\/table>","protected":false},"excerpt":{"rendered":"<p>Otras referencias, metrajes y colores \u00a1Consultar! COMPOSICI\u00d3N: Fibra sint\u00e9tica 100%. Rafia de polipropileno. CARACTER\u00cdSTICAS: Carece de elasticidad. Posee flotabilidad. Cumplen con las directivas europeas en relaci\u00f3n con productos en contacto con alimentos. UTILIDADES: Paqueter\u00eda, manualidades, etiquetas, agricultura, jardiner\u00eda, floricultura, viveros, bricolaje, jugueter\u00eda, etc. Referencia Carga Rotura Aprox. (kg) T\/100 320 T\/150 295 T\/300 110 T\/600 [&hellip;]<\/p>","protected":false},"featured_media":2085,"template":"","meta":[],"product_brand":[],"product_cat":[970,965,1060,1314],"product_tag":[],"class_list":{"0":"post-2109","1":"product","2":"type-product","3":"status-publish","4":"has-post-thumbnail","6":"product_cat-cordeleria","7":"product_cat-ferreteria","8":"product_cat-rafia","9":"product_cat-hilo-de-paqueteria","10":"pa_color-amarillo","11":"pa_color-azul","12":"pa_color-blanco","13":"pa_color-naranja","14":"pa_color-negro","15":"pa_color-rojo","16":"pa_color-verde","17":"pa_presentacion-350g","18":"pa_presentacion-400g","19":"pa_presentacion-700g","20":"pa_presentacion-2000g","21":"pa_presentacion-5000g","22":"pa_referencia-t100","23":"pa_referencia-t150","24":"pa_referencia-t300","25":"pa_referencia-t600","26":"pa_referencia-t900","27":"pa_referencia-t1200","29":"first","30":"instock","31":"sale","32":"taxable","33":"shipping-taxable","34":"purchasable","35":"product-type-variable"},"tiered_pricing_type":"fixed","tiered_pricing_fixed_rules":[],"tiered_pricing_product_settings":{"layout":"default","base_unit_name":{"singular":null,"plural":null},"default_variation":null},"tiered_pricing_minimum_quantity":null,"tiered_pricing_roles_data":[],"tiered_pricing_percentage_rules":[],"_links":{"self":[{"href":"https:\/\/hilaturasegea.com\/fr\/wp-json\/wp\/v2\/product\/2109","targetHints":{"allow":["GET"]}}],"collection":[{"href":"https:\/\/hilaturasegea.com\/fr\/wp-json\/wp\/v2\/product"}],"about":[{"href":"https:\/\/hilaturasegea.com\/fr\/wp-json\/wp\/v2\/types\/product"}],"wp:featuredmedia":[{"embeddable":true,"href":"https:\/\/hilaturasegea.com\/fr\/wp-json\/wp\/v2\/media\/2085"}],"wp:attachment":[{"href":"https:\/\/hilaturasegea.com\/fr\/wp-json\/wp\/v2\/media?parent=2109"}],"wp:term":[{"taxonomy":"product_brand","embeddable":true,"href":"https:\/\/hilaturasegea.com\/fr\/wp-json\/wp\/v2\/product_brand?post=2109"},{"taxonomy":"product_cat","embeddable":true,"href":"https:\/\/hilaturasegea.com\/fr\/wp-json\/wp\/v2\/product_cat?post=2109"},{"taxonomy":"product_tag","embeddable":true,"href":"https:\/\/hilaturasegea.com\/fr\/wp-json\/wp\/v2\/product_tag?post=2109"}],"curies":[{"name":"wp","href":"https:\/\/api.w.org\/{rel}","templated":true}]}}