{"id":2139,"date":"2019-10-30T15:11:47","date_gmt":"2019-10-30T15:11:47","guid":{"rendered":"https:\/\/hilaturasegea.com\/index.php\/producto\/rafia-pasacables\/"},"modified":"2025-06-13T12:31:24","modified_gmt":"2025-06-13T10:31:24","slug":"rafia-pasacables","status":"publish","type":"product","link":"https:\/\/hilaturasegea.com\/fr\/produit\/rafia-pasacables\/","title":{"rendered":"Raphia \/ Presse-\u00e9toupes"},"content":{"rendered":"<p><strong>COMPOSITION:<\/strong> Fibre synth\u00e9tique 100%. Raphia en polypropyl\u00e8ne.<\/p>\n<p><strong>CARACT\u00c9RISTIQUES:<\/strong> Manque d&#039;\u00e9lasticit\u00e9. Trait\u00e9 anti-UV. R\u00e9sistant au gel et \u00e0 l&#039;humidit\u00e9.<\/p>\n<p><strong>SERVICES PUBLICS :<\/strong> Fil guide pour le passage de tous types de c\u00e2bles dans les regards, les sous-conduits souterrains, les canaux a\u00e9riens, etc.<\/p>\n<p style=\"text-align: center;\"><img fetchpriority=\"high\" decoding=\"async\" class=\"size-full wp-image-2137\" src=\"https:\/\/hilaturasegea.com\/wp-content\/uploads\/2019\/10\/PAGINA-23.jpg\" alt=\"\" width=\"509\" height=\"348\" srcset=\"https:\/\/hilaturasegea.com\/wp-content\/uploads\/2019\/10\/PAGINA-23.jpg 509w, https:\/\/hilaturasegea.com\/wp-content\/uploads\/2019\/10\/PAGINA-23-300x205.jpg 300w\" sizes=\"(max-width: 509px) 100vw, 509px\" \/><\/p>\n<table class=\"MsoNormalTable\" style=\"width: 150.2pt; border: 1pt solid; margin-left: auto; margin-right: auto;\" border=\"1\" width=\"200\" cellpadding=\"0\">\n<thead>\n<tr style=\"height: 19.6pt;\">\n<td style=\"border: dashed #BBBBBB 1pt; background: #C6D9F1; padding: 0.75pt 0.75pt 0.75pt 0.75pt; height: 19.6pt;\">\n<p class=\"MsoNormal\" style=\"margin-bottom: 0.0001pt; text-align: center; line-height: normal;\" align=\"center\"><b><span style=\"font-size: 8.5pt; font-family: Verdana, 'sans-serif'; color: #000000;\">R\u00e9f\u00e9rence<\/span><\/b><\/p>\n<p>&nbsp;<\/td>\n<td style=\"border: dashed #BBBBBB 1pt; background: #C6D9F1; padding: 0.75pt 0.75pt 0.75pt 0.75pt; height: 19.6pt;\">\n<p class=\"MsoNormal\" style=\"margin-bottom: 0.0001pt; text-align: center; line-height: normal;\" align=\"center\"><b><span style=\"font-size: 8.5pt; font-family: Verdana, 'sans-serif'; color: #000000;\">Compteurs<br \/>\nBobine<\/span><\/b><\/p>\n<p>&nbsp;<\/td>\n<\/tr>\n<\/thead>\n<tbody>\n<tr style=\"height: 9.1pt;\">\n<td style=\"border: dashed #BBBBBB 1pt; background: #D9D9D9; padding: 0.75pt 0.75pt 0.75pt 0.75pt; height: 9.1pt;\">\n<p class=\"MsoNormal\" style=\"margin-bottom: 0.0001pt; text-align: center; line-height: normal;\" align=\"center\"><span style=\"font-size: 8.5pt; font-family: Verdana, 'sans-serif'; color: #000000;\">Guide 1 cape<\/span><\/p>\n<\/td>\n<td style=\"border: dashed #BBBBBB 1pt; background: #D9D9D9; padding: 0.75pt 0.75pt 0.75pt 0.75pt; height: 9.1pt;\">\n<p class=\"MsoNormal\" style=\"margin-bottom: 0.0001pt; text-align: center; line-height: normal;\" align=\"center\"><span style=\"font-size: 8.5pt; font-family: Verdana, 'sans-serif'; color: #000000;\">1300<\/span><\/p>\n<\/td>\n<\/tr>\n<tr style=\"height: 9.8pt;\">\n<td style=\"border: dashed #BBBBBB 1pt; padding: 0.75pt 0.75pt 0.75pt 0.75pt; height: 9.8pt;\">\n<p class=\"MsoNormal\" style=\"margin-bottom: 0.0001pt; text-align: center; line-height: normal;\" align=\"center\"><span style=\"font-size: 8.5pt; font-family: Verdana, 'sans-serif'; color: #000000;\">Guide \u00e0 3 c\u00e2bles<\/span><\/p>\n<\/td>\n<td style=\"border: dashed #BBBBBB 1pt; padding: 0.75pt 0.75pt 0.75pt 0.75pt; height: 9.8pt;\">\n<p class=\"MsoNormal\" style=\"margin-bottom: 0.0001pt; text-align: center; line-height: normal;\" align=\"center\"><span style=\"font-size: 8.5pt; font-family: Verdana, 'sans-serif'; color: #000000;\">500<\/span><\/p>\n<\/td>\n<\/tr>\n<\/tbody>\n<\/table>","protected":false},"excerpt":{"rendered":"<p>COMPOSICI\u00d3N: Fibra sint\u00e9tica 100%. Rafia de polipropileno. CARACTER\u00cdSTICAS: Carece de elasticidad. Tratado contra rayos ultravioleta. Resistencia a las heladas y humedad. UTILIDADES: Hilo gu\u00eda para pasar todo tipo de cables por arquetas, subconductos subterr\u00e1neos, canaletas a\u00e9reas, etc. Referencia &nbsp; Metros Bobina &nbsp; Gu\u00eda 1 cabo 1300 Gu\u00eda 3 cabos 500<\/p>","protected":false},"featured_media":2131,"template":"","meta":[],"product_brand":[],"product_cat":[970,965,1060,1324],"product_tag":[],"class_list":{"0":"post-2139","1":"product","2":"type-product","3":"status-publish","4":"has-post-thumbnail","6":"product_cat-cordeleria","7":"product_cat-ferreteria","8":"product_cat-rafia","9":"product_cat-pasacables","10":"pa_color-negro","11":"pa_diametro-3mm","12":"pa_diametro-5mm","13":"pa_referencia-guia1cabo","14":"pa_referencia-guia3cabos","16":"first","17":"instock","18":"sale","19":"taxable","20":"shipping-taxable","21":"purchasable","22":"product-type-variable"},"tiered_pricing_type":"fixed","tiered_pricing_fixed_rules":[],"tiered_pricing_product_settings":{"layout":"default","base_unit_name":{"singular":null,"plural":null},"default_variation":null},"tiered_pricing_minimum_quantity":null,"tiered_pricing_roles_data":[],"tiered_pricing_percentage_rules":[],"_links":{"self":[{"href":"https:\/\/hilaturasegea.com\/fr\/wp-json\/wp\/v2\/product\/2139","targetHints":{"allow":["GET"]}}],"collection":[{"href":"https:\/\/hilaturasegea.com\/fr\/wp-json\/wp\/v2\/product"}],"about":[{"href":"https:\/\/hilaturasegea.com\/fr\/wp-json\/wp\/v2\/types\/product"}],"wp:featuredmedia":[{"embeddable":true,"href":"https:\/\/hilaturasegea.com\/fr\/wp-json\/wp\/v2\/media\/2131"}],"wp:attachment":[{"href":"https:\/\/hilaturasegea.com\/fr\/wp-json\/wp\/v2\/media?parent=2139"}],"wp:term":[{"taxonomy":"product_brand","embeddable":true,"href":"https:\/\/hilaturasegea.com\/fr\/wp-json\/wp\/v2\/product_brand?post=2139"},{"taxonomy":"product_cat","embeddable":true,"href":"https:\/\/hilaturasegea.com\/fr\/wp-json\/wp\/v2\/product_cat?post=2139"},{"taxonomy":"product_tag","embeddable":true,"href":"https:\/\/hilaturasegea.com\/fr\/wp-json\/wp\/v2\/product_tag?post=2139"}],"curies":[{"name":"wp","href":"https:\/\/api.w.org\/{rel}","templated":true}]}}