{"id":2146,"date":"2019-10-30T15:12:51","date_gmt":"2019-10-30T15:12:51","guid":{"rendered":"https:\/\/hilaturasegea.com\/index.php\/producto\/rafia-hilo-agricola-y-cinta-cortada\/"},"modified":"2025-06-13T12:31:08","modified_gmt":"2025-06-13T10:31:08","slug":"rafia-hilo-agricola-y-cinta-cortada","status":"publish","type":"product","link":"https:\/\/hilaturasegea.com\/fr\/produit\/rafia-hilo-agricola-y-cinta-cortada\/","title":{"rendered":"Ruban coup\u00e9 en raphia \/ fil agricole"},"content":{"rendered":"<p><em>Autres pr\u00e9sentations Consultez! <\/em><\/p>\n<p><strong>COMPOSITION:<\/strong> Fibre synth\u00e9tique 100%. Raphia en polypropyl\u00e8ne.<\/p>\n<p><strong>CARACT\u00c9RISTIQUES:<\/strong> Manque d&#039;\u00e9lasticit\u00e9. Trait\u00e9 anti-UV. R\u00e9sistant au gel et \u00e0 l&#039;humidit\u00e9.<\/p>\n<p>RUBAN NOIR FIBRILL\u00c9 : Usage agricole, serres, p\u00e9pini\u00e8res, bricolage, agriculture, etc.<\/p>","protected":false},"excerpt":{"rendered":"<p>Otras presentaciones \u00a1Consultar! COMPOSICI\u00d3N: Fibra sint\u00e9tica 100%. Rafia de polipropileno. CARACTER\u00cdSTICAS: Carece de elasticidad. Tratado contra rayos ultravioleta. Resistencia a las heladas y humedad. CINTA NEGRA FIBRILADA: Uso agr\u00edcola, invernaderos, viveros, bricolaje, agricultura, etc.<\/p>","protected":false},"featured_media":2142,"template":"","meta":[],"product_brand":[],"product_cat":[970,965,1183,1060],"product_tag":[],"class_list":{"0":"post-2146","1":"product","2":"type-product","3":"status-publish","4":"has-post-thumbnail","6":"product_cat-cordeleria","7":"product_cat-ferreteria","8":"product_cat-hilo-agricolas-cinta-cortada-rafia","9":"product_cat-rafia","10":"pa_coloragricola-negro","11":"pa_coloragricola-verdina","12":"pa_medidacorte-0_40m","13":"pa_medidacorte-0_50m","14":"pa_medidacorte-0_60m","15":"pa_medidacorte-0_70m","16":"pa_medidacorte-0_80m","17":"pa_pesobobinaagricola-300g","18":"pa_pesobobinaagricola-1kg","19":"pa_pesobobinaagricola-2kg","20":"pa_pesobobinaagricola-5kg","21":"pa_pesopaquete-12_5kg","22":"pa_pesopaquete-17kg","23":"pa_pesopaquete-17_5kg","24":"pa_pesopaquete-21kg","25":"pa_pesopaquete-24kg","26":"pa_presentacionagricola-bobina","27":"pa_presentacionagricola-cortada","28":"pa_referenciaagricola-rafiacinta","30":"first","31":"instock","32":"sale","33":"taxable","34":"shipping-taxable","35":"purchasable","36":"product-type-variable"},"tiered_pricing_type":"fixed","tiered_pricing_fixed_rules":[],"tiered_pricing_product_settings":{"layout":"default","base_unit_name":{"singular":null,"plural":null},"default_variation":null},"tiered_pricing_minimum_quantity":null,"tiered_pricing_roles_data":[],"tiered_pricing_percentage_rules":[],"_links":{"self":[{"href":"https:\/\/hilaturasegea.com\/fr\/wp-json\/wp\/v2\/product\/2146","targetHints":{"allow":["GET"]}}],"collection":[{"href":"https:\/\/hilaturasegea.com\/fr\/wp-json\/wp\/v2\/product"}],"about":[{"href":"https:\/\/hilaturasegea.com\/fr\/wp-json\/wp\/v2\/types\/product"}],"wp:featuredmedia":[{"embeddable":true,"href":"https:\/\/hilaturasegea.com\/fr\/wp-json\/wp\/v2\/media\/2142"}],"wp:attachment":[{"href":"https:\/\/hilaturasegea.com\/fr\/wp-json\/wp\/v2\/media?parent=2146"}],"wp:term":[{"taxonomy":"product_brand","embeddable":true,"href":"https:\/\/hilaturasegea.com\/fr\/wp-json\/wp\/v2\/product_brand?post=2146"},{"taxonomy":"product_cat","embeddable":true,"href":"https:\/\/hilaturasegea.com\/fr\/wp-json\/wp\/v2\/product_cat?post=2146"},{"taxonomy":"product_tag","embeddable":true,"href":"https:\/\/hilaturasegea.com\/fr\/wp-json\/wp\/v2\/product_tag?post=2146"}],"curies":[{"name":"wp","href":"https:\/\/api.w.org\/{rel}","templated":true}]}}