{"id":2378,"date":"2019-10-30T15:24:58","date_gmt":"2019-10-30T15:24:58","guid":{"rendered":"https:\/\/hilaturasegea.com\/index.php\/producto\/polietileno-macarron-tubo-de-atar\/"},"modified":"2025-06-13T12:27:17","modified_gmt":"2025-06-13T10:27:17","slug":"polietileno-macarron-tubo-de-atar","status":"publish","type":"product","link":"https:\/\/hilaturasegea.com\/fr\/produit\/polietileno-macarron-tubo-de-atar\/","title":{"rendered":"Tube de serrage en poly\u00e9thyl\u00e8ne \/ macaroni"},"content":{"rendered":"<p><strong>COMPOSITION:<\/strong> Poly\u00e9thyl\u00e8ne.<\/p>\n<p><strong>CARACT\u00c9RISTIQUES:<\/strong> Le macaroni, creux \u00e0 l&#039;int\u00e9rieur, est \u00e9lastique et peut \u00eatre attach\u00e9 solidement \u00e0 tous types d&#039;arbres fruitiers, de vignes et de plantes ornementales (le lien grandit avec l&#039;arbre). Il flotte. Fabriqu\u00e9 en bobine enroul\u00e9e en croix et film\u00e9e, le tube peut \u00eatre d\u00e9roul\u00e9 de l&#039;int\u00e9rieur ou de l&#039;ext\u00e9rieur de la bobine. Il ne glisse pas sur le fer.<\/p>\n<p><strong>SERVICES PUBLICS :<\/strong> Jardinage, p\u00e9pini\u00e8res, serres, vignes apr\u00e8s taille, bricolage, agriculture, applications multiples, etc.<\/p>","protected":false},"excerpt":{"rendered":"<p>COMPOSICI\u00d3N: Polietileno. CARACTER\u00cdSTICAS: Macarr\u00f3n, hueco en su interior, posee elasticidad y su atado lo realiza con firmeza, a todo tipo de \u00e1rboles frutales, vi\u00f1as, plantas omamentales (la atadura crece con el \u00e1rbol). Posee flotabilidad. Fabricado en bobina cruzada y retractilada, lo que permite que el tubo podamos desenrollar por el interior o exterior de la [&hellip;]<\/p>","protected":false},"featured_media":2374,"template":"","meta":[],"product_brand":[],"product_cat":[970,965,1058,1318],"product_tag":[],"class_list":{"0":"post-2378","1":"product","2":"type-product","3":"status-publish","4":"has-post-thumbnail","6":"product_cat-cordeleria","7":"product_cat-ferreteria","8":"product_cat-polietileno-cordeleria","9":"product_cat-macarron-tubo-de-atar","10":"pa_color-verde","11":"pa_diametro-3mm","12":"pa_diametro-4mm","13":"pa_diametro-6mm","14":"pa_metraje-60m","15":"pa_metraje-110m","16":"pa_metraje-145m","17":"pa_presentacion-bobina","19":"first","20":"instock","21":"sale","22":"taxable","23":"shipping-taxable","24":"purchasable","25":"product-type-variable"},"tiered_pricing_type":"fixed","tiered_pricing_fixed_rules":[],"tiered_pricing_product_settings":{"layout":"default","base_unit_name":{"singular":null,"plural":null},"default_variation":null},"tiered_pricing_minimum_quantity":null,"tiered_pricing_roles_data":[],"tiered_pricing_percentage_rules":[],"_links":{"self":[{"href":"https:\/\/hilaturasegea.com\/fr\/wp-json\/wp\/v2\/product\/2378","targetHints":{"allow":["GET"]}}],"collection":[{"href":"https:\/\/hilaturasegea.com\/fr\/wp-json\/wp\/v2\/product"}],"about":[{"href":"https:\/\/hilaturasegea.com\/fr\/wp-json\/wp\/v2\/types\/product"}],"wp:featuredmedia":[{"embeddable":true,"href":"https:\/\/hilaturasegea.com\/fr\/wp-json\/wp\/v2\/media\/2374"}],"wp:attachment":[{"href":"https:\/\/hilaturasegea.com\/fr\/wp-json\/wp\/v2\/media?parent=2378"}],"wp:term":[{"taxonomy":"product_brand","embeddable":true,"href":"https:\/\/hilaturasegea.com\/fr\/wp-json\/wp\/v2\/product_brand?post=2378"},{"taxonomy":"product_cat","embeddable":true,"href":"https:\/\/hilaturasegea.com\/fr\/wp-json\/wp\/v2\/product_cat?post=2378"},{"taxonomy":"product_tag","embeddable":true,"href":"https:\/\/hilaturasegea.com\/fr\/wp-json\/wp\/v2\/product_tag?post=2378"}],"curies":[{"name":"wp","href":"https:\/\/api.w.org\/{rel}","templated":true}]}}