{"id":2388,"date":"2019-10-30T15:26:04","date_gmt":"2019-10-30T15:26:04","guid":{"rendered":"https:\/\/hilaturasegea.com\/index.php\/producto\/polietileno-malla\/"},"modified":"2025-06-13T12:26:47","modified_gmt":"2025-06-13T10:26:47","slug":"polietileno-malla","status":"publish","type":"product","link":"https:\/\/hilaturasegea.com\/fr\/produit\/polietileno-malla\/","title":{"rendered":"Poly\u00e9thyl\u00e8ne \/ Maille"},"content":{"rendered":"<p><strong>COMPOSITION:<\/strong> Maille tiss\u00e9e en fibre synth\u00e9tique 100 %.<\/p>\n<p><strong>SERVICES PUBLICS :<\/strong> Filets pour citrons, oranges, pommes de terre, escargots, palourdes, noix, ch\u00e2taignes, jouets, applications multiples, etc.<\/p>\n<table class=\"MsoNormalTable\" style=\"width: 166.2pt; border: 1pt solid; margin-left: auto; margin-right: auto;\" border=\"1\" width=\"222\" cellpadding=\"0\">\n<thead>\n<tr>\n<td style=\"width: 64.7pt; border: dashed #BBBBBB 1pt; background: #C6D9F1; padding: 0.75pt 0.75pt 0.75pt 0.75pt;\" width=\"86\">\n<p class=\"MsoNormal\" style=\"margin-bottom: 0.0001pt; text-align: center; line-height: normal;\" align=\"center\"><b><span style=\"font-size: 8.5pt; font-family: Verdana, 'sans-serif'; color: #000000;\">Carr\u00e9<br \/>\nMaille (mm)<\/span><\/b><\/p>\n<\/td>\n<td style=\"width: 97pt; border: dashed #BBBBBB 1pt; background: #C6D9F1; padding: 0.75pt 0.75pt 0.75pt 0.75pt;\" width=\"129\">\n<p class=\"MsoNormal\" style=\"margin-bottom: 0.0001pt; text-align: center; line-height: normal;\" align=\"center\"><b><span style=\"font-size: 8.5pt; font-family: Verdana, 'sans-serif'; color: #000000;\">Longueur<br \/>\n\u00c9tir\u00e9 (mm)<\/span><\/b><\/p>\n<\/td>\n<\/tr>\n<\/thead>\n<tbody>\n<tr>\n<td style=\"width: 64.7pt; border: dashed #BBBBBB 1pt; background: #D9D9D9; padding: 0.75pt 0.75pt 0.75pt 0.75pt;\" width=\"86\">\n<p class=\"MsoNormal\" style=\"margin-bottom: 0.0001pt; text-align: center; line-height: normal;\" align=\"center\"><span style=\"font-size: 8.5pt; font-family: Verdana, 'sans-serif'; color: #000000;\">5<\/span><\/p>\n<\/td>\n<td style=\"width: 97pt; border: dashed #BBBBBB 1pt; background: #D9D9D9; padding: 0.75pt 0.75pt 0.75pt 0.75pt;\" width=\"129\">\n<p class=\"MsoNormal\" style=\"margin-bottom: 0.0001pt; text-align: center; line-height: normal;\" align=\"center\"><span style=\"font-size: 8.5pt; font-family: Verdana, 'sans-serif'; color: #000000;\">380<\/span><\/p>\n<\/td>\n<\/tr>\n<\/tbody>\n<\/table>","protected":false},"excerpt":{"rendered":"<p>COMPOSICI\u00d3N: Fibra 100 % sint\u00e9tica malla tejida. UTILIDADES: Mallas para limones, naranjas, patatas, caracoles, almejas, nueces, casta\u00f1as, jugueter\u00eda, m\u00faltiples aplicaciones, etc. Cuadrado Malla (mm) Longitud Estirada (mm) 5 380<\/p>","protected":false},"featured_media":2382,"template":"","meta":[],"product_brand":[],"product_cat":[970,965,1240,1058,967,1325,1103,986],"product_tag":[],"class_list":{"0":"post-2388","1":"product","2":"type-product","3":"status-publish","4":"has-post-thumbnail","6":"product_cat-cordeleria","7":"product_cat-ferreteria","8":"product_cat-malla","9":"product_cat-polietileno-cordeleria","10":"product_cat-nautica","11":"product_cat-malla-polietileno-cordeleria","12":"product_cat-polietileno-cordeleria-nautica-nautica","13":"product_cat-cordeleria-nautica","14":"pa_color-amarillo","15":"pa_color-rojo","16":"pa_metraje-1000m","18":"first","19":"instock","20":"sale","21":"taxable","22":"shipping-taxable","23":"purchasable","24":"product-type-variable"},"tiered_pricing_type":"fixed","tiered_pricing_fixed_rules":[],"tiered_pricing_product_settings":{"layout":"default","base_unit_name":{"singular":null,"plural":null},"default_variation":null},"tiered_pricing_minimum_quantity":null,"tiered_pricing_roles_data":[],"tiered_pricing_percentage_rules":[],"_links":{"self":[{"href":"https:\/\/hilaturasegea.com\/fr\/wp-json\/wp\/v2\/product\/2388","targetHints":{"allow":["GET"]}}],"collection":[{"href":"https:\/\/hilaturasegea.com\/fr\/wp-json\/wp\/v2\/product"}],"about":[{"href":"https:\/\/hilaturasegea.com\/fr\/wp-json\/wp\/v2\/types\/product"}],"wp:featuredmedia":[{"embeddable":true,"href":"https:\/\/hilaturasegea.com\/fr\/wp-json\/wp\/v2\/media\/2382"}],"wp:attachment":[{"href":"https:\/\/hilaturasegea.com\/fr\/wp-json\/wp\/v2\/media?parent=2388"}],"wp:term":[{"taxonomy":"product_brand","embeddable":true,"href":"https:\/\/hilaturasegea.com\/fr\/wp-json\/wp\/v2\/product_brand?post=2388"},{"taxonomy":"product_cat","embeddable":true,"href":"https:\/\/hilaturasegea.com\/fr\/wp-json\/wp\/v2\/product_cat?post=2388"},{"taxonomy":"product_tag","embeddable":true,"href":"https:\/\/hilaturasegea.com\/fr\/wp-json\/wp\/v2\/product_tag?post=2388"}],"curies":[{"name":"wp","href":"https:\/\/api.w.org\/{rel}","templated":true}]}}