{"id":2408,"date":"2019-10-30T15:29:06","date_gmt":"2019-10-30T15:29:06","guid":{"rendered":"https:\/\/hilaturasegea.com\/index.php\/producto\/algodon-trenzado-crudo-cuerda-antiestatica\/"},"modified":"2025-06-13T12:25:32","modified_gmt":"2025-06-13T10:25:32","slug":"algodon-trenzado-crudo-cuerda-antiestatica","status":"publish","type":"product","link":"https:\/\/hilaturasegea.com\/fr\/produit\/algodon-trenzado-crudo-cuerda-antiestatica\/","title":{"rendered":"Corde en coton \/ tress\u00e9e brute \/ antistatique"},"content":{"rendered":"<p><strong>COMPOSITION:<\/strong> Le coton est une fibre naturelle, \u00e9cologique et biod\u00e9gradable.<\/p>\n<p><strong>CARACT\u00c9RISTIQUES:<\/strong> Tress\u00e9 avec un noyau \u00e0 l&#039;int\u00e9rieur pour obtenir l&#039;\u00e9paisseur souhait\u00e9e, une sensation douce et flexible, une faible \u00e9lasticit\u00e9 et un nouage s\u00e9curis\u00e9.<\/p>\n<p><strong>SERVICES PUBLICS :<\/strong> Selon l&#039;\u00e9paisseur, la d\u00e9coration, les jouets, les stores, les auvents, le b\u00e9tail, le d\u00e9m\u00e9nagement, les fils \u00e0 plomb, l&#039;artisanat du hamac, les sacs, les jardini\u00e8res suspendues, l&#039;emballage non lubrifi\u00e9, le nautique (corde), etc.<\/p>\n<p><strong>CORDE ANTISTATIQUE :<\/strong> Tresse sp\u00e9ciale pour pr\u00e9l\u00e8vement sur navires, r\u00e9servoirs, d\u00e9p\u00f4ts p\u00e9troliers et autres d\u00e9riv\u00e9s.<\/p>\n<table class=\"MsoNormalTable\" style=\"width: 164.75pt; border: 1pt solid; margin-left: auto; margin-right: auto;\" border=\"1\" width=\"220\" cellpadding=\"0\">\n<thead>\n<tr style=\"height: 20.3pt;\">\n<td style=\"width: 54.55pt; border: dashed #BBBBBB 1pt; background: #C6D9F1; padding: 0.75pt 0.75pt 0.75pt 0.75pt; height: 20.3pt;\" width=\"73\">\n<p class=\"MsoNormal\" style=\"margin-bottom: 0.0001pt; text-align: center; line-height: normal;\" align=\"center\"><b><span style=\"font-size: 8.5pt; font-family: Verdana, 'sans-serif'; color: #000000;\">Diam\u00e8tre<\/span><\/b><\/p>\n<\/td>\n<td style=\"width: 105.7pt; border: dashed #BBBBBB 1pt; background: #C6D9F1; padding: 0.75pt 0.75pt 0.75pt 0.75pt; height: 20.3pt;\" width=\"141\">\n<p class=\"MsoNormal\" style=\"margin-bottom: 0.0001pt; text-align: center; line-height: normal;\" align=\"center\"><b><span style=\"font-size: 8.5pt; font-family: Verdana, 'sans-serif'; color: #000000;\">Poids approximatif kg\/100 m<\/span><\/b><\/p>\n<\/td>\n<\/tr>\n<\/thead>\n<tbody>\n<tr style=\"height: 10.15pt;\">\n<td style=\"width: 54.55pt; border: dashed #BBBBBB 1pt; background: #D9D9D9; padding: 0.75pt 0.75pt 0.75pt 0.75pt; height: 10.15pt;\" width=\"73\">\n<p class=\"MsoNormal\" style=\"margin-bottom: 0.0001pt; text-align: center; line-height: normal;\" align=\"center\"><span style=\"font-size: 8.5pt; font-family: Verdana, 'sans-serif'; color: #000000;\">4 mm<\/span><\/p>\n<\/td>\n<td style=\"width: 105.7pt; border: dashed #BBBBBB 1pt; background: #D9D9D9; padding: 0.75pt 0.75pt 0.75pt 0.75pt; height: 10.15pt;\" width=\"141\">\n<p class=\"MsoNormal\" style=\"margin-bottom: 0.0001pt; text-align: center; line-height: normal;\" align=\"center\"><span style=\"font-size: 8.5pt; font-family: Verdana, 'sans-serif'; color: #000000;\">0,90<\/span><\/p>\n<\/td>\n<\/tr>\n<tr style=\"height: 10.9pt;\">\n<td style=\"width: 54.55pt; border: dashed #BBBBBB 1pt; padding: 0.75pt 0.75pt 0.75pt 0.75pt; height: 10.9pt;\" width=\"73\">\n<p class=\"MsoNormal\" style=\"margin-bottom: 0.0001pt; text-align: center; line-height: normal;\" align=\"center\"><span style=\"font-size: 8.5pt; font-family: Verdana, 'sans-serif'; color: #000000;\">5 mm<\/span><\/p>\n<\/td>\n<td style=\"width: 105.7pt; border: dashed #BBBBBB 1pt; padding: 0.75pt 0.75pt 0.75pt 0.75pt; height: 10.9pt;\" width=\"141\">\n<p class=\"MsoNormal\" style=\"margin-bottom: 0.0001pt; text-align: center; line-height: normal;\" align=\"center\"><span style=\"font-size: 8.5pt; font-family: Verdana, 'sans-serif'; color: #000000;\">1,35<\/span><\/p>\n<\/td>\n<\/tr>\n<tr style=\"height: 10.15pt;\">\n<td style=\"width: 54.55pt; border: dashed #BBBBBB 1pt; background: #D9D9D9; padding: 0.75pt 0.75pt 0.75pt 0.75pt; height: 10.15pt;\" width=\"73\">\n<p class=\"MsoNormal\" style=\"margin-bottom: 0.0001pt; text-align: center; line-height: normal;\" align=\"center\"><span style=\"font-size: 8.5pt; font-family: Verdana, 'sans-serif'; color: #000000;\">6 mm<\/span><\/p>\n<\/td>\n<td style=\"width: 105.7pt; border: dashed #BBBBBB 1pt; background: #D9D9D9; padding: 0.75pt 0.75pt 0.75pt 0.75pt; height: 10.15pt;\" width=\"141\">\n<p class=\"MsoNormal\" style=\"margin-bottom: 0.0001pt; text-align: center; line-height: normal;\" align=\"center\"><span style=\"font-size: 8.5pt; font-family: Verdana, 'sans-serif'; color: #000000;\">2,00<\/span><\/p>\n<\/td>\n<\/tr>\n<tr style=\"height: 10.15pt;\">\n<td style=\"width: 54.55pt; border: dashed #BBBBBB 1pt; padding: 0.75pt 0.75pt 0.75pt 0.75pt; height: 10.15pt;\" width=\"73\">\n<p class=\"MsoNormal\" style=\"margin-bottom: 0.0001pt; text-align: center; line-height: normal;\" align=\"center\"><span style=\"font-size: 8.5pt; font-family: Verdana, 'sans-serif'; color: #000000;\">8 mm<\/span><\/p>\n<\/td>\n<td style=\"width: 105.7pt; border: dashed #BBBBBB 1pt; padding: 0.75pt 0.75pt 0.75pt 0.75pt; height: 10.15pt;\" width=\"141\">\n<p class=\"MsoNormal\" style=\"margin-bottom: 0.0001pt; text-align: center; line-height: normal;\" align=\"center\"><span style=\"font-size: 8.5pt; font-family: Verdana, 'sans-serif'; color: #000000;\">3,40<\/span><\/p>\n<\/td>\n<\/tr>\n<tr style=\"height: 10.9pt;\">\n<td style=\"width: 54.55pt; border: dashed #BBBBBB 1pt; background: #D9D9D9; padding: 0.75pt 0.75pt 0.75pt 0.75pt; height: 10.9pt;\" width=\"73\">\n<p class=\"MsoNormal\" style=\"margin-bottom: 0.0001pt; text-align: center; line-height: normal;\" align=\"center\"><span style=\"font-size: 8.5pt; font-family: Verdana, 'sans-serif'; color: #000000;\">10 mm<\/span><\/p>\n<\/td>\n<td style=\"width: 105.7pt; border: dashed #BBBBBB 1pt; background: #D9D9D9; padding: 0.75pt 0.75pt 0.75pt 0.75pt; height: 10.9pt;\" width=\"141\">\n<p class=\"MsoNormal\" style=\"margin-bottom: 0.0001pt; text-align: center; line-height: normal;\" align=\"center\"><span style=\"font-size: 8.5pt; font-family: Verdana, 'sans-serif'; color: #000000;\">6,00<\/span><\/p>\n<\/td>\n<\/tr>\n<tr style=\"height: 10.15pt;\">\n<td style=\"width: 54.55pt; border: dashed #BBBBBB 1pt; padding: 0.75pt 0.75pt 0.75pt 0.75pt; height: 10.15pt;\" width=\"73\">\n<p class=\"MsoNormal\" style=\"margin-bottom: 0.0001pt; text-align: center; line-height: normal;\" align=\"center\"><span style=\"font-size: 8.5pt; font-family: Verdana, 'sans-serif'; color: #000000;\">12 mm<\/span><\/p>\n<\/td>\n<td style=\"width: 105.7pt; border: dashed #BBBBBB 1pt; padding: 0.75pt 0.75pt 0.75pt 0.75pt; height: 10.15pt;\" width=\"141\">\n<p class=\"MsoNormal\" style=\"margin-bottom: 0.0001pt; text-align: center; line-height: normal;\" align=\"center\"><span style=\"font-size: 8.5pt; font-family: Verdana, 'sans-serif'; color: #000000;\">8,00<\/span><\/p>\n<\/td>\n<\/tr>\n<tr style=\"height: 10.9pt;\">\n<td style=\"width: 54.55pt; border: dashed #BBBBBB 1pt; background: #D9D9D9; padding: 0.75pt 0.75pt 0.75pt 0.75pt; height: 10.9pt;\" width=\"73\">\n<p class=\"MsoNormal\" style=\"margin-bottom: 0.0001pt; text-align: center; line-height: normal;\" align=\"center\"><span style=\"font-size: 8.5pt; font-family: Verdana, 'sans-serif'; color: #000000;\">14 mm<\/span><\/p>\n<\/td>\n<td style=\"width: 105.7pt; border: dashed #BBBBBB 1pt; background: #D9D9D9; padding: 0.75pt 0.75pt 0.75pt 0.75pt; height: 10.9pt;\" width=\"141\">\n<p class=\"MsoNormal\" style=\"margin-bottom: 0.0001pt; text-align: center; line-height: normal;\" align=\"center\"><span style=\"font-size: 8.5pt; font-family: Verdana, 'sans-serif'; color: #000000;\">11,00<\/span><\/p>\n<\/td>\n<\/tr>\n<tr style=\"height: 10.15pt;\">\n<td style=\"width: 54.55pt; border: dashed #BBBBBB 1pt; padding: 0.75pt 0.75pt 0.75pt 0.75pt; height: 10.15pt;\" width=\"73\">\n<p class=\"MsoNormal\" style=\"margin-bottom: 0.0001pt; text-align: center; line-height: normal;\" align=\"center\"><span style=\"font-size: 8.5pt; font-family: Verdana, 'sans-serif'; color: #000000;\">16 mm<\/span><\/p>\n<\/td>\n<td style=\"width: 105.7pt; border: dashed #BBBBBB 1pt; padding: 0.75pt 0.75pt 0.75pt 0.75pt; height: 10.15pt;\" width=\"141\">\n<p class=\"MsoNormal\" style=\"margin-bottom: 0.0001pt; text-align: center; line-height: normal;\" align=\"center\"><span style=\"font-size: 8.5pt; font-family: Verdana, 'sans-serif'; color: #000000;\">13,80<\/span><\/p>\n<\/td>\n<\/tr>\n<tr style=\"height: 10.9pt;\">\n<td style=\"width: 54.55pt; border: dashed #BBBBBB 1pt; background: #D9D9D9; padding: 0.75pt 0.75pt 0.75pt 0.75pt; height: 10.9pt;\" width=\"73\">\n<p class=\"MsoNormal\" style=\"margin-bottom: 0.0001pt; text-align: center; line-height: normal;\" align=\"center\"><span style=\"font-size: 8.5pt; font-family: Verdana, 'sans-serif'; color: #000000;\">18 mm<\/span><\/p>\n<\/td>\n<td style=\"width: 105.7pt; border: dashed #BBBBBB 1pt; background: #D9D9D9; padding: 0.75pt 0.75pt 0.75pt 0.75pt; height: 10.9pt;\" width=\"141\">\n<p class=\"MsoNormal\" style=\"margin-bottom: 0.0001pt; text-align: center; line-height: normal;\" align=\"center\"><span style=\"font-size: 8.5pt; font-family: Verdana, 'sans-serif'; color: #000000;\">19,00<\/span><\/p>\n<\/td>\n<\/tr>\n<tr style=\"height: 10.15pt;\">\n<td style=\"width: 54.55pt; border: dashed #BBBBBB 1pt; padding: 0.75pt 0.75pt 0.75pt 0.75pt; height: 10.15pt;\" width=\"73\">\n<p class=\"MsoNormal\" style=\"margin-bottom: 0.0001pt; text-align: center; line-height: normal;\" align=\"center\"><span style=\"font-size: 8.5pt; font-family: Verdana, 'sans-serif'; color: #000000;\">20 mm<\/span><\/p>\n<\/td>\n<td style=\"width: 105.7pt; border: dashed #BBBBBB 1pt; padding: 0.75pt 0.75pt 0.75pt 0.75pt; height: 10.15pt;\" width=\"141\">\n<p class=\"MsoNormal\" style=\"margin-bottom: 0.0001pt; text-align: center; line-height: normal;\" align=\"center\"><span style=\"font-size: 8.5pt; font-family: Verdana, 'sans-serif'; color: #000000;\">23,00<\/span><\/p>\n<\/td>\n<\/tr>\n<\/tbody>\n<\/table>","protected":false},"excerpt":{"rendered":"<p>COMPOSICI\u00d3N: Algod\u00f3n fibra natural, ecol\u00f3gica y biodegradable. CARACTER\u00cdSTICAS: Trenzado con alma en su interior para conseguir el grosor deseado, tacto suave, flexible, escasa elasticidad y seguridad en el nudo. UTILIDADES: Seg\u00fan grosor, decoraci\u00f3n, jugueter\u00eda, persianas, toldos, ganader\u00eda, mudanzas, plomada, manualidades en hamacas, bolsos, maceteros colgantes, empaquetadura sin lubricar, n\u00e1utica (cabo), etc. CUERDA ANTIEST\u00c1TICA: Trenzado especial [&hellip;]<\/p>","protected":false},"featured_media":2404,"template":"","meta":[],"product_brand":[],"product_cat":[988,1033,970,965,1218,967,1326,986],"product_tag":[],"class_list":{"0":"post-2408","1":"product","2":"type-product","3":"status-publish","4":"has-post-thumbnail","6":"product_cat-algodon","7":"product_cat-algodon-cordeleria-nautica","8":"product_cat-cordeleria","9":"product_cat-ferreteria","10":"product_cat-trenzado-crudocuerda-antiestatica","11":"product_cat-nautica","12":"product_cat-trenzado-crudocuerda-antiestatica-algodon","13":"product_cat-cordeleria-nautica","14":"pa_diametro-4mm","15":"pa_diametro-5mm","16":"pa_diametro-6mm","17":"pa_diametro-8mm","18":"pa_diametro-10mm","19":"pa_diametro-12mm","20":"pa_diametro-14mm","21":"pa_diametro-16mm","22":"pa_diametro-18mm","23":"pa_diametro-20mm","24":"pa_metraje-100m","25":"pa_presentacion-bobina","26":"pa_presentacion-carrete","28":"first","29":"instock","30":"sale","31":"taxable","32":"shipping-taxable","33":"purchasable","34":"product-type-variable"},"tiered_pricing_type":"fixed","tiered_pricing_fixed_rules":[],"tiered_pricing_product_settings":{"layout":"default","base_unit_name":{"singular":null,"plural":null},"default_variation":null},"tiered_pricing_minimum_quantity":null,"tiered_pricing_roles_data":[],"tiered_pricing_percentage_rules":[],"_links":{"self":[{"href":"https:\/\/hilaturasegea.com\/fr\/wp-json\/wp\/v2\/product\/2408","targetHints":{"allow":["GET"]}}],"collection":[{"href":"https:\/\/hilaturasegea.com\/fr\/wp-json\/wp\/v2\/product"}],"about":[{"href":"https:\/\/hilaturasegea.com\/fr\/wp-json\/wp\/v2\/types\/product"}],"wp:featuredmedia":[{"embeddable":true,"href":"https:\/\/hilaturasegea.com\/fr\/wp-json\/wp\/v2\/media\/2404"}],"wp:attachment":[{"href":"https:\/\/hilaturasegea.com\/fr\/wp-json\/wp\/v2\/media?parent=2408"}],"wp:term":[{"taxonomy":"product_brand","embeddable":true,"href":"https:\/\/hilaturasegea.com\/fr\/wp-json\/wp\/v2\/product_brand?post=2408"},{"taxonomy":"product_cat","embeddable":true,"href":"https:\/\/hilaturasegea.com\/fr\/wp-json\/wp\/v2\/product_cat?post=2408"},{"taxonomy":"product_tag","embeddable":true,"href":"https:\/\/hilaturasegea.com\/fr\/wp-json\/wp\/v2\/product_tag?post=2408"}],"curies":[{"name":"wp","href":"https:\/\/api.w.org\/{rel}","templated":true}]}}