{"id":2439,"date":"2019-10-30T15:32:45","date_gmt":"2019-10-30T15:32:45","guid":{"rendered":"https:\/\/hilaturasegea.com\/index.php\/producto\/esparto\/"},"modified":"2025-05-19T18:03:03","modified_gmt":"2025-05-19T16:03:03","slug":"esparto","status":"publish","type":"product","link":"https:\/\/hilaturasegea.com\/fr\/produit\/esparto\/","title":{"rendered":"Sparte \/ Branche brute \u2013 Rigide"},"content":{"rendered":"<p>Sparte, fibre 100% v\u00e9g\u00e9tale, \u00e9cologique et biod\u00e9gradable.<\/p>\n<p><strong>Brut:<\/strong> L&#039;alfa, constitu\u00e9 de filaments rigides et ronds r\u00e9colt\u00e9s dans les montagnes et pr\u00e9alablement a\u00e9r\u00e9s, est utilis\u00e9 pour fabriquer des pleitas, des tapettes \u00e0 mouches, etc.<\/p>\n<p><strong>PR\u00c9SENTATION:<\/strong> 1 paquet \/ 12 bottes = 9 \u00e0 10 kg\/environ.<\/p>","protected":false},"excerpt":{"rendered":"<p>Esparto, fibra 100 % vegetal, ecol\u00f3gica y biodegradable. En rama: Esparto de filamentos r\u00edgidos y redondos recogidos del monte, previo oreado, es utilizado para la confecci\u00f3n de pleitas, matamoscas, etc. PRESENTACI\u00d3N: 1 paquete \/ 12 Manojos = 9 a 10 kg\/aprox.<\/p>","protected":false},"featured_media":2437,"template":"","meta":[],"product_brand":[],"product_cat":[970,991,965,1327],"product_tag":[],"class_list":{"0":"post-2439","1":"product","2":"type-product","3":"status-publish","4":"has-post-thumbnail","6":"product_cat-cordeleria","7":"product_cat-esparto","8":"product_cat-ferreteria","9":"product_cat-rama-crudo","10":"pa_pack-25unidades","12":"first","13":"instock","14":"sale","15":"taxable","16":"shipping-taxable","17":"purchasable","18":"product-type-variable","19":"has-default-attributes"},"tiered_pricing_type":"fixed","tiered_pricing_fixed_rules":[],"tiered_pricing_product_settings":{"layout":"default","base_unit_name":{"singular":null,"plural":null},"default_variation":null},"tiered_pricing_minimum_quantity":null,"tiered_pricing_roles_data":[],"tiered_pricing_percentage_rules":[],"_links":{"self":[{"href":"https:\/\/hilaturasegea.com\/fr\/wp-json\/wp\/v2\/product\/2439","targetHints":{"allow":["GET"]}}],"collection":[{"href":"https:\/\/hilaturasegea.com\/fr\/wp-json\/wp\/v2\/product"}],"about":[{"href":"https:\/\/hilaturasegea.com\/fr\/wp-json\/wp\/v2\/types\/product"}],"wp:featuredmedia":[{"embeddable":true,"href":"https:\/\/hilaturasegea.com\/fr\/wp-json\/wp\/v2\/media\/2437"}],"wp:attachment":[{"href":"https:\/\/hilaturasegea.com\/fr\/wp-json\/wp\/v2\/media?parent=2439"}],"wp:term":[{"taxonomy":"product_brand","embeddable":true,"href":"https:\/\/hilaturasegea.com\/fr\/wp-json\/wp\/v2\/product_brand?post=2439"},{"taxonomy":"product_cat","embeddable":true,"href":"https:\/\/hilaturasegea.com\/fr\/wp-json\/wp\/v2\/product_cat?post=2439"},{"taxonomy":"product_tag","embeddable":true,"href":"https:\/\/hilaturasegea.com\/fr\/wp-json\/wp\/v2\/product_tag?post=2439"}],"curies":[{"name":"wp","href":"https:\/\/api.w.org\/{rel}","templated":true}]}}