{"id":2443,"date":"2019-10-30T15:34:11","date_gmt":"2019-10-30T15:34:11","guid":{"rendered":"https:\/\/hilaturasegea.com\/index.php\/producto\/tejido-de-yute-arpillera\/"},"modified":"2025-06-13T12:23:57","modified_gmt":"2025-06-13T10:23:57","slug":"tejido-de-yute-arpillera","status":"publish","type":"product","link":"https:\/\/hilaturasegea.com\/fr\/produit\/tejido-de-yute-arpillera\/","title":{"rendered":"Tissu en jute \/ toile de jute"},"content":{"rendered":"<p><em>Autres images Consultez ! <\/em><\/p>\n<p><strong>COMPOSITION:<\/strong> 100 % fibre de jute v\u00e9g\u00e9tale, \u00e9cologique et biod\u00e9gradable. Tissu taffetas.<\/p>\n<p><strong>CARACT\u00c9RISTIQUES:<\/strong> Tissu conventionnel \u00e0 l&#039;aspect extr\u00eamement rustique.<\/p>\n<p><strong>SERVICES PUBLICS :<\/strong> Fleuristes, tapissiers, filtres de construction dans les pi\u00e8ces forg\u00e9es pour retenir l&#039;humidit\u00e9, isolation contre les chocs et acoustiques, sacs, sachets, d\u00e9coration textile, dans l&#039;agriculture pour envelopper les racines et les graines lors de leur transplantation afin de retenir l&#039;humidit\u00e9, emballages m\u00e9talliques, etc.<\/p>\n<p><strong>PR\u00c9SENTATION:<\/strong> 100 m<\/p>\n<table class=\"MsoNormalTable\" style=\"width: 211.6pt; border: 1pt solid; margin-left: auto; margin-right: auto;\" border=\"1\" width=\"282\" cellpadding=\"0\">\n<thead>\n<tr style=\"height: 9.75pt;\">\n<td style=\"border: dashed #BBBBBB 1pt; background: #C6D9F1; padding: .75pt .75pt .75pt .75pt; height: 9.75pt;\">\n<p class=\"MsoNormal\" style=\"margin-bottom: .0001pt; text-align: center; line-height: normal;\" align=\"center\"><b><span style=\"font-size: 8.5pt; font-family: Verdana, 'sans-serif'; color: #000000;\">\u00c9tendue<\/span><\/b><\/p>\n<p>&nbsp;<\/td>\n<td style=\"border: dashed #BBBBBB 1pt; background: #C6D9F1; padding: .75pt .75pt .75pt .75pt; height: 9.75pt;\">\n<p class=\"MsoNormal\" style=\"margin-bottom: .0001pt; text-align: center; line-height: normal;\" align=\"center\"><b><span style=\"font-size: 8.5pt; font-family: Verdana, 'sans-serif'; color: #000000;\">g\/m2<\/span><\/b><\/p>\n<p>&nbsp;<\/td>\n<td style=\"border: dashed #BBBBBB 1pt; background: #C6D9F1; padding: .75pt .75pt .75pt .75pt; height: 9.75pt;\">\n<p class=\"MsoNormal\" style=\"margin-bottom: .0001pt; text-align: center; line-height: normal;\" align=\"center\"><b><span style=\"font-size: 8.5pt; font-family: Verdana, 'sans-serif'; color: #000000;\">Tissu<\/span><\/b><\/p>\n<p>&nbsp;<\/td>\n<\/tr>\n<\/thead>\n<tbody>\n<tr style=\"height: 9.75pt;\">\n<td style=\"border: dashed #BBBBBB 1pt; background: #D9D9D9; padding: .75pt .75pt .75pt .75pt; height: 9.75pt;\">\n<p class=\"MsoNormal\" style=\"margin-bottom: .0001pt; text-align: center; line-height: normal;\" align=\"center\"><span style=\"font-size: 8.5pt; font-family: Verdana, 'sans-serif'; color: #000000;\">1 x 100 m<\/span><\/p>\n<\/td>\n<td style=\"border: dashed #BBBBBB 1pt; background: #D9D9D9; padding: .75pt .75pt .75pt .75pt; height: 9.75pt;\">\n<p class=\"MsoNormal\" style=\"margin-bottom: .0001pt; text-align: center; line-height: normal;\" align=\"center\"><span style=\"font-size: 8.5pt; font-family: Verdana, 'sans-serif'; color: #000000;\">150<\/span><\/p>\n<\/td>\n<td style=\"border: dashed #BBBBBB 1pt; background: #D9D9D9; padding: .75pt .75pt .75pt .75pt; height: 9.75pt;\">\n<p class=\"MsoNormal\" style=\"margin-bottom: .0001pt; text-align: center; line-height: normal;\" align=\"center\"><span style=\"font-size: 8.5pt; font-family: Verdana, 'sans-serif'; color: #000000;\">24 x 24<\/span><\/p>\n<\/td>\n<\/tr>\n<tr style=\"height: 9pt;\">\n<td style=\"border: dashed #BBBBBB 1pt; padding: .75pt .75pt .75pt .75pt; height: 9pt;\">\n<p class=\"MsoNormal\" style=\"margin-bottom: .0001pt; text-align: center; line-height: normal;\" align=\"center\"><span style=\"font-size: 8.5pt; font-family: Verdana, 'sans-serif'; color: #000000;\">1 x 100 m<\/span><\/p>\n<\/td>\n<td style=\"border: dashed #BBBBBB 1pt; padding: .75pt .75pt .75pt .75pt; height: 9pt;\">\n<p class=\"MsoNormal\" style=\"margin-bottom: .0001pt; text-align: center; line-height: normal;\" align=\"center\"><span style=\"font-size: 8.5pt; font-family: Verdana, 'sans-serif'; color: #000000;\">250<\/span><\/p>\n<\/td>\n<td style=\"border: dashed #BBBBBB 1pt; padding: .75pt .75pt .75pt .75pt; height: 9pt;\">\n<p class=\"MsoNormal\" style=\"margin-bottom: .0001pt; text-align: center; line-height: normal;\" align=\"center\"><span style=\"font-size: 8.5pt; font-family: Verdana, 'sans-serif'; color: #000000;\">40 x 36<\/span><\/p>\n<\/td>\n<\/tr>\n<tr style=\"height: 9.75pt;\">\n<td style=\"border: dashed #BBBBBB 1pt; background: #D9D9D9; padding: .75pt .75pt .75pt .75pt; height: 9.75pt;\">\n<p class=\"MsoNormal\" style=\"margin-bottom: .0001pt; text-align: center; line-height: normal;\" align=\"center\"><span style=\"font-size: 8.5pt; font-family: Verdana, 'sans-serif'; color: #000000;\">1 x 100 m<\/span><\/p>\n<\/td>\n<td style=\"border: dashed #BBBBBB 1pt; background: #D9D9D9; padding: .75pt .75pt .75pt .75pt; height: 9.75pt;\">\n<p class=\"MsoNormal\" style=\"margin-bottom: .0001pt; text-align: center; line-height: normal;\" align=\"center\"><span style=\"font-size: 8.5pt; font-family: Verdana, 'sans-serif'; color: #000000;\">315<\/span><\/p>\n<\/td>\n<td style=\"border: dashed #BBBBBB 1pt; background: #D9D9D9; padding: .75pt .75pt .75pt .75pt; height: 9.75pt;\">\n<p class=\"MsoNormal\" style=\"margin-bottom: .0001pt; text-align: center; line-height: normal;\" align=\"center\"><span style=\"font-size: 8.5pt; font-family: Verdana, 'sans-serif'; color: #000000;\">60 x 54<\/span><\/p>\n<\/td>\n<\/tr>\n<\/tbody>\n<\/table>","protected":false},"excerpt":{"rendered":"<p>Otros metrajes \u00a1Consultar! COMPOSICI\u00d3N: Fibra de yute 100 % vegetal, ecol\u00f3gica y biodegradable. Tejido tafet\u00e1n. CARACTER\u00cdSTICAS: Tejido convencional de aspecto extremadamente r\u00fastico. UTILIDADES: Florister\u00edas, tapicer\u00edas, filtros en la construcci\u00f3n en los forjados para aguantar la humedad, aislamiento de impacto y ac\u00fastico, bolsos, sacos, decoraci\u00f3n textil, en agricultura para envolver la ra\u00edces y semillas cuando son [&hellip;]<\/p>","protected":false},"featured_media":2441,"template":"","meta":[],"product_brand":[],"product_cat":[970,965,1150,1062],"product_tag":[],"class_list":{"0":"post-2443","1":"product","2":"type-product","3":"status-publish","4":"has-post-thumbnail","6":"product_cat-cordeleria","7":"product_cat-ferreteria","8":"product_cat-tejido-arpillera","9":"product_cat-yute-cordeleria","10":"pa_medida-1mx100m","11":"pa_tejido-24x24","12":"pa_tejido-40x36","13":"pa_tejido-60x54","15":"first","16":"instock","17":"sale","18":"taxable","19":"shipping-taxable","20":"purchasable","21":"product-type-variable"},"tiered_pricing_type":"fixed","tiered_pricing_fixed_rules":[],"tiered_pricing_product_settings":{"layout":"default","base_unit_name":{"singular":null,"plural":null},"default_variation":null},"tiered_pricing_minimum_quantity":null,"tiered_pricing_roles_data":[],"tiered_pricing_percentage_rules":[],"_links":{"self":[{"href":"https:\/\/hilaturasegea.com\/fr\/wp-json\/wp\/v2\/product\/2443","targetHints":{"allow":["GET"]}}],"collection":[{"href":"https:\/\/hilaturasegea.com\/fr\/wp-json\/wp\/v2\/product"}],"about":[{"href":"https:\/\/hilaturasegea.com\/fr\/wp-json\/wp\/v2\/types\/product"}],"wp:featuredmedia":[{"embeddable":true,"href":"https:\/\/hilaturasegea.com\/fr\/wp-json\/wp\/v2\/media\/2441"}],"wp:attachment":[{"href":"https:\/\/hilaturasegea.com\/fr\/wp-json\/wp\/v2\/media?parent=2443"}],"wp:term":[{"taxonomy":"product_brand","embeddable":true,"href":"https:\/\/hilaturasegea.com\/fr\/wp-json\/wp\/v2\/product_brand?post=2443"},{"taxonomy":"product_cat","embeddable":true,"href":"https:\/\/hilaturasegea.com\/fr\/wp-json\/wp\/v2\/product_cat?post=2443"},{"taxonomy":"product_tag","embeddable":true,"href":"https:\/\/hilaturasegea.com\/fr\/wp-json\/wp\/v2\/product_tag?post=2443"}],"curies":[{"name":"wp","href":"https:\/\/api.w.org\/{rel}","templated":true}]}}