{"id":2606,"date":"2019-10-30T15:42:51","date_gmt":"2019-10-30T15:42:51","guid":{"rendered":"https:\/\/hilaturasegea.com\/index.php\/producto\/poliester-trenado-hilo-replanteoatirantar\/"},"modified":"2025-06-13T12:02:54","modified_gmt":"2025-06-13T10:02:54","slug":"poliester-trenado-hilo-replanteoatirantar","status":"publish","type":"product","link":"https:\/\/hilaturasegea.com\/fr\/produit\/poliester-trenado-hilo-replanteoatirantar\/","title":{"rendered":"Tige de tuteurage\/tirant en polyester\/fil tress\u00e9 8840 \u2013 8841 \u2013 8842 \u2013 8843"},"content":{"rendered":"<p><em>CINTRE (EN OPTION)<\/em><\/p>\n<p><strong>COMPOSITION:<\/strong> Tresse polyester haute t\u00e9nacit\u00e9 100 %.<\/p>\n<p><strong>CARACT\u00c9RISTIQUES:<\/strong> \u00c9lasticit\u00e9 minimale, haute r\u00e9sistance aux frottements et \u00e0 la traction. Ne se d\u00e9t\u00e9riore pas dans l&#039;eau. Doux et flexible au toucher.<\/p>\n<p><strong>SERVICES PUBLICS :<\/strong> Effets navals, en construction pour r\u00e8gles et fils \u00e0 plomb, en camping pour brise-vent sur tentes, emballages, jouets, filets de sport, applications multiples, etc.<\/p>\n<table class=\"MsoNormalTable\" style=\"width: 239pt; border: 1pt solid; margin-left: auto; margin-right: auto;\" border=\"1\" width=\"319\" cellpadding=\"0\">\n<thead>\n<tr>\n<td style=\"width: 71.65pt; border: dashed #BBBBBB 1pt; background: #C6D9F1; padding: 0.75pt 0.75pt 0.75pt 0.75pt;\" width=\"96\">\n<p class=\"MsoNormal\" style=\"margin-bottom: 0.0001pt; text-align: center; line-height: normal;\" align=\"center\"><b><span style=\"font-size: 8.5pt; font-family: Verdana, 'sans-serif';\">R\u00e9f\u00e9rence<\/span><\/b><\/p>\n<\/td>\n<td style=\"width: 83.55pt; border: dashed #BBBBBB 1pt; background: #C6D9F1; padding: 0.75pt 0.75pt 0.75pt 0.75pt;\" width=\"111\">\n<p class=\"MsoNormal\" style=\"margin-bottom: 0.0001pt; text-align: center; line-height: normal;\" align=\"center\"><b><span style=\"font-size: 8.5pt; font-family: Verdana, 'sans-serif';\">Diam\u00e8tre<\/span><\/b><\/p>\n<\/td>\n<td style=\"width: 77.8pt; border: dashed #BBBBBB 1pt; background: #C6D9F1; padding: 0.75pt 0.75pt 0.75pt 0.75pt;\" width=\"104\">\n<p class=\"MsoNormal\" style=\"margin-bottom: 0.0001pt; text-align: center; line-height: normal;\" align=\"center\"><b><span style=\"font-size: 8.5pt; font-family: Verdana, 'sans-serif';\">Charge de rupture<br \/>\nEnviron (kg)<\/span><\/b><\/p>\n<\/td>\n<\/tr>\n<\/thead>\n<tbody>\n<tr>\n<td style=\"width: 71.65pt; border: dashed #BBBBBB 1pt; background: #D9D9D9; padding: 0.75pt 0.75pt 0.75pt 0.75pt;\" valign=\"top\" width=\"96\">\n<p class=\"MsoNormal\" style=\"margin-bottom: 0.0001pt; text-align: center; line-height: normal;\" align=\"center\"><span style=\"font-size: 8.5pt; font-family: Verdana, 'sans-serif';\">8840<\/span><\/p>\n<\/td>\n<td style=\"width: 83.55pt; border: dashed #BBBBBB 1pt; background: #D9D9D9; padding: 0.75pt 0.75pt 0.75pt 0.75pt;\" width=\"111\">\n<p class=\"MsoNormal\" style=\"margin-bottom: 0.0001pt; text-align: center; line-height: normal;\" align=\"center\"><span style=\"font-size: 8.5pt; font-family: Verdana, 'sans-serif';\">1,3 mm<\/span><\/p>\n<\/td>\n<td style=\"width: 77.8pt; border: dashed #BBBBBB 1pt; background: #D9D9D9; padding: 0.75pt 0.75pt 0.75pt 0.75pt;\" width=\"104\">\n<p class=\"MsoNormal\" style=\"margin-bottom: 0.0001pt; text-align: center; line-height: normal;\" align=\"center\"><span style=\"font-size: 8.5pt; font-family: Verdana, 'sans-serif';\">32<\/span><\/p>\n<\/td>\n<\/tr>\n<tr>\n<td style=\"width: 71.65pt; border: dashed #BBBBBB 1pt; padding: 0.75pt 0.75pt 0.75pt 0.75pt;\" valign=\"top\" width=\"96\">\n<p class=\"MsoNormal\" style=\"margin-bottom: 0.0001pt; text-align: center; line-height: normal;\" align=\"center\"><span style=\"font-size: 8.5pt; font-family: Verdana, 'sans-serif';\">8841<\/span><\/p>\n<\/td>\n<td style=\"width: 83.55pt; border: dashed #BBBBBB 1pt; padding: 0.75pt 0.75pt 0.75pt 0.75pt;\" width=\"111\">\n<p class=\"MsoNormal\" style=\"margin-bottom: 0.0001pt; text-align: center; line-height: normal;\" align=\"center\"><span style=\"font-size: 8.5pt; font-family: Verdana, 'sans-serif';\">1,5 mm<\/span><\/p>\n<\/td>\n<td style=\"width: 77.8pt; border: dashed #BBBBBB 1pt; padding: 0.75pt 0.75pt 0.75pt 0.75pt;\" width=\"104\">\n<p class=\"MsoNormal\" style=\"margin-bottom: 0.0001pt; text-align: center; line-height: normal;\" align=\"center\"><span style=\"font-size: 8.5pt; font-family: Verdana, 'sans-serif';\">43<\/span><\/p>\n<\/td>\n<\/tr>\n<tr>\n<td style=\"width: 71.65pt; border: dashed #BBBBBB 1pt; background: #D9D9D9; padding: 0.75pt 0.75pt 0.75pt 0.75pt;\" valign=\"top\" width=\"96\">\n<p class=\"MsoNormal\" style=\"margin-bottom: 0.0001pt; text-align: center; line-height: normal;\" align=\"center\"><span style=\"font-size: 8.5pt; font-family: Verdana, 'sans-serif';\">8842<\/span><\/p>\n<\/td>\n<td style=\"width: 83.55pt; border: dashed #BBBBBB 1pt; background: #D9D9D9; padding: 0.75pt 0.75pt 0.75pt 0.75pt;\" width=\"111\">\n<p class=\"MsoNormal\" style=\"margin-bottom: 0.0001pt; text-align: center; line-height: normal;\" align=\"center\"><span style=\"font-size: 8.5pt; font-family: Verdana, 'sans-serif';\">1,8 mm<\/span><\/p>\n<\/td>\n<td style=\"width: 77.8pt; border: dashed #BBBBBB 1pt; background: #D9D9D9; padding: 0.75pt 0.75pt 0.75pt 0.75pt;\" width=\"104\">\n<p class=\"MsoNormal\" style=\"margin-bottom: 0.0001pt; text-align: center; line-height: normal;\" align=\"center\"><span style=\"font-size: 8.5pt; font-family: Verdana, 'sans-serif';\">62<\/span><\/p>\n<\/td>\n<\/tr>\n<tr>\n<td style=\"width: 71.65pt; border: dashed #BBBBBB 1pt; padding: 0.75pt 0.75pt 0.75pt 0.75pt;\" valign=\"top\" width=\"96\">\n<p class=\"MsoNormal\" style=\"margin-bottom: 0.0001pt; text-align: center; line-height: normal;\" align=\"center\"><span style=\"font-size: 8.5pt; font-family: Verdana, 'sans-serif';\">8843<\/span><\/p>\n<\/td>\n<td style=\"width: 83.55pt; border: dashed #BBBBBB 1pt; padding: 0.75pt 0.75pt 0.75pt 0.75pt;\" width=\"111\">\n<p class=\"MsoNormal\" style=\"margin-bottom: 0.0001pt; text-align: center; line-height: normal;\" align=\"center\"><span style=\"font-size: 8.5pt; font-family: Verdana, 'sans-serif';\">2,3 mm<\/span><\/p>\n<\/td>\n<td style=\"width: 77.8pt; border: dashed #BBBBBB 1pt; padding: 0.75pt 0.75pt 0.75pt 0.75pt;\" width=\"104\">\n<p class=\"MsoNormal\" style=\"margin-bottom: 0.0001pt; text-align: center; line-height: normal;\" align=\"center\"><span style=\"font-size: 8.5pt; font-family: Verdana, 'sans-serif';\">85<\/span><\/p>\n<\/td>\n<\/tr>\n<\/tbody>\n<\/table>","protected":false},"excerpt":{"rendered":"<p>COLGADOR (OPCIONAL) COMPOSICI\u00d3N: Trenzado 100 % Poli\u00e9ster alta tenacidad. CARACTER\u00cdSTICAS: M\u00ednima elasticidad, gran resistencia al roce y a la tracci\u00f3n. No se deteriora en el agua. Suave y flexible al tacto. UTILIDADES: Efectos navales, en construcci\u00f3n para tiralineas y plomadas, en camping para paravientos en tiendas de campa\u00f1a, paqueter\u00eda, jugueter\u00eda, redes deportivas, m\u00faltiples aplicaciones, etc. [&hellip;]<\/p>","protected":false},"featured_media":2588,"template":"","meta":[],"product_brand":[],"product_cat":[993,965,1035,1160,1350,1251,982,983,966,1065,967,1305,987],"product_tag":[],"class_list":{"0":"post-2606","1":"product","2":"type-product","3":"status-publish","4":"has-post-thumbnail","6":"product_cat-bobinas","7":"product_cat-ferreteria","8":"product_cat-poliester-blister-nautica","9":"product_cat-poliester-bobinas-blister","10":"product_cat-trenzado-hilo-replanteoatirantar-8840-8841-8842-8843-poliester-bobinas-blister","11":"product_cat-trenzado-hilo-replanteoatirantar-8840-8841-8842-8843","12":"product_cat-blister","13":"product_cat-blister-construccion","14":"product_cat-construccion","15":"product_cat-poliester-blister-construccion-construccion","16":"product_cat-nautica","17":"product_cat-trenzado-hilo-replanteoatirantar-8840-8841-8842-8843-poliester-blister-construccion-construccion","18":"product_cat-blister-nautica","19":"pa_color-amarillo","20":"pa_color-amarillofluor","21":"pa_color-azul","22":"pa_color-blanco","23":"pa_color-naranjafluor","24":"pa_color-negro","25":"pa_color-rojo","26":"pa_color-verde","27":"pa_color-verdefluor","28":"pa_diametro-1_3mm","29":"pa_diametro-1_8mm","30":"pa_diametro-2_3mm","31":"pa_diametro-1_5mm","32":"pa_metraje-50m","33":"pa_metraje-100m","34":"pa_metraje-200m","35":"pa_pack-6unidades","36":"pa_pack-8unidades","37":"pa_presentacion-bobina","38":"pa_referencia-479","39":"pa_referencia-480","40":"pa_referencia-481","41":"pa_referencia-482","43":"first","44":"instock","45":"sale","46":"taxable","47":"shipping-taxable","48":"purchasable","49":"product-type-variable"},"tiered_pricing_type":"fixed","tiered_pricing_fixed_rules":[],"tiered_pricing_product_settings":{"layout":"default","base_unit_name":{"singular":null,"plural":null},"default_variation":null},"tiered_pricing_minimum_quantity":null,"tiered_pricing_roles_data":[],"tiered_pricing_percentage_rules":[],"_links":{"self":[{"href":"https:\/\/hilaturasegea.com\/fr\/wp-json\/wp\/v2\/product\/2606","targetHints":{"allow":["GET"]}}],"collection":[{"href":"https:\/\/hilaturasegea.com\/fr\/wp-json\/wp\/v2\/product"}],"about":[{"href":"https:\/\/hilaturasegea.com\/fr\/wp-json\/wp\/v2\/types\/product"}],"wp:featuredmedia":[{"embeddable":true,"href":"https:\/\/hilaturasegea.com\/fr\/wp-json\/wp\/v2\/media\/2588"}],"wp:attachment":[{"href":"https:\/\/hilaturasegea.com\/fr\/wp-json\/wp\/v2\/media?parent=2606"}],"wp:term":[{"taxonomy":"product_brand","embeddable":true,"href":"https:\/\/hilaturasegea.com\/fr\/wp-json\/wp\/v2\/product_brand?post=2606"},{"taxonomy":"product_cat","embeddable":true,"href":"https:\/\/hilaturasegea.com\/fr\/wp-json\/wp\/v2\/product_cat?post=2606"},{"taxonomy":"product_tag","embeddable":true,"href":"https:\/\/hilaturasegea.com\/fr\/wp-json\/wp\/v2\/product_tag?post=2606"}],"curies":[{"name":"wp","href":"https:\/\/api.w.org\/{rel}","templated":true}]}}