{"id":2642,"date":"2019-10-30T15:46:00","date_gmt":"2019-10-30T15:46:00","guid":{"rendered":"https:\/\/hilaturasegea.com\/index.php\/producto\/poliamida-cableado-3-cabos-hilo-replanteoatirantarcoser\/"},"modified":"2025-06-13T12:01:46","modified_gmt":"2025-06-13T10:01:46","slug":"poliamida-cableado-3-cabos-hilo-replanteoatirantarcoser","status":"publish","type":"product","link":"https:\/\/hilaturasegea.com\/fr\/produit\/poliamida-cableado-3-cabos-hilo-replanteoatirantarcoser\/","title":{"rendered":"Polyamide \/ C\u00e2ble \u2013 Fil de serrage\/couture"},"content":{"rendered":"<p><em>Autres images Consultez ! <\/em><\/p>\n<p><em>Possibilit\u00e9 de 50g et 100g. <\/em><\/p>\n<p><em>CINTRE (EN OPTION) <\/em><\/p>\n<p><strong>COMPOSITION:<\/strong> Multifilaments polyamide haute t\u00e9nacit\u00e9.<\/p>\n<p><strong>CARACT\u00c9RISTIQUES:<\/strong> Torsad\u00e9\/c\u00e2bl\u00e9 \u00e0 3 brins, doux au toucher, l\u00e9ger, flexible et r\u00e9sistant \u00e0 l&#039;eau. Plonge dans l&#039;eau et se fixe par un n\u0153ud.<\/p>\n<p><strong>SERVICES PUBLICS :<\/strong> Pour la fabrication et la r\u00e9paration de tous types de filets, qu&#039;ils soient marins ou pour lapins, oiseaux, etc. Fil sp\u00e9cial pour cerfs-volants, travaux de ma\u00e7onnerie (trac\u00e9s, fils \u00e0 plomb), emballage (\u00e9tiquettes et tags), jouets, bricolage, artisanat, jardinage, horticulture, fil \u00e0 coudre (torsion), applications multiples, etc.<\/p>","protected":false},"excerpt":{"rendered":"<p>Otros metrajes \u00a1Consultar! Posibilidad de 50 g y 100 g. COLGADOR (OPCIONAL) COMPOSICI\u00d3N: Multifilamentos de poliamida alta tenacidad. CARACTER\u00cdSTICAS: Torcido\/cableado a 3 cabos, suave al tacto, ligero, flexible y resistente al agua. Se hunde en el agua y seguridad en el nudo. UTILIDADES: Para la fabricaci\u00f3n y reparaci\u00f3n de redes de todo tipo, ya sea [&hellip;]<\/p>","protected":false},"featured_media":2634,"template":"","meta":[],"product_brand":[],"product_cat":[993,1247,1348,1199,965,1016,1034,1158,982,983,966,967,987],"product_tag":[],"class_list":{"0":"post-2642","1":"product","2":"type-product","3":"status-publish","4":"has-post-thumbnail","6":"product_cat-bobinas","7":"product_cat-cableado-hilo-replanteoatirantarcoser-1600-2200-3300-4400-6600","8":"product_cat-cableado-hilo-replanteoatirantarcoser-1600-2200-3300-4400-6600-poliamida-bobinas-blister","9":"product_cat-cableado-3-cabos-hilo-replanteoatirantarcoser-1600-2200-3300-4400-6600-poliamida-blister-construccion","10":"product_cat-ferreteria","11":"product_cat-poliamida-blister-construccion","12":"product_cat-poliamida-blister-nautica","13":"product_cat-poliamida-bobinas-blister","14":"product_cat-blister","15":"product_cat-blister-construccion","16":"product_cat-construccion","17":"product_cat-nautica","18":"product_cat-blister-nautica","19":"pa_cabos-718","20":"pa_color-blanco","21":"pa_color-marron","22":"pa_color-negro","23":"pa_color-verde","24":"pa_pack-10unidades","25":"pa_peso-250g","26":"pa_presentacion-bobina","27":"pa_referencia-473","28":"pa_referencia-475","29":"pa_referencia-476","30":"pa_referencia-477","31":"pa_referencia-478","33":"first","34":"instock","35":"sale","36":"taxable","37":"shipping-taxable","38":"purchasable","39":"product-type-variable"},"tiered_pricing_type":"fixed","tiered_pricing_fixed_rules":[],"tiered_pricing_product_settings":{"layout":"default","base_unit_name":{"singular":null,"plural":null},"default_variation":null},"tiered_pricing_minimum_quantity":null,"tiered_pricing_roles_data":[],"tiered_pricing_percentage_rules":[],"_links":{"self":[{"href":"https:\/\/hilaturasegea.com\/fr\/wp-json\/wp\/v2\/product\/2642","targetHints":{"allow":["GET"]}}],"collection":[{"href":"https:\/\/hilaturasegea.com\/fr\/wp-json\/wp\/v2\/product"}],"about":[{"href":"https:\/\/hilaturasegea.com\/fr\/wp-json\/wp\/v2\/types\/product"}],"wp:featuredmedia":[{"embeddable":true,"href":"https:\/\/hilaturasegea.com\/fr\/wp-json\/wp\/v2\/media\/2634"}],"wp:attachment":[{"href":"https:\/\/hilaturasegea.com\/fr\/wp-json\/wp\/v2\/media?parent=2642"}],"wp:term":[{"taxonomy":"product_brand","embeddable":true,"href":"https:\/\/hilaturasegea.com\/fr\/wp-json\/wp\/v2\/product_brand?post=2642"},{"taxonomy":"product_cat","embeddable":true,"href":"https:\/\/hilaturasegea.com\/fr\/wp-json\/wp\/v2\/product_cat?post=2642"},{"taxonomy":"product_tag","embeddable":true,"href":"https:\/\/hilaturasegea.com\/fr\/wp-json\/wp\/v2\/product_tag?post=2642"}],"curies":[{"name":"wp","href":"https:\/\/api.w.org\/{rel}","templated":true}]}}