{"id":2735,"date":"2019-10-30T15:54:22","date_gmt":"2019-10-30T15:54:22","guid":{"rendered":"https:\/\/hilaturasegea.com\/index.php\/producto\/polipropileno-cableado-3-cabo-hilo-replanteoatirantartorzar\/"},"modified":"2025-06-13T12:00:32","modified_gmt":"2025-06-13T10:00:32","slug":"polipropileno-cableado-3-cabo-hilo-replanteoatirantartorzar","status":"publish","type":"product","link":"https:\/\/hilaturasegea.com\/fr\/produit\/polipropileno-cableado-3-cabo-hilo-replanteoatirantartorzar\/","title":{"rendered":"Polypropyl\u00e8ne \/ C\u00e2blage \u2013 Disposition\/Tirant\/Fil torsad\u00e9 1110 \u2013 1615"},"content":{"rendered":"<p><em>Cintre (facultatif) <\/em><\/p>\n<p><em>Autres images Consultez ! <\/em><\/p>\n<p><em>En couleurs : V\u00e9rifier la disponibilit\u00e9. <\/em><\/p>\n<p><strong>COMPOSITION:<\/strong> Multifilaments en polypropyl\u00e8ne haute t\u00e9nacit\u00e9.<\/p>\n<p><strong>CARACT\u00c9RISTIQUES:<\/strong> Torsad\u00e9\/c\u00e2bl\u00e9 \u00e0 3 brins, doux au toucher, l\u00e9ger, flexible et r\u00e9sistant \u00e0 l&#039;eau. Il offre flottabilit\u00e9 et s\u00e9curit\u00e9 lors des n\u0153uds.<\/p>\n<p><strong>SERVICES PUBLICS :<\/strong> Travaux de ma\u00e7onnerie (corde \u00e0 craie, fil \u00e0 plomb), emballage (\u00e9tiquettes, nous marquons), jouets, bricolage, artisanat, jardinage, horticulture, fil \u00e0 coudre (torsion), applications multiples, etc.<\/p>\n<table class=\"MsoNormalTable\" style=\"width: 170.6pt; border: 1pt solid; margin-left: auto; margin-right: auto;\" border=\"1\" width=\"227\" cellpadding=\"0\">\n<thead>\n<tr style=\"height: 21.15pt;\">\n<td style=\"border: dashed #BBBBBB 1pt; background: #C6D9F1; padding: 0.75pt 0.75pt 0.75pt 0.75pt; height: 21.15pt;\">\n<p class=\"MsoNormal\" style=\"margin-bottom: 0.0001pt; text-align: center; line-height: normal;\" align=\"center\"><b><span style=\"font-size: 8.5pt; font-family: Verdana, 'sans-serif'; color: #000000;\">R\u00e9f\u00e9rence<\/span><\/b><\/p>\n<p>&nbsp;<\/td>\n<td style=\"border: dashed #BBBBBB 1pt; background: #C6D9F1; padding: 0.75pt 0.75pt 0.75pt 0.75pt; height: 21.15pt;\">\n<p class=\"MsoNormal\" style=\"margin-bottom: 0.0001pt; text-align: center; line-height: normal;\" align=\"center\"><b><span style=\"font-size: 8.5pt; font-family: Verdana, 'sans-serif'; color: #000000;\">Charge de rupture<br \/>\nEnviron (kg)<\/span><\/b><\/p>\n<p>&nbsp;<\/td>\n<\/tr>\n<\/thead>\n<tbody>\n<tr style=\"height: 10.95pt;\">\n<td style=\"border: dashed #BBBBBB 1pt; background: #D9D9D9; padding: 0.75pt 0.75pt 0.75pt 0.75pt; height: 10.95pt;\">\n<p class=\"MsoNormal\" style=\"margin-bottom: 0.0001pt; text-align: center; line-height: normal;\" align=\"center\"><span style=\"font-size: 8.5pt; font-family: Verdana, 'sans-serif'; color: #000000;\">1110<\/span><\/p>\n<\/td>\n<td style=\"border: dashed #BBBBBB 1pt; background: #D9D9D9; padding: 0.75pt 0.75pt 0.75pt 0.75pt; height: 10.95pt;\">\n<p class=\"MsoNormal\" style=\"margin-bottom: 0.0001pt; text-align: center; line-height: normal;\" align=\"center\"><span style=\"font-family: Verdana, sans-serif;\"><span style=\"font-size: 11.3333px;\">36<\/span><\/span><\/p>\n<\/td>\n<\/tr>\n<tr style=\"height: 10.95pt;\">\n<td style=\"border: dashed #BBBBBB 1pt; padding: 0.75pt 0.75pt 0.75pt 0.75pt; height: 10.95pt;\">\n<p class=\"MsoNormal\" style=\"margin-bottom: 0.0001pt; text-align: center; line-height: normal;\" align=\"center\"><span style=\"font-size: 8.5pt; font-family: Verdana, 'sans-serif'; color: #000000;\">1615<\/span><\/p>\n<\/td>\n<td style=\"border: dashed #BBBBBB 1pt; padding: 0.75pt 0.75pt 0.75pt 0.75pt; height: 10.95pt;\">\n<p class=\"MsoNormal\" style=\"margin-bottom: 0.0001pt; text-align: center; line-height: normal;\" align=\"center\"><span style=\"font-family: Verdana, sans-serif;\"><span style=\"font-size: 11.3333px;\">24<\/span><\/span><\/p>\n<\/td>\n<\/tr>\n<\/tbody>\n<\/table>","protected":false},"excerpt":{"rendered":"<p>Colgador (Opcional) Otros metrajes \u00a1Consultar! En colores: Consultar disponibilidad. COMPOSICI\u00d3N: Multifilamentos de polipropileno alta tenacidad. CARACTER\u00cdSTICAS: Torcido\/cableado a 3 cabos, suave al tacto, ligero, flexible y resistente al agua. Posee flotabilidad y seguridad en el nudo. UTILIDADES: Trabajos de alba\u00f1iler\u00eda (tiral\u00edneas, plomada), paqueter\u00eda (etiquetas-marchamos), jugueter\u00eda, bricolaje, trabajos manuales, jardiner\u00eda, horticultura, hilo para coser (torzar), m\u00faltiples [&hellip;]<\/p>","protected":false},"featured_media":2727,"template":"","meta":[],"product_brand":[],"product_cat":[993,1351,965,1162,982],"product_tag":[],"class_list":{"0":"post-2735","1":"product","2":"type-product","3":"status-publish","4":"has-post-thumbnail","6":"product_cat-bobinas","7":"product_cat-cableado-hilo-replanteoatirantartorzar-1110-1615","8":"product_cat-ferreteria","9":"product_cat-polipropileno-bobinas-blister","10":"product_cat-blister","11":"pa_cabos-718","12":"pa_color-azul","13":"pa_color-blanco","14":"pa_color-marron","15":"pa_color-verde","16":"pa_diametro-1_1mm","17":"pa_diametro-1_4mm","18":"pa_metraje-50m","19":"pa_metraje-100m","20":"pa_metraje-200m","21":"pa_pack-6unidades","22":"pa_pack-8unidades","23":"pa_referencia-472","24":"pa_referencia-474","26":"first","27":"instock","28":"sale","29":"taxable","30":"shipping-taxable","31":"purchasable","32":"product-type-variable"},"tiered_pricing_type":"fixed","tiered_pricing_fixed_rules":[],"tiered_pricing_product_settings":{"layout":"default","base_unit_name":{"singular":null,"plural":null},"default_variation":null},"tiered_pricing_minimum_quantity":null,"tiered_pricing_roles_data":[],"tiered_pricing_percentage_rules":[],"_links":{"self":[{"href":"https:\/\/hilaturasegea.com\/fr\/wp-json\/wp\/v2\/product\/2735","targetHints":{"allow":["GET"]}}],"collection":[{"href":"https:\/\/hilaturasegea.com\/fr\/wp-json\/wp\/v2\/product"}],"about":[{"href":"https:\/\/hilaturasegea.com\/fr\/wp-json\/wp\/v2\/types\/product"}],"wp:featuredmedia":[{"embeddable":true,"href":"https:\/\/hilaturasegea.com\/fr\/wp-json\/wp\/v2\/media\/2727"}],"wp:attachment":[{"href":"https:\/\/hilaturasegea.com\/fr\/wp-json\/wp\/v2\/media?parent=2735"}],"wp:term":[{"taxonomy":"product_brand","embeddable":true,"href":"https:\/\/hilaturasegea.com\/fr\/wp-json\/wp\/v2\/product_brand?post=2735"},{"taxonomy":"product_cat","embeddable":true,"href":"https:\/\/hilaturasegea.com\/fr\/wp-json\/wp\/v2\/product_cat?post=2735"},{"taxonomy":"product_tag","embeddable":true,"href":"https:\/\/hilaturasegea.com\/fr\/wp-json\/wp\/v2\/product_tag?post=2735"}],"curies":[{"name":"wp","href":"https:\/\/api.w.org\/{rel}","templated":true}]}}