{"id":2969,"date":"2019-11-04T12:39:55","date_gmt":"2019-11-04T12:39:55","guid":{"rendered":"https:\/\/hilaturasegea.com\/index.php\/producto\/algodon-bobina-hilo-matanzareplanteo-atirantar\/"},"modified":"2025-06-13T11:57:37","modified_gmt":"2025-06-13T09:57:37","slug":"algodon-bobina-hilo-matanzareplanteo-atirantar","status":"publish","type":"product","link":"https:\/\/hilaturasegea.com\/fr\/produit\/algodon-bobina-hilo-matanzareplanteo-atirantar\/","title":{"rendered":"Abattage\/piquage de fil de coton\/bobine \u2013 Fatiguant"},"content":{"rendered":"<p><em>Cintre (facultatif)<\/em><\/p>\n<p><strong>COMPOSITION:<\/strong> 100% Fibre de Coton % \u00e9cologique et biod\u00e9gradable.<\/p>\n<p><strong>CARACT\u00c9RISTIQUES:<\/strong> Fil torsad\u00e9 multibrins. N\u0153ud s\u00e9curis\u00e9. Doux et flexible au toucher.<\/p>\n<p><strong>SERVICES PUBLICS :<\/strong> Dans la construction, comme r\u00e8gles et fils \u00e0 plomb. Dans l&#039;artisanat, comme le fil de cha\u00eene, l&#039;artisanat, la sellerie, la tapisserie, le jardinage, la fleuristerie, la fabrication de jouets, la fabrication de saucisses, etc.<\/p>","protected":false},"excerpt":{"rendered":"<p>Colgador (Opcional) COMPOSICI\u00d3N: Fibra de Algod\u00f3n 100 % ecol\u00f3gica y biodegradable. CARACTER\u00cdSTICAS: Hilo torcido a varios cabos. Seguridad en el nudo. Tacto suave y flexible. UTILIDADES: En la construcci\u00f3n como tiral\u00edneas y plomadas. En manualidades como hilo de urdimbre, trabajos manuales, guarnicioner\u00eda, tapicer\u00eda, jardiner\u00eda, floristeria, jugueteria, elaboraci\u00f3n de embutidos, etc.<\/p>","protected":false},"featured_media":2961,"template":"","meta":[],"product_brand":[],"product_cat":[1152,993,965,1344,982],"product_tag":[],"class_list":{"0":"post-2969","1":"product","2":"type-product","3":"status-publish","4":"has-post-thumbnail","6":"product_cat-algodon-bobinas-blister","7":"product_cat-bobinas","8":"product_cat-ferreteria","9":"product_cat-hilo-matanzareplanteo-atirantar","10":"product_cat-blister","11":"pa_color-blanco","12":"pa_color-blancorojo","13":"pa_color-blancoverde","14":"pa_color-rojo","15":"pa_color-verde","16":"pa_metraje-100maproximados","17":"pa_metraje-240maproximados","18":"pa_metraje-110m","19":"pa_pack-6unidades","20":"pa_peso-50g","21":"pa_peso-100g","22":"pa_presentacion-bobina","24":"first","25":"instock","26":"sale","27":"taxable","28":"shipping-taxable","29":"purchasable","30":"product-type-variable"},"tiered_pricing_type":"fixed","tiered_pricing_fixed_rules":[],"tiered_pricing_product_settings":{"layout":"default","base_unit_name":{"singular":null,"plural":null},"default_variation":null},"tiered_pricing_minimum_quantity":null,"tiered_pricing_roles_data":[],"tiered_pricing_percentage_rules":[],"_links":{"self":[{"href":"https:\/\/hilaturasegea.com\/fr\/wp-json\/wp\/v2\/product\/2969","targetHints":{"allow":["GET"]}}],"collection":[{"href":"https:\/\/hilaturasegea.com\/fr\/wp-json\/wp\/v2\/product"}],"about":[{"href":"https:\/\/hilaturasegea.com\/fr\/wp-json\/wp\/v2\/types\/product"}],"wp:featuredmedia":[{"embeddable":true,"href":"https:\/\/hilaturasegea.com\/fr\/wp-json\/wp\/v2\/media\/2961"}],"wp:attachment":[{"href":"https:\/\/hilaturasegea.com\/fr\/wp-json\/wp\/v2\/media?parent=2969"}],"wp:term":[{"taxonomy":"product_brand","embeddable":true,"href":"https:\/\/hilaturasegea.com\/fr\/wp-json\/wp\/v2\/product_brand?post=2969"},{"taxonomy":"product_cat","embeddable":true,"href":"https:\/\/hilaturasegea.com\/fr\/wp-json\/wp\/v2\/product_cat?post=2969"},{"taxonomy":"product_tag","embeddable":true,"href":"https:\/\/hilaturasegea.com\/fr\/wp-json\/wp\/v2\/product_tag?post=2969"}],"curies":[{"name":"wp","href":"https:\/\/api.w.org\/{rel}","templated":true}]}}