{"id":2983,"date":"2019-11-04T12:42:47","date_gmt":"2019-11-04T12:42:47","guid":{"rendered":"https:\/\/hilaturasegea.com\/index.php\/producto\/esparto-estropajo\/"},"modified":"2025-05-19T18:04:03","modified_gmt":"2025-05-19T16:04:03","slug":"esparto-estropajo","status":"publish","type":"product","link":"https:\/\/hilaturasegea.com\/fr\/produit\/esparto-estropajo\/","title":{"rendered":"Esparto \/ Tampon \u00e0 r\u00e9curer"},"content":{"rendered":"<p><strong>PR\u00c9SENTATION:<\/strong> Sachet individuel avec fermeture sur le dessus et foret europ\u00e9en.<\/p>\n<p><strong>COMPOSITION:<\/strong> Fibre d&#039;alfa 100 % v\u00e9g\u00e9tale, \u00e9cologique et biod\u00e9gradable.<\/p>\n<p><strong>SERVICES PUBLICS :<\/strong> Tampon \u00e0 r\u00e9curer utilis\u00e9 autrefois pour le r\u00e9curage, le bricolage, l&#039;artisanat, la d\u00e9coration, la construction, etc.<\/p>","protected":false},"excerpt":{"rendered":"<p>PRESENTACI\u00d3N: Bolsa individual con cierre parte superior y taladro europeo. COMPOSICI\u00d3N: Fibra de esparto 100 % vegetal, ecol\u00f3gica y biodegradable. UTILIDADES: Estropajo utilizado en anta\u00f1o para fregar, bricolaje, trabajos manuales, decoraci\u00f3n, construcci\u00f3n, etc.<\/p>","protected":false},"featured_media":2981,"template":"","meta":[],"product_brand":[],"product_cat":[993,1156,1347,965,982],"product_tag":[],"class_list":{"0":"post-2983","1":"product","2":"type-product","3":"status-publish","4":"has-post-thumbnail","6":"product_cat-bobinas","7":"product_cat-esparto-bobinas-blister","8":"product_cat-estropajo-esparto-bobinas-blister","9":"product_cat-ferreteria","10":"product_cat-blister","11":"pa_pack-6unidades","12":"pa_peso-25g","14":"first","15":"instock","16":"sale","17":"taxable","18":"shipping-taxable","19":"purchasable","20":"product-type-variable","21":"has-default-attributes"},"tiered_pricing_type":"fixed","tiered_pricing_fixed_rules":[],"tiered_pricing_product_settings":{"layout":"default","base_unit_name":{"singular":null,"plural":null},"default_variation":null},"tiered_pricing_minimum_quantity":null,"tiered_pricing_roles_data":[],"tiered_pricing_percentage_rules":[],"_links":{"self":[{"href":"https:\/\/hilaturasegea.com\/fr\/wp-json\/wp\/v2\/product\/2983","targetHints":{"allow":["GET"]}}],"collection":[{"href":"https:\/\/hilaturasegea.com\/fr\/wp-json\/wp\/v2\/product"}],"about":[{"href":"https:\/\/hilaturasegea.com\/fr\/wp-json\/wp\/v2\/types\/product"}],"wp:featuredmedia":[{"embeddable":true,"href":"https:\/\/hilaturasegea.com\/fr\/wp-json\/wp\/v2\/media\/2981"}],"wp:attachment":[{"href":"https:\/\/hilaturasegea.com\/fr\/wp-json\/wp\/v2\/media?parent=2983"}],"wp:term":[{"taxonomy":"product_brand","embeddable":true,"href":"https:\/\/hilaturasegea.com\/fr\/wp-json\/wp\/v2\/product_brand?post=2983"},{"taxonomy":"product_cat","embeddable":true,"href":"https:\/\/hilaturasegea.com\/fr\/wp-json\/wp\/v2\/product_cat?post=2983"},{"taxonomy":"product_tag","embeddable":true,"href":"https:\/\/hilaturasegea.com\/fr\/wp-json\/wp\/v2\/product_tag?post=2983"}],"curies":[{"name":"wp","href":"https:\/\/api.w.org\/{rel}","templated":true}]}}