{"id":3051,"date":"2019-11-04T12:49:02","date_gmt":"2019-11-04T12:49:02","guid":{"rendered":"https:\/\/hilaturasegea.com\/index.php\/producto\/poliester-riel-blister\/"},"modified":"2025-06-13T11:52:16","modified_gmt":"2025-06-13T09:52:16","slug":"poliester-riel-blister","status":"publish","type":"product","link":"https:\/\/hilaturasegea.com\/fr\/produit\/poliester-riel-blister\/","title":{"rendered":"Polyester \/ Rail"},"content":{"rendered":"<p><em>Cintre (facultatif) <\/em><\/p>\n<p><em>Autres images \u00e0 v\u00e9rifier\u00a0! <\/em><\/p>\n<p><strong>COMPOSITION:<\/strong> Tresse ext\u00e9rieure en polyester haute t\u00e9nacit\u00e9 100 % avec \u00e2me.<\/p>\n<p><strong>CARACT\u00c9RISTIQUES:<\/strong> \u00c9lasticit\u00e9 minimale, haute r\u00e9sistance aux frottements, \u00e0 la traction et aux tensions constantes. Ne se d\u00e9t\u00e9riore pas dans l&#039;eau. Doux et flexible au toucher.<\/p>\n<p><strong>SERVICES PUBLICS :<\/strong> Rideaux, tron\u00e7onneuses, pompes \u00e0 eau, auvents, cl\u00f4tures, construction, jouets, cordes \u00e0 linge, gymnases, \u00e9quipement naval, hissage et abaissement de drapeaux, haubans pour tentes, etc.<\/p>\n<table class=\"MsoNormalTable\" style=\"width: 189.1pt; border: 1pt solid; margin-left: auto; margin-right: auto;\" border=\"1\" width=\"252\" cellpadding=\"0\">\n<thead>\n<tr style=\"height: 19.55pt;\">\n<td style=\"border: dashed #BBBBBB 1pt; background: #C6D9F1; padding: 0.75pt 0.75pt 0.75pt 0.75pt; height: 19.55pt;\">\n<p class=\"MsoNormal\" style=\"margin-bottom: 0.0001pt; text-align: center; line-height: normal;\" align=\"center\"><b><span style=\"font-size: 8.5pt; font-family: Verdana, 'sans-serif'; color: #000000;\">Diam\u00e8tre<\/span><\/b><\/p>\n<p>&nbsp;<\/td>\n<td style=\"border: dashed #BBBBBB 1pt; background: #C6D9F1; padding: 0.75pt 0.75pt 0.75pt 0.75pt; height: 19.55pt;\">\n<p class=\"MsoNormal\" style=\"margin-bottom: 0.0001pt; text-align: center; line-height: normal;\" align=\"center\"><b><span style=\"font-size: 8.5pt; font-family: Verdana, 'sans-serif'; color: #000000;\">Charge de rupture<br \/>\nEnviron (kg)<\/span><\/b><\/p>\n<p>&nbsp;<\/td>\n<\/tr>\n<\/thead>\n<tbody>\n<tr style=\"height: 9.75pt;\">\n<td style=\"border: dashed #BBBBBB 1pt; background: #D9D9D9; padding: 0.75pt 0.75pt 0.75pt 0.75pt; height: 9.75pt;\">\n<p class=\"MsoNormal\" style=\"margin-bottom: 0.0001pt; text-align: center; line-height: normal;\" align=\"center\"><span style=\"font-size: 8.5pt; font-family: Verdana, 'sans-serif'; color: #000000;\">3 mm<\/span><\/p>\n<\/td>\n<td style=\"border: dashed #BBBBBB 1pt; background: #D9D9D9; padding: 0.75pt 0.75pt 0.75pt 0.75pt; height: 9.75pt;\">\n<p class=\"MsoNormal\" style=\"margin-bottom: 0.0001pt; text-align: center; line-height: normal;\" align=\"center\"><span style=\"font-size: 8.5pt; font-family: Verdana, 'sans-serif'; color: #000000;\">150<\/span><\/p>\n<\/td>\n<\/tr>\n<\/tbody>\n<\/table>","protected":false},"excerpt":{"rendered":"<p>Colgador (Opcional) Otros Metrajes \u00a1Consultar! COMPOSICI\u00d3N: Trenzado exterior 100 % Poli\u00e9ster alta tenacidad con alma en su n\u00facleo. CARACTER\u00cdSTICAS: M\u00ednima elasticidad, gran resistencia al roce, a la tracci\u00f3n y tensi\u00f3n constante. No se deteriora en el agua. Suave y flexible al tacto. UTILIDADES: Cortinas, motosierras, motobombas, toldos, cercados, construcci\u00f3n, jugueter\u00eda, tendederos de ropa, gimnasios, efectos [&hellip;]<\/p>","protected":false},"featured_media":3049,"template":"","meta":[],"product_brand":[],"product_cat":[965,994,1172,1358,982],"product_tag":[],"class_list":{"0":"post-3051","1":"product","2":"type-product","3":"status-publish","4":"has-post-thumbnail","6":"product_cat-ferreteria","7":"product_cat-madejas","8":"product_cat-poliester-madejas-blister","9":"product_cat-riel-poliester-madejas-blister","10":"product_cat-blister","11":"pa_color-blanco","12":"pa_diametro-3mm","13":"pa_metraje-10m","14":"pa_metraje-15m","15":"pa_metraje-20m","16":"pa_metraje-25m","17":"pa_pack-6unidades","18":"pa_presentacion-madeja","20":"first","21":"instock","22":"sale","23":"taxable","24":"shipping-taxable","25":"purchasable","26":"product-type-variable"},"tiered_pricing_type":"fixed","tiered_pricing_fixed_rules":[],"tiered_pricing_product_settings":{"layout":"default","base_unit_name":{"singular":null,"plural":null},"default_variation":null},"tiered_pricing_minimum_quantity":null,"tiered_pricing_roles_data":[],"tiered_pricing_percentage_rules":[],"_links":{"self":[{"href":"https:\/\/hilaturasegea.com\/fr\/wp-json\/wp\/v2\/product\/3051","targetHints":{"allow":["GET"]}}],"collection":[{"href":"https:\/\/hilaturasegea.com\/fr\/wp-json\/wp\/v2\/product"}],"about":[{"href":"https:\/\/hilaturasegea.com\/fr\/wp-json\/wp\/v2\/types\/product"}],"wp:featuredmedia":[{"embeddable":true,"href":"https:\/\/hilaturasegea.com\/fr\/wp-json\/wp\/v2\/media\/3049"}],"wp:attachment":[{"href":"https:\/\/hilaturasegea.com\/fr\/wp-json\/wp\/v2\/media?parent=3051"}],"wp:term":[{"taxonomy":"product_brand","embeddable":true,"href":"https:\/\/hilaturasegea.com\/fr\/wp-json\/wp\/v2\/product_brand?post=3051"},{"taxonomy":"product_cat","embeddable":true,"href":"https:\/\/hilaturasegea.com\/fr\/wp-json\/wp\/v2\/product_cat?post=3051"},{"taxonomy":"product_tag","embeddable":true,"href":"https:\/\/hilaturasegea.com\/fr\/wp-json\/wp\/v2\/product_tag?post=3051"}],"curies":[{"name":"wp","href":"https:\/\/api.w.org\/{rel}","templated":true}]}}