{"id":3058,"date":"2019-11-04T12:50:18","date_gmt":"2019-11-04T12:50:18","guid":{"rendered":"https:\/\/hilaturasegea.com\/index.php\/producto\/poliester-granate-blister\/"},"modified":"2025-06-13T11:51:40","modified_gmt":"2025-06-13T09:51:40","slug":"poliester-granate-blister","status":"publish","type":"product","link":"https:\/\/hilaturasegea.com\/fr\/produit\/poliester-granate-blister\/","title":{"rendered":"Polyester \/ Granit"},"content":{"rendered":"<p><em>Cintre (facultatif) <\/em><\/p>\n<p><em>Autres images \u00e0 v\u00e9rifier\u00a0! <\/em><\/p>\n<p><strong>COMPOSITION:<\/strong> Tresse ext\u00e9rieure renforc\u00e9e 100 % Polyester haute t\u00e9nacit\u00e9 sans \u00e2me.<\/p>\n<p><strong>CARACT\u00c9RISTIQUES:<\/strong> \u00c9lasticit\u00e9 minimale, grande r\u00e9sistance au frottement, \u00e0 la traction et \u00e0 la tension constante. Ne se d\u00e9t\u00e9riore pas dans l&#039;eau. Doux et flexible au toucher. Excellente nouabilit\u00e9.<\/p>\n<p><strong>SERVICES PUBLICS :<\/strong> Rideaux, tron\u00e7onneuses, pompes \u00e0 eau, auvents, cl\u00f4tures, construction, jouets, cordes \u00e0 linge, gymnases, v\u00eatements, artisanat, fournitures navales, hissage et abaissement de drapeaux, haubans de tente, etc.<\/p>\n<table class=\"MsoNormalTable\" style=\"width: 189.1pt; border: 1pt solid; margin-left: auto; margin-right: auto;\" border=\"1\" width=\"252\" cellpadding=\"0\">\n<thead>\n<tr style=\"height: 19.55pt;\">\n<td style=\"border: dashed #BBBBBB 1pt; background: #C6D9F1; padding: 0.75pt 0.75pt 0.75pt 0.75pt; height: 19.55pt;\">\n<p class=\"MsoNormal\" style=\"margin-bottom: 0.0001pt; text-align: center; line-height: normal;\" align=\"center\"><b><span style=\"font-size: 8.5pt; font-family: Verdana, 'sans-serif'; color: #000000;\">Diam\u00e8tre<\/span><\/b><\/p>\n<p>&nbsp;<\/td>\n<td style=\"border: dashed #BBBBBB 1pt; background: #C6D9F1; padding: 0.75pt 0.75pt 0.75pt 0.75pt; height: 19.55pt;\">\n<p class=\"MsoNormal\" style=\"margin-bottom: 0.0001pt; text-align: center; line-height: normal;\" align=\"center\"><b><span style=\"font-size: 8.5pt; font-family: Verdana, 'sans-serif'; color: #000000;\">Charge de rupture<br \/>\nEnviron (kg)<\/span><\/b><\/p>\n<p>&nbsp;<\/td>\n<\/tr>\n<\/thead>\n<tbody>\n<tr style=\"height: 9.75pt;\">\n<td style=\"border: dashed #BBBBBB 1pt; background: #D9D9D9; padding: 0.75pt 0.75pt 0.75pt 0.75pt; height: 9.75pt;\">\n<p class=\"MsoNormal\" style=\"margin-bottom: 0.0001pt; text-align: center; line-height: normal;\" align=\"center\"><span style=\"font-size: 8.5pt; font-family: Verdana, 'sans-serif'; color: #000000;\">5 mm<\/span><\/p>\n<\/td>\n<td style=\"border: dashed #BBBBBB 1pt; background: #D9D9D9; padding: 0.75pt 0.75pt 0.75pt 0.75pt; height: 9.75pt;\">\n<p class=\"MsoNormal\" style=\"margin-bottom: 0.0001pt; text-align: center; line-height: normal;\" align=\"center\"><span style=\"font-size: 8.5pt; font-family: Verdana, 'sans-serif'; color: #000000;\">517<\/span><\/p>\n<\/td>\n<\/tr>\n<\/tbody>\n<\/table>","protected":false},"excerpt":{"rendered":"<p>Colgador (Opcional) Otros Metrajes \u00a1Consultar! COMPOSICI\u00d3N: Trenzado exterior reforzado 100 % Poli\u00e9ster alta tenacidad sin alma en su n\u00facleo. CARACTER\u00cdSTICAS: M\u00ednima elasticidad, gran resistencia al roce, a la tracci\u00f3n y tensi\u00f3n constante. No se deteriora en el agua. Suave y flexible al tacto. Excelente anudabilidad. UTILIDADES: Cortinas, motosierras, motobombas, toldos, cercados, construcci\u00f3n, jugueter\u00eda, tendederos de [&hellip;]<\/p>","protected":false},"featured_media":3056,"template":"","meta":[],"product_brand":[],"product_cat":[965,1248,1357,994,1035,1172,982,967,987],"product_tag":[],"class_list":{"0":"post-3058","1":"product","2":"type-product","3":"status-publish","4":"has-post-thumbnail","6":"product_cat-ferreteria","7":"product_cat-granete","8":"product_cat-granete-poliester-madejas-blister","9":"product_cat-madejas","10":"product_cat-poliester-blister-nautica","11":"product_cat-poliester-madejas-blister","12":"product_cat-blister","13":"product_cat-nautica","14":"product_cat-blister-nautica","15":"pa_color-blanco","16":"pa_diametro-5mm","17":"pa_metraje-10m","18":"pa_metraje-15m","19":"pa_metraje-20m","20":"pa_metraje-25m","21":"pa_pack-6unidades","22":"pa_presentacion-madeja","24":"first","25":"instock","26":"sale","27":"taxable","28":"shipping-taxable","29":"purchasable","30":"product-type-variable"},"tiered_pricing_type":"fixed","tiered_pricing_fixed_rules":[],"tiered_pricing_product_settings":{"layout":"default","base_unit_name":{"singular":null,"plural":null},"default_variation":null},"tiered_pricing_minimum_quantity":null,"tiered_pricing_roles_data":[],"tiered_pricing_percentage_rules":[],"_links":{"self":[{"href":"https:\/\/hilaturasegea.com\/fr\/wp-json\/wp\/v2\/product\/3058","targetHints":{"allow":["GET"]}}],"collection":[{"href":"https:\/\/hilaturasegea.com\/fr\/wp-json\/wp\/v2\/product"}],"about":[{"href":"https:\/\/hilaturasegea.com\/fr\/wp-json\/wp\/v2\/types\/product"}],"wp:featuredmedia":[{"embeddable":true,"href":"https:\/\/hilaturasegea.com\/fr\/wp-json\/wp\/v2\/media\/3056"}],"wp:attachment":[{"href":"https:\/\/hilaturasegea.com\/fr\/wp-json\/wp\/v2\/media?parent=3058"}],"wp:term":[{"taxonomy":"product_brand","embeddable":true,"href":"https:\/\/hilaturasegea.com\/fr\/wp-json\/wp\/v2\/product_brand?post=3058"},{"taxonomy":"product_cat","embeddable":true,"href":"https:\/\/hilaturasegea.com\/fr\/wp-json\/wp\/v2\/product_cat?post=3058"},{"taxonomy":"product_tag","embeddable":true,"href":"https:\/\/hilaturasegea.com\/fr\/wp-json\/wp\/v2\/product_tag?post=3058"}],"curies":[{"name":"wp","href":"https:\/\/api.w.org\/{rel}","templated":true}]}}