{"id":3086,"date":"2019-11-04T12:52:20","date_gmt":"2019-11-04T12:52:20","guid":{"rendered":"https:\/\/hilaturasegea.com\/index.php\/producto\/polipropileno-trenzado-blister\/"},"modified":"2025-06-13T11:50:37","modified_gmt":"2025-06-13T09:50:37","slug":"polipropileno-trenzado-blister","status":"publish","type":"product","link":"https:\/\/hilaturasegea.com\/fr\/produit\/polipropileno-trenzado-blister\/","title":{"rendered":"Polypropyl\u00e8ne \/ Tress\u00e9"},"content":{"rendered":"<p><em>Cintre (facultatif) <\/em><\/p>\n<p><em>Autres images Consultez ! <\/em><\/p>\n<p><strong>COMPOSITION:<\/strong> Multifilaments en polypropyl\u00e8ne haute t\u00e9nacit\u00e9 \u00e0 l&#039;ext\u00e9rieur et fibre \u00e0 l&#039;int\u00e9rieur.<\/p>\n<p><strong>CARACT\u00c9RISTIQUES:<\/strong> Tresse l\u00e9g\u00e8re et douce au toucher. R\u00e9sistante \u00e0 l&#039;eau et flottante. Couleur stabilis\u00e9e aux UV.<\/p>\n<p><strong>SERVICES PUBLICS :<\/strong> Stores, cordes \u00e0 linge, auvents, cl\u00f4tures, construction, banni\u00e8res, camping, bricolage, etc.<\/p>\n<table class=\"MsoNormalTable\" style=\"width: 187pt; border: 1pt solid; margin-left: auto; margin-right: auto;\" border=\"1\" width=\"249\" cellpadding=\"0\">\n<thead>\n<tr style=\"height: 20.7pt;\">\n<td style=\"border: dashed #BBBBBB 1pt; background: #C6D9F1; padding: 0.75pt 0.75pt 0.75pt 0.75pt; height: 20.7pt;\">\n<p class=\"MsoNormal\" style=\"margin-bottom: 0.0001pt; text-align: center; line-height: normal;\" align=\"center\"><b><span style=\"font-size: 8.5pt; font-family: Verdana, 'sans-serif'; color: #000000;\">Diam\u00e8tre<\/span><\/b><\/p>\n<p>&nbsp;<\/td>\n<td style=\"border: dashed #BBBBBB 1pt; background: #C6D9F1; padding: 0.75pt 0.75pt 0.75pt 0.75pt; height: 20.7pt;\">\n<p class=\"MsoNormal\" style=\"margin-bottom: 0.0001pt; text-align: center; line-height: normal;\" align=\"center\"><b><span style=\"font-size: 8.5pt; font-family: Verdana, 'sans-serif'; color: #000000;\">Charge de rupture<br \/>\nEnviron (kg)<\/span><\/b><\/p>\n<p>&nbsp;<\/td>\n<\/tr>\n<\/thead>\n<tbody>\n<tr style=\"height: 10.35pt;\">\n<td style=\"border: dashed #BBBBBB 1pt; background: #D9D9D9; padding: 0.75pt 0.75pt 0.75pt 0.75pt; height: 10.35pt;\">\n<p class=\"MsoNormal\" style=\"margin-bottom: 0.0001pt; text-align: center; line-height: normal;\" align=\"center\"><span style=\"font-size: 8.5pt; font-family: Verdana, 'sans-serif'; color: #000000;\">5 mm<\/span><\/p>\n<\/td>\n<td style=\"border: dashed #BBBBBB 1pt; background: #D9D9D9; padding: 0.75pt 0.75pt 0.75pt 0.75pt; height: 10.35pt;\">\n<p class=\"MsoNormal\" style=\"margin-bottom: 0.0001pt; text-align: center; line-height: normal;\" align=\"center\"><span style=\"font-size: 8.5pt; font-family: Verdana, 'sans-serif'; color: #000000;\">165<\/span><\/p>\n<\/td>\n<\/tr>\n<tr style=\"height: 9.6pt;\">\n<td style=\"border: dashed #BBBBBB 1pt; padding: 0.75pt 0.75pt 0.75pt 0.75pt; height: 9.6pt;\">\n<p class=\"MsoNormal\" style=\"margin-bottom: 0.0001pt; text-align: center; line-height: normal;\" align=\"center\"><span style=\"font-size: 8.5pt; font-family: Verdana, 'sans-serif'; color: #000000;\">6 mm<\/span><\/p>\n<\/td>\n<td style=\"border: dashed #BBBBBB 1pt; padding: 0.75pt 0.75pt 0.75pt 0.75pt; height: 9.6pt;\">\n<p class=\"MsoNormal\" style=\"margin-bottom: 0.0001pt; text-align: center; line-height: normal;\" align=\"center\"><span style=\"font-size: 8.5pt; font-family: Verdana, 'sans-serif'; color: #000000;\">356<\/span><\/p>\n<\/td>\n<\/tr>\n<\/tbody>\n<\/table>","protected":false},"excerpt":{"rendered":"<p>Colgador (Opcional) Otros metrajes \u00a1Consultar! COMPOSICI\u00d3N: Multifilamentos de Polipropileno alta tenacidad en el exterior y fibra en su interior. CARACTER\u00cdSTICAS: Trenzado ligero y suave al tacto. Resistente al agua, posee flotabilidad. Color estabilizado por rayos U.V. UTILIDADES: Persianas, tendederos de ropa, toldos, cercados, construcci\u00f3n, pancartas, camping, bricolaje, etc. Di\u00e1metro &nbsp; Carga\u00a0Rotura Aprox. (kg) &nbsp; 5 [&hellip;]<\/p>","protected":false},"featured_media":3070,"template":"","meta":[],"product_brand":[],"product_cat":[965,994,1176,982,1400],"product_tag":[],"class_list":{"0":"post-3086","1":"product","2":"type-product","3":"status-publish","4":"has-post-thumbnail","6":"product_cat-ferreteria","7":"product_cat-madejas","8":"product_cat-polipropileno-madejas-blister","9":"product_cat-blister","10":"product_cat-trenzado-polipropileno-madejas-blister","11":"pa_color-azul","12":"pa_color-blanco","13":"pa_color-blancoazul","14":"pa_color-blancomarron","15":"pa_color-blancoverde","16":"pa_color-marron","17":"pa_color-tricolor","18":"pa_color-verde","19":"pa_diametro-5mm","20":"pa_diametro-6mm","21":"pa_metraje-10m","22":"pa_metraje-15m","23":"pa_metraje-20m","24":"pa_metraje-25m","25":"pa_pack-6unidades","27":"first","28":"instock","29":"sale","30":"taxable","31":"shipping-taxable","32":"purchasable","33":"product-type-variable"},"tiered_pricing_type":"fixed","tiered_pricing_fixed_rules":[],"tiered_pricing_product_settings":{"layout":"default","base_unit_name":{"singular":null,"plural":null},"default_variation":null},"tiered_pricing_minimum_quantity":null,"tiered_pricing_roles_data":[],"tiered_pricing_percentage_rules":[],"_links":{"self":[{"href":"https:\/\/hilaturasegea.com\/fr\/wp-json\/wp\/v2\/product\/3086","targetHints":{"allow":["GET"]}}],"collection":[{"href":"https:\/\/hilaturasegea.com\/fr\/wp-json\/wp\/v2\/product"}],"about":[{"href":"https:\/\/hilaturasegea.com\/fr\/wp-json\/wp\/v2\/types\/product"}],"wp:featuredmedia":[{"embeddable":true,"href":"https:\/\/hilaturasegea.com\/fr\/wp-json\/wp\/v2\/media\/3070"}],"wp:attachment":[{"href":"https:\/\/hilaturasegea.com\/fr\/wp-json\/wp\/v2\/media?parent=3086"}],"wp:term":[{"taxonomy":"product_brand","embeddable":true,"href":"https:\/\/hilaturasegea.com\/fr\/wp-json\/wp\/v2\/product_brand?post=3086"},{"taxonomy":"product_cat","embeddable":true,"href":"https:\/\/hilaturasegea.com\/fr\/wp-json\/wp\/v2\/product_cat?post=3086"},{"taxonomy":"product_tag","embeddable":true,"href":"https:\/\/hilaturasegea.com\/fr\/wp-json\/wp\/v2\/product_tag?post=3086"}],"curies":[{"name":"wp","href":"https:\/\/api.w.org\/{rel}","templated":true}]}}