{"id":3159,"date":"2019-11-04T12:54:38","date_gmt":"2019-11-04T12:54:38","guid":{"rendered":"https:\/\/hilaturasegea.com\/index.php\/producto\/polipropileno-helicoidal-blister\/"},"modified":"2025-06-13T11:30:57","modified_gmt":"2025-06-13T09:30:57","slug":"polipropileno-helicoidal-blister","status":"publish","type":"product","link":"https:\/\/hilaturasegea.com\/fr\/produit\/polipropileno-helicoidal-blister\/","title":{"rendered":"Polypropyl\u00e8ne \/ H\u00e9lico\u00efdal"},"content":{"rendered":"<p><em>Cintre (facultatif) <\/em><\/p>\n<p><em>Autres images Consultez ! <\/em><\/p>\n<p><strong>COMPOSITION: <\/strong>Multifilaments en polypropyl\u00e8ne haute t\u00e9nacit\u00e9 \u00e0 l&#039;ext\u00e9rieur et fibre \u00e0 l&#039;int\u00e9rieur.<\/p>\n<p><strong>CARACT\u00c9RISTIQUES:<\/strong> Tresse douce au toucher et l\u00e9g\u00e8re. R\u00e9sistante \u00e0 l&#039;eau, flottante, avec une \u00e9lasticit\u00e9 minimale et trait\u00e9e contre les rayons ultraviolets du soleil.<\/p>\n<p><strong>SERVICES PUBLICS :<\/strong> Gymnastique rythmique, jeux pour enfants (corde \u00e0 sauter), cordes \u00e0 linge, auvents, cl\u00f4tures, banni\u00e8res, camping, hissage et abaissement de drapeaux, construction, applications multiples, etc.<\/p>\n<table class=\"MsoNormalTable\" style=\"width: 187pt; border: 1pt solid; margin-left: auto; margin-right: auto;\" border=\"1\" width=\"249\" cellpadding=\"0\">\n<thead>\n<tr style=\"height: 20.7pt;\">\n<td style=\"border: dashed #BBBBBB 1pt; background: #C6D9F1; padding: 0.75pt 0.75pt 0.75pt 0.75pt; height: 20.7pt;\">\n<p class=\"MsoNormal\" style=\"margin-bottom: 0.0001pt; text-align: center; line-height: normal;\" align=\"center\"><b><span style=\"font-size: 8.5pt; font-family: Verdana, 'sans-serif'; color: #000000;\">Diam\u00e8tre<\/span><\/b><\/p>\n<p>&nbsp;<\/td>\n<td style=\"border: dashed #BBBBBB 1pt; background: #C6D9F1; padding: 0.75pt 0.75pt 0.75pt 0.75pt; height: 20.7pt;\">\n<p class=\"MsoNormal\" style=\"margin-bottom: 0.0001pt; text-align: center; line-height: normal;\" align=\"center\"><b><span style=\"font-size: 8.5pt; font-family: Verdana, 'sans-serif'; color: #000000;\">Charge de rupture<br \/>\nEnviron (kg)<\/span><\/b><\/p>\n<p>&nbsp;<\/td>\n<\/tr>\n<\/thead>\n<tbody>\n<tr style=\"height: 10.35pt;\">\n<td style=\"border: dashed #BBBBBB 1pt; background: #D9D9D9; padding: 0.75pt 0.75pt 0.75pt 0.75pt; height: 10.35pt;\">\n<p class=\"MsoNormal\" style=\"margin-bottom: 0.0001pt; text-align: center; line-height: normal;\" align=\"center\"><span style=\"font-size: 8.5pt; font-family: Verdana, 'sans-serif'; color: #000000;\">5 mm<\/span><\/p>\n<\/td>\n<td style=\"border: dashed #BBBBBB 1pt; background: #D9D9D9; padding: 0.75pt 0.75pt 0.75pt 0.75pt; height: 10.35pt;\">\n<p class=\"MsoNormal\" style=\"margin-bottom: 0.0001pt; text-align: center; line-height: normal;\" align=\"center\"><span style=\"font-size: 8.5pt; font-family: Verdana, 'sans-serif'; color: #000000;\">185<\/span><\/p>\n<\/td>\n<\/tr>\n<tr style=\"height: 9.6pt;\">\n<td style=\"border: dashed #BBBBBB 1pt; padding: 0.75pt 0.75pt 0.75pt 0.75pt; height: 9.6pt;\">\n<p class=\"MsoNormal\" style=\"margin-bottom: 0.0001pt; text-align: center; line-height: normal;\" align=\"center\"><span style=\"font-size: 8.5pt; font-family: Verdana, 'sans-serif'; color: #000000;\">6 mm<\/span><\/p>\n<\/td>\n<td style=\"border: dashed #BBBBBB 1pt; padding: 0.75pt 0.75pt 0.75pt 0.75pt; height: 9.6pt;\">\n<p class=\"MsoNormal\" style=\"margin-bottom: 0.0001pt; text-align: center; line-height: normal;\" align=\"center\"><span style=\"font-size: 8.5pt; font-family: Verdana, 'sans-serif'; color: #000000;\">375<\/span><\/p>\n<\/td>\n<\/tr>\n<\/tbody>\n<\/table>","protected":false},"excerpt":{"rendered":"<p>Colgador (Opcional) Otros metrajes \u00a1Consultar! COMPOSICI\u00d3N: Multifilamentos de Polipropileno alta tenacidad en el exterior y fibra en su interior. CARACTER\u00cdSTICAS: Trenzado suave al tacto y ligero. Resistente al agua, posee flotabilidad, m\u00ednima elast\u00edcidad, tratado contra las radiaciones ultravioletas de los rayos solares. UTILIDADES: Gimnasia r\u00edtmica, juegos infantiles (saltar la comba), tendederos de ropa, toldos, cercados, [&hellip;]<\/p>","protected":false},"featured_media":3151,"template":"","meta":[],"product_brand":[],"product_cat":[965,1365,994,1176,982],"product_tag":[],"class_list":{"0":"post-3159","1":"product","2":"type-product","3":"status-publish","4":"has-post-thumbnail","6":"product_cat-ferreteria","7":"product_cat-helicoidal-polipropileno-madejas-blister","8":"product_cat-madejas","9":"product_cat-polipropileno-madejas-blister","10":"product_cat-blister","11":"pa_color-azulamarillo","12":"pa_color-blancoazul","13":"pa_color-blancorojo","14":"pa_color-blancoverde","15":"pa_diametro-5mm","16":"pa_diametro-6mm","17":"pa_metraje-10m","18":"pa_metraje-15m","19":"pa_metraje-20m","20":"pa_metraje-25m","21":"pa_pack-6madejas","23":"first","24":"instock","25":"sale","26":"taxable","27":"shipping-taxable","28":"purchasable","29":"product-type-variable"},"tiered_pricing_type":"fixed","tiered_pricing_fixed_rules":[],"tiered_pricing_product_settings":{"layout":"default","base_unit_name":{"singular":null,"plural":null},"default_variation":null},"tiered_pricing_minimum_quantity":null,"tiered_pricing_roles_data":[],"tiered_pricing_percentage_rules":[],"_links":{"self":[{"href":"https:\/\/hilaturasegea.com\/fr\/wp-json\/wp\/v2\/product\/3159","targetHints":{"allow":["GET"]}}],"collection":[{"href":"https:\/\/hilaturasegea.com\/fr\/wp-json\/wp\/v2\/product"}],"about":[{"href":"https:\/\/hilaturasegea.com\/fr\/wp-json\/wp\/v2\/types\/product"}],"wp:featuredmedia":[{"embeddable":true,"href":"https:\/\/hilaturasegea.com\/fr\/wp-json\/wp\/v2\/media\/3151"}],"wp:attachment":[{"href":"https:\/\/hilaturasegea.com\/fr\/wp-json\/wp\/v2\/media?parent=3159"}],"wp:term":[{"taxonomy":"product_brand","embeddable":true,"href":"https:\/\/hilaturasegea.com\/fr\/wp-json\/wp\/v2\/product_brand?post=3159"},{"taxonomy":"product_cat","embeddable":true,"href":"https:\/\/hilaturasegea.com\/fr\/wp-json\/wp\/v2\/product_cat?post=3159"},{"taxonomy":"product_tag","embeddable":true,"href":"https:\/\/hilaturasegea.com\/fr\/wp-json\/wp\/v2\/product_tag?post=3159"}],"curies":[{"name":"wp","href":"https:\/\/api.w.org\/{rel}","templated":true}]}}