{"id":3232,"date":"2019-11-04T12:59:42","date_gmt":"2019-11-04T12:59:42","guid":{"rendered":"https:\/\/hilaturasegea.com\/index.php\/producto\/polietileno-trenzado-blister\/"},"modified":"2025-06-13T11:29:09","modified_gmt":"2025-06-13T09:29:09","slug":"polietileno-trenzado-blister","status":"publish","type":"product","link":"https:\/\/hilaturasegea.com\/fr\/produit\/polietileno-trenzado-blister\/","title":{"rendered":"Poly\u00e9thyl\u00e8ne \/ Tress\u00e9"},"content":{"rendered":"<p><em>Cintre (facultatif) <\/em><\/p>\n<p><em>Autres images Consultez ! <\/em><\/p>\n<p><strong>COMPOSITION:<\/strong> Monofilaments tress\u00e9s en poly\u00e9thyl\u00e8ne haute densit\u00e9 avec une \u00e2me au centre.<\/p>\n<p><strong>CARACT\u00c9RISTIQUES:<\/strong> R\u00e9sistance \u00e0 l&#039;eau, flottabilit\u00e9, \u00e9lasticit\u00e9 minimale, r\u00e9sistance au frottement et \u00e0 la flexion.<\/p>\n<p><strong>SERVICES PUBLICS :<\/strong> Stores, cordes \u00e0 linge, auvents, cl\u00f4tures, construction, gymnases, effets navals, banni\u00e8res, camping, applications multiples, etc.<\/p>\n<table class=\"MsoNormalTable\" style=\"width: 190.6pt; border: 1pt solid; margin-left: auto; margin-right: auto;\" border=\"1\" width=\"254\" cellpadding=\"0\">\n<thead>\n<tr style=\"height: 21pt;\">\n<td style=\"border: dashed #BBBBBB 1pt; background: #C6D9F1; padding: 0.75pt 0.75pt 0.75pt 0.75pt; height: 21pt;\">\n<p class=\"MsoNormal\" style=\"margin-bottom: 0.0001pt; text-align: center; line-height: normal;\" align=\"center\"><b><span style=\"font-size: 8.5pt; font-family: Verdana, 'sans-serif'; color: #000000;\">Diam\u00e8tre<\/span><\/b><\/p>\n<p>&nbsp;<\/td>\n<td style=\"border: dashed #BBBBBB 1pt; background: #C6D9F1; padding: 0.75pt 0.75pt 0.75pt 0.75pt; height: 21pt;\">\n<p class=\"MsoNormal\" style=\"margin-bottom: 0.0001pt; text-align: center; line-height: normal;\" align=\"center\"><b><span style=\"font-size: 8.5pt; font-family: Verdana, 'sans-serif'; color: #000000;\">Charge de rupture<br \/>\nEnviron (kg)<\/span><\/b><\/p>\n<p>&nbsp;<\/td>\n<\/tr>\n<\/thead>\n<tbody>\n<tr style=\"height: 9.75pt;\">\n<td style=\"border: dashed #BBBBBB 1pt; background: #D9D9D9; padding: 0.75pt 0.75pt 0.75pt 0.75pt; height: 9.75pt;\">\n<p class=\"MsoNormal\" style=\"margin-bottom: 0.0001pt; text-align: center; line-height: normal;\" align=\"center\"><span style=\"font-size: 8.5pt; font-family: Verdana, 'sans-serif'; color: #000000;\">5 mm<\/span><\/p>\n<\/td>\n<td style=\"border: dashed #BBBBBB 1pt; background: #D9D9D9; padding: 0.75pt 0.75pt 0.75pt 0.75pt; height: 9.75pt;\">\n<p class=\"MsoNormal\" style=\"margin-bottom: 0.0001pt; text-align: center; line-height: normal;\" align=\"center\"><span style=\"font-size: 8.5pt; font-family: Verdana, 'sans-serif'; color: #000000;\">120<\/span><\/p>\n<\/td>\n<\/tr>\n<tr style=\"height: 10.5pt;\">\n<td style=\"border: dashed #BBBBBB 1pt; padding: 0.75pt 0.75pt 0.75pt 0.75pt; height: 10.5pt;\">\n<p class=\"MsoNormal\" style=\"margin-bottom: 0.0001pt; text-align: center; line-height: normal;\" align=\"center\"><span style=\"font-size: 8.5pt; font-family: Verdana, 'sans-serif'; color: #000000;\">6 mm<\/span><\/p>\n<\/td>\n<td style=\"border: dashed #BBBBBB 1pt; padding: 0.75pt 0.75pt 0.75pt 0.75pt; height: 10.5pt;\">\n<p class=\"MsoNormal\" style=\"margin-bottom: 0.0001pt; text-align: center; line-height: normal;\" align=\"center\"><span style=\"font-size: 8.5pt; font-family: Verdana, 'sans-serif'; color: #000000;\">145<\/span><\/p>\n<\/td>\n<\/tr>\n<\/tbody>\n<\/table>","protected":false},"excerpt":{"rendered":"<p>Colgador (Opcional) Otros metrajes \u00a1Consultar! COMPOSICI\u00d3N: Trenzado de monofilamentos de Polietileno alta densidad con alma en su n\u00facleo. CARACTER\u00cdSTICAS: Resistencia al agua, posee flotabilidad, m\u00ednima elasticidad, resistencia al roce y a la flexi\u00f3n. UTILIDADES: Persianas, tendederos de ropa, toldos, cercados, construcci\u00f3n, gimnasios, efectos navales, pancartas, camping, m\u00faltiples aplicaciones, etc. Di\u00e1metro &nbsp; Carga Rotura Aprox. (kg) [&hellip;]<\/p>","protected":false},"featured_media":3226,"template":"","meta":[],"product_brand":[],"product_cat":[965,994,1174,1364,982],"product_tag":[],"class_list":{"0":"post-3232","1":"product","2":"type-product","3":"status-publish","4":"has-post-thumbnail","6":"product_cat-ferreteria","7":"product_cat-madejas","8":"product_cat-polietileno-madejas-blister","9":"product_cat-trenzado-polietileno-madejas-blister","10":"product_cat-blister","11":"pa_color-blanco","12":"pa_color-blancoazul","13":"pa_color-blancoverde","14":"pa_diametro-5mm","15":"pa_diametro-6mm","16":"pa_metraje-10m","17":"pa_metraje-15m","18":"pa_metraje-20m","19":"pa_metraje-25m","20":"pa_pack-6madejas","22":"first","23":"instock","24":"sale","25":"taxable","26":"shipping-taxable","27":"purchasable","28":"product-type-variable"},"tiered_pricing_type":"fixed","tiered_pricing_fixed_rules":[],"tiered_pricing_product_settings":{"layout":"default","base_unit_name":{"singular":null,"plural":null},"default_variation":null},"tiered_pricing_minimum_quantity":null,"tiered_pricing_roles_data":[],"tiered_pricing_percentage_rules":[],"_links":{"self":[{"href":"https:\/\/hilaturasegea.com\/fr\/wp-json\/wp\/v2\/product\/3232","targetHints":{"allow":["GET"]}}],"collection":[{"href":"https:\/\/hilaturasegea.com\/fr\/wp-json\/wp\/v2\/product"}],"about":[{"href":"https:\/\/hilaturasegea.com\/fr\/wp-json\/wp\/v2\/types\/product"}],"wp:featuredmedia":[{"embeddable":true,"href":"https:\/\/hilaturasegea.com\/fr\/wp-json\/wp\/v2\/media\/3226"}],"wp:attachment":[{"href":"https:\/\/hilaturasegea.com\/fr\/wp-json\/wp\/v2\/media?parent=3232"}],"wp:term":[{"taxonomy":"product_brand","embeddable":true,"href":"https:\/\/hilaturasegea.com\/fr\/wp-json\/wp\/v2\/product_brand?post=3232"},{"taxonomy":"product_cat","embeddable":true,"href":"https:\/\/hilaturasegea.com\/fr\/wp-json\/wp\/v2\/product_cat?post=3232"},{"taxonomy":"product_tag","embeddable":true,"href":"https:\/\/hilaturasegea.com\/fr\/wp-json\/wp\/v2\/product_tag?post=3232"}],"curies":[{"name":"wp","href":"https:\/\/api.w.org\/{rel}","templated":true}]}}