{"id":3266,"date":"2019-11-04T13:30:55","date_gmt":"2019-11-04T13:30:55","guid":{"rendered":"https:\/\/hilaturasegea.com\/index.php\/producto\/algodon-trenzado\/"},"modified":"2025-06-13T11:28:28","modified_gmt":"2025-06-13T09:28:28","slug":"algodon-trenzado","status":"publish","type":"product","link":"https:\/\/hilaturasegea.com\/fr\/produit\/algodon-trenzado\/","title":{"rendered":"Coton \/ Tress\u00e9 brut"},"content":{"rendered":"<p><em>Cintre (facultatif)<\/em><\/p>\n<p><strong>COMPOSITION:<\/strong> Fibre 100 % Coton v\u00e9g\u00e9tal, \u00e9cologique et biod\u00e9gradable.<\/p>\n<p><strong>CARACT\u00c9RISTIQUES:<\/strong> Tresse en coton avec une \u00e2me en son c\u0153ur. Douce et souple au toucher, nouage s\u00fbr.<\/p>\n<p><strong>SERVICES PUBLICS : <\/strong>Artisanat, fils \u00e0 plomb, d\u00e9coration, industrie, bricolage, jouets, stores, applications multiples, etc.<\/p>","protected":false},"excerpt":{"rendered":"<p>Colgador (Opcional) COMPOSICI\u00d3N: Fibra 100 % Algod\u00f3n vegetal, ecol\u00f3gico y biodegradable. CARACTER\u00cdSTICAS: Trenzado de Algod\u00f3n con alma en su n\u00facleo. Suave y flexible al tacto, seguridad en el nudo. UTILIDADES: Manualidades, plomada, decoraci\u00f3n, industria, bricolaje, jugueter\u00eda, toldos, m\u00faltiples aplicaciones, etc.<\/p>","protected":false},"featured_media":3264,"template":"","meta":[],"product_brand":[],"product_cat":[1170,994,1355,982],"product_tag":[],"class_list":{"0":"post-3266","1":"product","2":"type-product","3":"status-publish","4":"has-post-thumbnail","6":"product_cat-algodon-madejas-blister","7":"product_cat-madejas","8":"product_cat-trenzado","9":"product_cat-blister","10":"pa_diametro-4mm","11":"pa_diametro-5mm","12":"pa_metraje-10m","13":"pa_metraje-15m","14":"pa_metraje-20m","15":"pa_metraje-25m","16":"pa_pack-6madejas","18":"first","19":"instock","20":"sale","21":"taxable","22":"shipping-taxable","23":"purchasable","24":"product-type-variable"},"tiered_pricing_type":"fixed","tiered_pricing_fixed_rules":[],"tiered_pricing_product_settings":{"layout":"default","base_unit_name":{"singular":null,"plural":null},"default_variation":null},"tiered_pricing_minimum_quantity":null,"tiered_pricing_roles_data":[],"tiered_pricing_percentage_rules":[],"_links":{"self":[{"href":"https:\/\/hilaturasegea.com\/fr\/wp-json\/wp\/v2\/product\/3266","targetHints":{"allow":["GET"]}}],"collection":[{"href":"https:\/\/hilaturasegea.com\/fr\/wp-json\/wp\/v2\/product"}],"about":[{"href":"https:\/\/hilaturasegea.com\/fr\/wp-json\/wp\/v2\/types\/product"}],"wp:featuredmedia":[{"embeddable":true,"href":"https:\/\/hilaturasegea.com\/fr\/wp-json\/wp\/v2\/media\/3264"}],"wp:attachment":[{"href":"https:\/\/hilaturasegea.com\/fr\/wp-json\/wp\/v2\/media?parent=3266"}],"wp:term":[{"taxonomy":"product_brand","embeddable":true,"href":"https:\/\/hilaturasegea.com\/fr\/wp-json\/wp\/v2\/product_brand?post=3266"},{"taxonomy":"product_cat","embeddable":true,"href":"https:\/\/hilaturasegea.com\/fr\/wp-json\/wp\/v2\/product_cat?post=3266"},{"taxonomy":"product_tag","embeddable":true,"href":"https:\/\/hilaturasegea.com\/fr\/wp-json\/wp\/v2\/product_tag?post=3266"}],"curies":[{"name":"wp","href":"https:\/\/api.w.org\/{rel}","templated":true}]}}