{"id":3334,"date":"2019-11-04T13:45:23","date_gmt":"2019-11-04T13:45:23","guid":{"rendered":"https:\/\/hilaturasegea.com\/index.php\/producto\/red-seguridad-mosquitera-en-1263-1\/"},"modified":"2025-06-13T11:26:42","modified_gmt":"2025-06-13T09:26:42","slug":"red-seguridad-mosquitera-en-1263-1","status":"publish","type":"product","link":"https:\/\/hilaturasegea.com\/fr\/produit\/red-seguridad-mosquitera-en-1263-1\/","title":{"rendered":"Filet de s\u00e9curit\u00e9 + moustiquaire"},"content":{"rendered":"<p>Il est fabriqu\u00e9 selon la r\u00e9glementation EN 1263-1<\/p>\n<p>Fabriqu\u00e9 en polypropyl\u00e8ne haute t\u00e9nacit\u00e9 avec une corde p\u00e9rim\u00e9trique, cousue \u00e0 une moustiquaire en monofilament de poly\u00e9thyl\u00e8ne, pour couvrir les espaces verticaux, fix\u00e9e \u00e0 des supports de type fourche et bossoir.<\/p>\n<p>\u00c9TIQUETTE DE R\u00c9SEAU AVEC NOM DU FABRICANT ET CIF.<\/p>","protected":false},"excerpt":{"rendered":"<p>Se fabrica bajo la normativa EN 1263-1 Fabricado en Polipropileno alta tenacidad con cuerda perimetral, cosida a una malla mosquitera de monofilamentos de Polietileno, para cubrir huecos verticales, sujeta a soportes tipo horca y pescante. ETIQUETA DE LA RED CON NOMBRE Y CIF DEL FABRICANTE.<\/p>","protected":false},"featured_media":3330,"template":"","meta":[],"product_brand":[],"product_cat":[965,974,1001,1025,966,985],"product_tag":[],"class_list":{"0":"post-3334","1":"product","2":"type-product","3":"status-publish","4":"has-post-thumbnail","6":"product_cat-ferreteria","7":"product_cat-redes","8":"product_cat-seguridad-mosquitera","9":"product_cat-seguridad-mosquitera-redes","10":"product_cat-construccion","11":"product_cat-redes-ferreteria","12":"pa_colorredes-azul","13":"pa_medidasistemav-5mx10m","14":"pa_medidasistemav-segunmedida","16":"first","17":"instock","18":"sale","19":"taxable","20":"shipping-taxable","21":"purchasable","22":"product-type-variable"},"tiered_pricing_type":"fixed","tiered_pricing_fixed_rules":[],"tiered_pricing_product_settings":{"layout":"default","base_unit_name":{"singular":null,"plural":null},"default_variation":null},"tiered_pricing_minimum_quantity":null,"tiered_pricing_roles_data":[],"tiered_pricing_percentage_rules":[],"_links":{"self":[{"href":"https:\/\/hilaturasegea.com\/fr\/wp-json\/wp\/v2\/product\/3334","targetHints":{"allow":["GET"]}}],"collection":[{"href":"https:\/\/hilaturasegea.com\/fr\/wp-json\/wp\/v2\/product"}],"about":[{"href":"https:\/\/hilaturasegea.com\/fr\/wp-json\/wp\/v2\/types\/product"}],"wp:featuredmedia":[{"embeddable":true,"href":"https:\/\/hilaturasegea.com\/fr\/wp-json\/wp\/v2\/media\/3330"}],"wp:attachment":[{"href":"https:\/\/hilaturasegea.com\/fr\/wp-json\/wp\/v2\/media?parent=3334"}],"wp:term":[{"taxonomy":"product_brand","embeddable":true,"href":"https:\/\/hilaturasegea.com\/fr\/wp-json\/wp\/v2\/product_brand?post=3334"},{"taxonomy":"product_cat","embeddable":true,"href":"https:\/\/hilaturasegea.com\/fr\/wp-json\/wp\/v2\/product_cat?post=3334"},{"taxonomy":"product_tag","embeddable":true,"href":"https:\/\/hilaturasegea.com\/fr\/wp-json\/wp\/v2\/product_tag?post=3334"}],"curies":[{"name":"wp","href":"https:\/\/api.w.org\/{rel}","templated":true}]}}