{"id":3356,"date":"2025-04-11T16:36:32","date_gmt":"2025-04-11T14:36:32","guid":{"rendered":"https:\/\/hilaturasegea.com\/?post_type=product&#038;p=3356"},"modified":"2025-06-13T10:24:46","modified_gmt":"2025-06-13T08:24:46","slug":"red-deportiva","status":"publish","type":"product","link":"https:\/\/hilaturasegea.com\/fr\/produit\/red-deportiva\/","title":{"rendered":"Rouge \/ Sport"},"content":{"rendered":"<p>Fabriqu\u00e9 en polypropyl\u00e8ne ou polyamide haute t\u00e9nacit\u00e9, avec un n\u0153ud et une corde p\u00e9riph\u00e9rique cousue en carr\u00e9. Filet thermofix\u00e9 avec traitement UV.<\/p>\n<p><strong>FILETS UTILIS\u00c9S POUR PROT\u00c9GER LES INSTALLATIONS SPORTIVES.<\/strong><\/p>\n<p>Sur les terrains de paddle-tennis, de golf et de tennis, il est possible d&#039;utiliser des balles, des palets et d&#039;autres objets, ainsi que des d\u00e9corations, des filets, des garde-corps, etc.<\/p>\n<p><strong>HANDBALL, FOOTBALL, SOCCER ET WATER-POLO<\/strong><\/p>\n<p>Fabriqu\u00e9 en polyamide ou polypropyl\u00e8ne blanc haute t\u00e9nacit\u00e9, maille de 3,5 mm d&#039;\u00e9paisseur avec n\u0153ud, filet thermofix\u00e9 avec corde p\u00e9rim\u00e9trique de 6,5 mm avec traitement UV.<\/p>\n<p>Filets fabriqu\u00e9s selon les normes EN 748, EN 749 et EN 13451.<\/p>","protected":false},"excerpt":{"rendered":"<p>Fabricado en Polipropileno o Poliamida alta tenacidad con nudo y cuerda perimetral cosida al cuadrado. Red termofijada con tratamiento UV. REDES UTILIZADAS PARA PROTEGER RECINTOS DEPORTIVOS. En pistas de p\u00e1del, golf, tenis de posible salida de pelotas, discos, balones&#8230;, decoraci\u00f3n, red borda, guardamancebos, etc. BALONMANO, FUTBITO, F\u00daTBOL Y WATERPOLO Fabricado en Poliamida o Polipropileno blanca [&hellip;]<\/p>","protected":false},"featured_media":3344,"template":"","meta":[],"product_brand":[],"product_cat":[1021,997,965,974,966,985],"product_tag":[],"class_list":{"0":"post-3356","1":"product","2":"type-product","3":"status-publish","4":"has-post-thumbnail","6":"product_cat-deportiva","7":"product_cat-deportivas","8":"product_cat-ferreteria","9":"product_cat-redes","10":"product_cat-construccion","11":"product_cat-redes-ferreteria","12":"pa_colorredes-azul","13":"pa_colorredes-blanco","14":"pa_colorredes-negro","15":"pa_colorredes-verde","16":"pa_grosorreddeportiva-2_5mm","17":"pa_grosorreddeportiva-3_5mm","18":"pa_grosorreddeportiva-4_0mm","19":"pa_medidareddeportiva-25mmx25mm","20":"pa_medidareddeportiva-40mmx40mm","21":"pa_medidareddeportiva-50mmx50mm","22":"pa_medidareddeportiva-100mmx100mm","23":"pa_medidasreddeportiva-axbxcxd","24":"pa_pesoreddeportiva-90gm2","25":"pa_pesoreddeportiva-95gm2","26":"pa_pesoreddeportiva-100gm2","27":"pa_pesoreddeportiva-110gm2","28":"pa_pesoreddeportiva-180gm2","29":"pa_porteria-balonmano_futbolsala","30":"pa_porteria-futbol","31":"pa_porteria-waterpolo","32":"pa_usodered-proteccion","33":"pa_usodered-porterias","35":"first","36":"instock","37":"sale","38":"taxable","39":"shipping-taxable","40":"purchasable","41":"product-type-variable"},"tiered_pricing_type":"fixed","tiered_pricing_fixed_rules":[],"tiered_pricing_product_settings":{"layout":"default","base_unit_name":{"singular":null,"plural":null},"default_variation":null},"tiered_pricing_minimum_quantity":null,"tiered_pricing_roles_data":[],"tiered_pricing_percentage_rules":[],"_links":{"self":[{"href":"https:\/\/hilaturasegea.com\/fr\/wp-json\/wp\/v2\/product\/3356","targetHints":{"allow":["GET"]}}],"collection":[{"href":"https:\/\/hilaturasegea.com\/fr\/wp-json\/wp\/v2\/product"}],"about":[{"href":"https:\/\/hilaturasegea.com\/fr\/wp-json\/wp\/v2\/types\/product"}],"wp:featuredmedia":[{"embeddable":true,"href":"https:\/\/hilaturasegea.com\/fr\/wp-json\/wp\/v2\/media\/3344"}],"wp:attachment":[{"href":"https:\/\/hilaturasegea.com\/fr\/wp-json\/wp\/v2\/media?parent=3356"}],"wp:term":[{"taxonomy":"product_brand","embeddable":true,"href":"https:\/\/hilaturasegea.com\/fr\/wp-json\/wp\/v2\/product_brand?post=3356"},{"taxonomy":"product_cat","embeddable":true,"href":"https:\/\/hilaturasegea.com\/fr\/wp-json\/wp\/v2\/product_cat?post=3356"},{"taxonomy":"product_tag","embeddable":true,"href":"https:\/\/hilaturasegea.com\/fr\/wp-json\/wp\/v2\/product_tag?post=3356"}],"curies":[{"name":"wp","href":"https:\/\/api.w.org\/{rel}","templated":true}]}}