{"id":3456,"date":"2019-11-04T17:02:55","date_gmt":"2019-11-04T17:02:55","guid":{"rendered":"https:\/\/hilaturasegea.com\/index.php\/producto\/film-preestirado-manual\/"},"modified":"2025-06-13T11:24:26","modified_gmt":"2025-06-13T09:24:26","slug":"film-preestirado-manual","status":"publish","type":"product","link":"https:\/\/hilaturasegea.com\/fr\/produit\/film-preestirado-manual\/","title":{"rendered":"Film pr\u00e9-\u00e9tir\u00e9 \/ manuel"},"content":{"rendered":"<p><strong><img fetchpriority=\"high\" decoding=\"async\" class=\"size-full wp-image-3454\" src=\"https:\/\/hilaturasegea.com\/wp-content\/uploads\/2019\/11\/FILM-PREESTIRADO-MANUAL-NEGRO-1-copia.jpg\" alt=\"\" width=\"666\" height=\"239\" srcset=\"https:\/\/hilaturasegea.com\/wp-content\/uploads\/2019\/11\/FILM-PREESTIRADO-MANUAL-NEGRO-1-copia.jpg 666w, https:\/\/hilaturasegea.com\/wp-content\/uploads\/2019\/11\/FILM-PREESTIRADO-MANUAL-NEGRO-1-copia-600x215.jpg 600w, https:\/\/hilaturasegea.com\/wp-content\/uploads\/2019\/11\/FILM-PREESTIRADO-MANUAL-NEGRO-1-copia-300x108.jpg 300w\" sizes=\"(max-width: 666px) 100vw, 666px\" \/><\/strong><\/p>\n<p><span style=\"text-decoration: underline;\"><strong>PERFOR\u00c9:<\/strong><\/span><\/p>\n<p>FROID : IL NE CR\u00c9E PAS DE BARRI\u00c8RE, PERMETTANT AU FROID DE PASSER PARFAITEMENT JUSQU&#039;AU NOYAU.<\/p>\n<p>EN CAS DE CHALEUR : LAISSER S&#039;\u00c9CHAPPER POUR \u00c9VITER LA CONDENSATION.<\/p>\n<p><strong>M\u00c8TRES MINIMUM UNE FOIS APPLIQU\u00c9 : 350 m<\/strong><\/p>\n<p><strong>COMPOSITION: <\/strong>Film de poly\u00e9thyl\u00e8ne<\/p>\n<p><strong>CARACT\u00c9RISTIQUES:<\/strong> Gr\u00e2ce au pr\u00e9-\u00e9tirage manuel sup\u00e9rieur du 200%, lors de son utilisation dans le processus d&#039;emballage des marchandises, l&#039;op\u00e9rateur peut faire varier la tension d&#039;emballage appliqu\u00e9e au produit en fonction de ses caract\u00e9ristiques particuli\u00e8res.<\/p>\n<p><strong>SERVICES PUBLICS :<\/strong> L&#039;\u00e9lasticit\u00e9 mentionn\u00e9e ci-dessus, combin\u00e9e \u00e0 ses propri\u00e9t\u00e9s auto-adh\u00e9sives sp\u00e9ciales, fait de ce plastique unique un produit unique pour l&#039;emballage de tout type de mat\u00e9riau, en particulier pour la palettisation des charges, nous permettant de regrouper les produits finis pour le stockage.<\/p>","protected":false},"excerpt":{"rendered":"<p>PERFORADO: EN FR\u00cdO: NO HACE BARRERA DEJANDO PASAR EL FR\u00cdO PERFECTAMENTE AL N\u00daCLEO. EN CALOR: DEJA SALIR EL CALOR EVITANDO CONDENSACIONES. METROS M\u00cdNIMOS UNA VEZ APLICADO: 350 m COMPOSICI\u00d3N: Film de Polietileno CARACTER\u00cdSTICAS: Gracias al preestirado manual superior al 200%, durante su uso en el proceso de embalaje de las mercanc\u00edas, el operario puede ir [&hellip;]<\/p>","protected":false},"featured_media":3448,"template":"","meta":[],"product_brand":[],"product_cat":[1031,965,1181,1207,1372,975,966,1402,984,1092],"product_tag":[],"class_list":{"0":"post-3456","1":"product","2":"type-product","3":"status-publish","4":"has-post-thumbnail","6":"product_cat-embalaje-otros-articulos","7":"product_cat-ferreteria","8":"product_cat-film-paletizar-embalaje-otros-articulos-ferreteria","9":"product_cat-film-paletizar-embalaje-otros-articulos","10":"product_cat-manual-film-paletizar-embalaje-otros-articulos","11":"product_cat-otros-articulos","12":"product_cat-construccion","13":"product_cat-manual-film-paletizar-embalaje-otros-articulos-ferreteria","14":"product_cat-otros-articulos-ferreteria","15":"product_cat-embalaje-otros-articulos-ferreteria-ferreteria","16":"pa_formatofilm-blanco","17":"pa_formatofilm-negro","18":"pa_formatofilm-transparente","19":"pa_grosormicras-23micras","20":"pa_medidarollo-500mm","21":"pa_metroslineales-140m","22":"pa_metroslineales-150m","23":"pa_pesobobina-1_4kg","24":"pa_preestiradosuperior-781","25":"pa_presentacionfilm-cajade8unidades","27":"first","28":"instock","29":"sale","30":"taxable","31":"shipping-taxable","32":"purchasable","33":"product-type-variable"},"tiered_pricing_type":"fixed","tiered_pricing_fixed_rules":[],"tiered_pricing_product_settings":{"layout":"default","base_unit_name":{"singular":null,"plural":null},"default_variation":null},"tiered_pricing_minimum_quantity":null,"tiered_pricing_roles_data":[],"tiered_pricing_percentage_rules":[],"_links":{"self":[{"href":"https:\/\/hilaturasegea.com\/fr\/wp-json\/wp\/v2\/product\/3456","targetHints":{"allow":["GET"]}}],"collection":[{"href":"https:\/\/hilaturasegea.com\/fr\/wp-json\/wp\/v2\/product"}],"about":[{"href":"https:\/\/hilaturasegea.com\/fr\/wp-json\/wp\/v2\/types\/product"}],"wp:featuredmedia":[{"embeddable":true,"href":"https:\/\/hilaturasegea.com\/fr\/wp-json\/wp\/v2\/media\/3448"}],"wp:attachment":[{"href":"https:\/\/hilaturasegea.com\/fr\/wp-json\/wp\/v2\/media?parent=3456"}],"wp:term":[{"taxonomy":"product_brand","embeddable":true,"href":"https:\/\/hilaturasegea.com\/fr\/wp-json\/wp\/v2\/product_brand?post=3456"},{"taxonomy":"product_cat","embeddable":true,"href":"https:\/\/hilaturasegea.com\/fr\/wp-json\/wp\/v2\/product_cat?post=3456"},{"taxonomy":"product_tag","embeddable":true,"href":"https:\/\/hilaturasegea.com\/fr\/wp-json\/wp\/v2\/product_tag?post=3456"}],"curies":[{"name":"wp","href":"https:\/\/api.w.org\/{rel}","templated":true}]}}