{"id":3495,"date":"2019-11-04T17:13:49","date_gmt":"2019-11-04T17:13:49","guid":{"rendered":"https:\/\/hilaturasegea.com\/index.php\/producto\/precinto-pvc-manual\/"},"modified":"2025-06-13T11:21:12","modified_gmt":"2025-06-13T09:21:12","slug":"precinto-pvc-manual","status":"publish","type":"product","link":"https:\/\/hilaturasegea.com\/fr\/produit\/precinto-pvc-manual\/","title":{"rendered":"Joint PVC 50 mm x 132 m \/ Manuel"},"content":{"rendered":"<p><em>Sceau personnalis\u00e9. Consultez-nous !<\/em><\/p>\n<p><strong>COMPOSITION:<\/strong> Support en feuille PVC transparente, adh\u00e9sif en caoutchouc naturel et r\u00e9sines hydrocarbon\u00e9es.<\/p>\n<p><b>CARACT\u00c9RISTIQUES<\/b><strong>:<\/strong> Excellente adh\u00e9rence, adh\u00e9rence longue dur\u00e9e, excellente adh\u00e9rence m\u00eame sur cartons recycl\u00e9s.<\/p>\n<p><strong>SERVICES PUBLICS :<\/strong> Ruban adh\u00e9sif adapt\u00e9 \u00e0 la fermeture de tous types de bo\u00eetes en carton et de contenants en plastique \u00e0 usage manuel.<\/p>","protected":false},"excerpt":{"rendered":"<p>Precinto personalizado \u00a1Consultar! COMPOSICI\u00d3N: Soporte de l\u00e1mina de PVC transparente, adhesivo de caucho natural y resinas de hidrocarburo. CARACTER\u00cdSTICAS: Excelente tack, adhesi\u00f3n a larga duraci\u00f3n, excelente adhesi\u00f3n incluso en cajas de cart\u00f3n recicladas. UTILIDADES: Cinta adhesiva adecuada para cerrar todo tipo de cajas de cart\u00f3n y envases de pl\u00e1stico para uso manual.<\/p>","protected":false},"featured_media":3489,"template":"","meta":[],"product_brand":[],"product_cat":[1031,965,975,1374,1461,1459,966,1440,1442,1403,1291,984,1303,1092],"product_tag":[],"class_list":{"0":"post-3495","1":"product","2":"type-product","3":"status-publish","4":"has-post-thumbnail","6":"product_cat-embalaje-otros-articulos","7":"product_cat-ferreteria","8":"product_cat-otros-articulos","9":"product_cat-precinto-precinto-maquina","10":"product_cat-50-mm-x-132-m-manual-precinto-precinto-maquina","11":"product_cat-50-mm-x-132-m-manual-precinto-precinto-maquina-embalaje-otros-articulos-ferreteria-ferreteria","12":"product_cat-construccion","13":"product_cat-manual-precinto-precinto-maquina-embalaje-otros-articulos-ferreteria-ferreteria-precinto-maquina-embalaje-otros-articulos-ferreteria-ferreteria","14":"product_cat-manual-precinto-precinto-maquina-precinto-maquina","15":"product_cat-precinto-precinto-maquina-embalaje-otros-articulos-ferreteria-ferreteria","16":"product_cat-precinto-maquina","17":"product_cat-otros-articulos-ferreteria","18":"product_cat-precinto-maquina-embalaje-otros-articulos-ferreteria-ferreteria","19":"product_cat-embalaje-otros-articulos-ferreteria-ferreteria","20":"pa_colorprecinto-blanco","21":"pa_colorprecinto-marron","22":"pa_colorprecinto-transparente","23":"pa_medidaprecinto-50mmx132m","24":"pa_packprecinto-8cajas","25":"pa_presentacionprecinto-cajade36unidades","27":"first","28":"instock","29":"sale","30":"taxable","31":"shipping-taxable","32":"purchasable","33":"product-type-variable"},"tiered_pricing_type":"fixed","tiered_pricing_fixed_rules":[],"tiered_pricing_product_settings":{"layout":"default","base_unit_name":{"singular":null,"plural":null},"default_variation":null},"tiered_pricing_minimum_quantity":null,"tiered_pricing_roles_data":[],"tiered_pricing_percentage_rules":[],"_links":{"self":[{"href":"https:\/\/hilaturasegea.com\/fr\/wp-json\/wp\/v2\/product\/3495","targetHints":{"allow":["GET"]}}],"collection":[{"href":"https:\/\/hilaturasegea.com\/fr\/wp-json\/wp\/v2\/product"}],"about":[{"href":"https:\/\/hilaturasegea.com\/fr\/wp-json\/wp\/v2\/types\/product"}],"wp:featuredmedia":[{"embeddable":true,"href":"https:\/\/hilaturasegea.com\/fr\/wp-json\/wp\/v2\/media\/3489"}],"wp:attachment":[{"href":"https:\/\/hilaturasegea.com\/fr\/wp-json\/wp\/v2\/media?parent=3495"}],"wp:term":[{"taxonomy":"product_brand","embeddable":true,"href":"https:\/\/hilaturasegea.com\/fr\/wp-json\/wp\/v2\/product_brand?post=3495"},{"taxonomy":"product_cat","embeddable":true,"href":"https:\/\/hilaturasegea.com\/fr\/wp-json\/wp\/v2\/product_cat?post=3495"},{"taxonomy":"product_tag","embeddable":true,"href":"https:\/\/hilaturasegea.com\/fr\/wp-json\/wp\/v2\/product_tag?post=3495"}],"curies":[{"name":"wp","href":"https:\/\/api.w.org\/{rel}","templated":true}]}}