{"id":3505,"date":"2019-11-04T17:15:52","date_gmt":"2019-11-04T17:15:52","guid":{"rendered":"https:\/\/hilaturasegea.com\/index.php\/producto\/precinto-pp-automatico\/"},"modified":"2025-06-13T11:20:42","modified_gmt":"2025-06-13T09:20:42","slug":"precinto-pp-automatico","status":"publish","type":"product","link":"https:\/\/hilaturasegea.com\/fr\/produit\/precinto-pp-automatico\/","title":{"rendered":"Joint thermofusible PP 48 mm x 999 m \/ Automatique"},"content":{"rendered":"<p><em>Sceau personnalis\u00e9. Consultez-nous !<\/em><\/p>\n<p><strong>COMPOSITION:<\/strong> Support en feuille de polypropyl\u00e8ne bi-orient\u00e9 transparent, adh\u00e9sif en caoutchouc naturel et r\u00e9sines hydrocarbon\u00e9es.<\/p>\n<p><strong>CARACT\u00c9RISTIQUES:<\/strong> Excellente adh\u00e9rence, adh\u00e9rence longue dur\u00e9e, excellente adh\u00e9rence m\u00eame sur cartons recycl\u00e9s.<\/p>\n<p><strong>SERVICES PUBLICS :<\/strong> Ruban adh\u00e9sif adapt\u00e9 \u00e0 la fermeture de tous types de bo\u00eetes en carton et de conteneurs en plastique pour une utilisation manuelle et automatique.<\/p>","protected":false},"excerpt":{"rendered":"<p>Precinto personalizado \u00a1Consultar! COMPOSICI\u00d3N: Soporte de l\u00e1mina de polipropileno biorentado transparente, adhesivo de caucho natural y resinas de hidrocarburo. CARACTERISTICAS: Excelente tack, adhesi\u00f3n a larga duraci\u00f3n, excelente adhesi\u00f3n incluso en cajas de cart\u00f3n recicladas. UTILIDADES: Cinta adhesiva adecuada para cerrar todo tipo de cajas de cart\u00f3n y envases de pl\u00e1stico para uso manual y autom\u00e1tico.<\/p>","protected":false},"featured_media":3503,"template":"","meta":[],"product_brand":[],"product_cat":[1453,1457,1407,1412,1031,965,975,1374,966,1403,1291,984,1303,1092],"product_tag":[],"class_list":{"0":"post-3505","1":"product","2":"type-product","3":"status-publish","4":"has-post-thumbnail","6":"product_cat-48-mm-x-990-m-automatico-precinto-precinto-maquina-embalaje-otros-articulos-ferreteria-ferreteria","7":"product_cat-48-mm-x-990-m-automatico-precinto-precinto-maquina-precinto-precinto-maquina","8":"product_cat-automatico-precinto-precinto-maquina-embalaje-otros-articulos-ferreteria-ferreteria","9":"product_cat-automatico-precinto-precinto-maquina","10":"product_cat-embalaje-otros-articulos","11":"product_cat-ferreteria","12":"product_cat-otros-articulos","13":"product_cat-precinto-precinto-maquina","14":"product_cat-construccion","15":"product_cat-precinto-precinto-maquina-embalaje-otros-articulos-ferreteria-ferreteria","16":"product_cat-precinto-maquina","17":"product_cat-otros-articulos-ferreteria","18":"product_cat-precinto-maquina-embalaje-otros-articulos-ferreteria-ferreteria","19":"product_cat-embalaje-otros-articulos-ferreteria-ferreteria","20":"pa_colorprecinto-blanco","21":"pa_colorprecinto-marron","22":"pa_colorprecinto-transparente","23":"pa_medidaprecinto-48mmx999m","24":"pa_packprecinto-9cajas","25":"pa_presentacionprecinto-cajade6unidades","27":"first","28":"instock","29":"sale","30":"taxable","31":"shipping-taxable","32":"purchasable","33":"product-type-variable"},"tiered_pricing_type":"fixed","tiered_pricing_fixed_rules":[],"tiered_pricing_product_settings":{"layout":"default","base_unit_name":{"singular":null,"plural":null},"default_variation":null},"tiered_pricing_minimum_quantity":null,"tiered_pricing_roles_data":[],"tiered_pricing_percentage_rules":[],"_links":{"self":[{"href":"https:\/\/hilaturasegea.com\/fr\/wp-json\/wp\/v2\/product\/3505","targetHints":{"allow":["GET"]}}],"collection":[{"href":"https:\/\/hilaturasegea.com\/fr\/wp-json\/wp\/v2\/product"}],"about":[{"href":"https:\/\/hilaturasegea.com\/fr\/wp-json\/wp\/v2\/types\/product"}],"wp:featuredmedia":[{"embeddable":true,"href":"https:\/\/hilaturasegea.com\/fr\/wp-json\/wp\/v2\/media\/3503"}],"wp:attachment":[{"href":"https:\/\/hilaturasegea.com\/fr\/wp-json\/wp\/v2\/media?parent=3505"}],"wp:term":[{"taxonomy":"product_brand","embeddable":true,"href":"https:\/\/hilaturasegea.com\/fr\/wp-json\/wp\/v2\/product_brand?post=3505"},{"taxonomy":"product_cat","embeddable":true,"href":"https:\/\/hilaturasegea.com\/fr\/wp-json\/wp\/v2\/product_cat?post=3505"},{"taxonomy":"product_tag","embeddable":true,"href":"https:\/\/hilaturasegea.com\/fr\/wp-json\/wp\/v2\/product_tag?post=3505"}],"curies":[{"name":"wp","href":"https:\/\/api.w.org\/{rel}","templated":true}]}}