{"id":3519,"date":"2019-11-04T17:17:52","date_gmt":"2019-11-04T17:17:52","guid":{"rendered":"https:\/\/hilaturasegea.com\/index.php\/producto\/algodon-bayeta-punto\/"},"modified":"2025-06-13T11:19:34","modified_gmt":"2025-06-13T09:19:34","slug":"algodon-bayeta-punto","status":"publish","type":"product","link":"https:\/\/hilaturasegea.com\/fr\/produit\/algodon-bayeta-punto\/","title":{"rendered":"Coton \/ Tissu"},"content":{"rendered":"<h3><span style=\"text-decoration: underline;\"><strong>Tissu tricot\u00e9<\/strong><\/span><\/h3>\n<p><strong>COMPOSITION:<\/strong> Tissu compos\u00e9 de 60 % Coton, 30 % Polyester et 10 % autres fibres.<\/p>\n<p><strong>CARACT\u00c9RISTIQUES:<\/strong> Chiffons pr\u00e9sent\u00e9s en paquets de 12 unit\u00e9s.<\/p>\n<p><strong>SERVICES PUBLICS :<\/strong> Chiffon en coton double tissage pour nettoyer les cuisines, les meubles, les carreaux, les voitures, etc.<\/p>\n<h3><span style=\"text-decoration: underline;\"><strong>TISSU GRILLE<\/strong><\/span><\/h3>\n<p><strong>COMPOSITION:<\/strong>\u00a0Tissu compos\u00e9 de 80 % Coton et 20 % fibres diverses.<\/p>\n<p><strong>CARACT\u00c9RISTIQUES:<\/strong>\u00a0Chiffons pr\u00e9sent\u00e9s en paquets de 12 unit\u00e9s.<\/p>\n<p><strong>SERVICES PUBLICS :<\/strong>\u00a0Tissu en coton \u00e0 tissage simple pour l&#039;h\u00f4tellerie, les ateliers, l&#039;industrie et l&#039;industrie automobile.<\/p>","protected":false},"excerpt":{"rendered":"<p>BAYETA PUNTO COMPOSICI\u00d3N: Tejido compuesto de 60 % Algod\u00f3n, 30 % Poli\u00e9ster y 10 % otras fibras. CARACTER\u00cdSTICAS: Bayetas presentadas en paquetes de 12 unidades. UTILIDADES: Bayeta de tejido doble de algod\u00f3n para la limpieza de cocinas, muebles, azulejos, autom\u00f3viles, etc. BAYETA REJILLA COMPOSICI\u00d3N:\u00a0Tejido compuesto de 80 % Algod\u00f3n y 20 % fibras diversas. CARACTER\u00cdSTICAS:\u00a0Bayetas [&hellip;]<\/p>","protected":false},"featured_media":3513,"template":"","meta":[],"product_brand":[],"product_cat":[1211,1377,1254,965,1042,976,967,984,1113],"product_tag":[],"class_list":{"0":"post-3519","1":"product","2":"type-product","3":"status-publish","4":"has-post-thumbnail","6":"product_cat-algodon-limpieza-otros-articulos-ferreteria-ferreteria","7":"product_cat-bayeta-algodon-limpieza-otros-articulos-ferreteria-ferreteria","8":"product_cat-bayeta","9":"product_cat-ferreteria","10":"product_cat-limpieza-otros-articulos-nautica","11":"product_cat-otros-articulos-nautica","12":"product_cat-nautica","13":"product_cat-otros-articulos-ferreteria","14":"product_cat-limpieza-otros-articulos-ferreteria-ferreteria","15":"pa_colorbayeta-azul","16":"pa_colorbayeta-blanco","17":"pa_medidabayeta-33cmx40cm","18":"pa_medidabayeta-40cmx40cm","19":"pa_packbayeta-sacode20paquetes","20":"pa_packbayeta-sacode25paquetes","21":"pa_pesobayeta-325gaproximados","22":"pa_pesobayeta-625gaproximados","23":"pa_presentacionbayeta-paquetecon1docena","24":"pa_tipodebayeta-punto","25":"pa_tipodebayeta-rejilla","27":"first","28":"instock","29":"sale","30":"taxable","31":"shipping-taxable","32":"purchasable","33":"product-type-variable"},"tiered_pricing_type":"fixed","tiered_pricing_fixed_rules":[],"tiered_pricing_product_settings":{"layout":"default","base_unit_name":{"singular":null,"plural":null},"default_variation":null},"tiered_pricing_minimum_quantity":null,"tiered_pricing_roles_data":[],"tiered_pricing_percentage_rules":[],"_links":{"self":[{"href":"https:\/\/hilaturasegea.com\/fr\/wp-json\/wp\/v2\/product\/3519","targetHints":{"allow":["GET"]}}],"collection":[{"href":"https:\/\/hilaturasegea.com\/fr\/wp-json\/wp\/v2\/product"}],"about":[{"href":"https:\/\/hilaturasegea.com\/fr\/wp-json\/wp\/v2\/types\/product"}],"wp:featuredmedia":[{"embeddable":true,"href":"https:\/\/hilaturasegea.com\/fr\/wp-json\/wp\/v2\/media\/3513"}],"wp:attachment":[{"href":"https:\/\/hilaturasegea.com\/fr\/wp-json\/wp\/v2\/media?parent=3519"}],"wp:term":[{"taxonomy":"product_brand","embeddable":true,"href":"https:\/\/hilaturasegea.com\/fr\/wp-json\/wp\/v2\/product_brand?post=3519"},{"taxonomy":"product_cat","embeddable":true,"href":"https:\/\/hilaturasegea.com\/fr\/wp-json\/wp\/v2\/product_cat?post=3519"},{"taxonomy":"product_tag","embeddable":true,"href":"https:\/\/hilaturasegea.com\/fr\/wp-json\/wp\/v2\/product_tag?post=3519"}],"curies":[{"name":"wp","href":"https:\/\/api.w.org\/{rel}","templated":true}]}}