{"id":3525,"date":"2019-11-04T17:30:41","date_gmt":"2019-11-04T17:30:41","guid":{"rendered":"https:\/\/hilaturasegea.com\/index.php\/producto\/esparto-2\/"},"modified":"2025-06-13T11:18:21","modified_gmt":"2025-06-13T09:18:21","slug":"esparto-2","status":"publish","type":"product","link":"https:\/\/hilaturasegea.com\/fr\/produit\/esparto-2\/","title":{"rendered":"Esparto \/ Hachage Agricole 1er"},"content":{"rendered":"<p>Sparte, fibre 100% v\u00e9g\u00e9tale, \u00e9cologique et biod\u00e9gradable.<\/p>\n<p><strong>1\u00e8re coupe agricole :<\/strong>\u00a0L&#039;alfa, apr\u00e8s avoir \u00e9t\u00e9 mouill\u00e9 et s\u00e9ch\u00e9, est ratiss\u00e9, laissant les filaments aplatis et les brins ouverts, pr\u00eats \u00e0 \u00eatre utilis\u00e9s pour attacher les vignes, etc.<\/p>\n<p><strong>PR\u00c9SENTATION:<\/strong>\u00a01 paquet \/ 12 bottes = 9 \u00e0 10 kg\/environ.<\/p>","protected":false},"excerpt":{"rendered":"<p>Esparto, fibra 100 % vegetal, ecol\u00f3gica y biodegradable. Picado 1\u00ba agr\u00edcola:\u00a0Esparto, previo mojado y secado, es rastrillado quedando los filamentos chafados y las hebras abiertas, preparados para ser utilizados para atar en vi\u00f1as, etc. PRESENTACI\u00d3N:\u00a01 paquete \/ 12 Manojos = 9 a 10 kg\/aprox.<\/p>","protected":false},"featured_media":3523,"template":"","meta":[],"product_brand":[],"product_cat":[970,991,965,1302],"product_tag":[],"class_list":{"0":"post-3525","1":"product","2":"type-product","3":"status-publish","4":"has-post-thumbnail","6":"product_cat-cordeleria","7":"product_cat-esparto","8":"product_cat-ferreteria","9":"product_cat-picado","10":"pa_pack-25unidades","12":"first","13":"instock","14":"sale","15":"taxable","16":"shipping-taxable","17":"purchasable","18":"product-type-variable","19":"has-default-attributes"},"tiered_pricing_type":"fixed","tiered_pricing_fixed_rules":[],"tiered_pricing_product_settings":{"layout":"default","base_unit_name":{"singular":null,"plural":null},"default_variation":null},"tiered_pricing_minimum_quantity":null,"tiered_pricing_roles_data":[],"tiered_pricing_percentage_rules":[],"_links":{"self":[{"href":"https:\/\/hilaturasegea.com\/fr\/wp-json\/wp\/v2\/product\/3525","targetHints":{"allow":["GET"]}}],"collection":[{"href":"https:\/\/hilaturasegea.com\/fr\/wp-json\/wp\/v2\/product"}],"about":[{"href":"https:\/\/hilaturasegea.com\/fr\/wp-json\/wp\/v2\/types\/product"}],"wp:featuredmedia":[{"embeddable":true,"href":"https:\/\/hilaturasegea.com\/fr\/wp-json\/wp\/v2\/media\/3523"}],"wp:attachment":[{"href":"https:\/\/hilaturasegea.com\/fr\/wp-json\/wp\/v2\/media?parent=3525"}],"wp:term":[{"taxonomy":"product_brand","embeddable":true,"href":"https:\/\/hilaturasegea.com\/fr\/wp-json\/wp\/v2\/product_brand?post=3525"},{"taxonomy":"product_cat","embeddable":true,"href":"https:\/\/hilaturasegea.com\/fr\/wp-json\/wp\/v2\/product_cat?post=3525"},{"taxonomy":"product_tag","embeddable":true,"href":"https:\/\/hilaturasegea.com\/fr\/wp-json\/wp\/v2\/product_tag?post=3525"}],"curies":[{"name":"wp","href":"https:\/\/api.w.org\/{rel}","templated":true}]}}