{"id":3529,"date":"2025-06-13T11:13:17","date_gmt":"2025-06-13T09:13:17","guid":{"rendered":"https:\/\/hilaturasegea.com\/?post_type=product&#038;p=3529"},"modified":"2025-06-13T11:13:18","modified_gmt":"2025-06-13T09:13:18","slug":"esparto-4","status":"publish","type":"product","link":"https:\/\/hilaturasegea.com\/fr\/produit\/esparto-4\/","title":{"rendered":"Esparto \/ Pleita"},"content":{"rendered":"<p>Sparte, fibre 100% v\u00e9g\u00e9tale, \u00e9cologique et biod\u00e9gradable.<\/p>\n<p><strong>Pl\u00e9ita:<\/strong>\u00a0Les branches d&#039;alfa tiss\u00e9es \u00e0 la main sont utilis\u00e9es pour fabriquer des tapis, des rideaux, des moquettes, etc.<\/p>\n<p><strong>PR\u00c9SENTATION:<\/strong> Rouleau de 20 m (environ 3 kg pour 7 cm et 4 kg pour 9 cm)<\/p>","protected":false},"excerpt":{"rendered":"<p>Esparto, fibra 100 % vegetal, ecol\u00f3gica y biodegradable. Pleita:\u00a0Esparto en rama entrelazados a mano se confecciona, esteras, cortinas, alfombras, etc. PRESENTACI\u00d3N: Rollo de 20m (Aprox. 3kg para 7cm y 4kg para 9cm)<\/p>","protected":false},"featured_media":3527,"template":"","meta":[],"product_brand":[],"product_cat":[970,991,965],"product_tag":[],"class_list":{"0":"post-3529","1":"product","2":"type-product","3":"status-publish","4":"has-post-thumbnail","6":"product_cat-cordeleria","7":"product_cat-esparto","8":"product_cat-ferreteria","9":"pa_ancho-7cm","10":"pa_ancho-9cm","11":"pa_metraje-20m","12":"pa_peso-3kg","13":"pa_peso-4kg","15":"first","16":"outofstock","17":"sale","18":"taxable","19":"shipping-taxable","20":"purchasable","21":"product-type-variable"},"tiered_pricing_type":"fixed","tiered_pricing_fixed_rules":[],"tiered_pricing_product_settings":{"layout":"default","base_unit_name":{"singular":null,"plural":null},"default_variation":null},"tiered_pricing_minimum_quantity":null,"tiered_pricing_roles_data":[],"tiered_pricing_percentage_rules":[],"_links":{"self":[{"href":"https:\/\/hilaturasegea.com\/fr\/wp-json\/wp\/v2\/product\/3529","targetHints":{"allow":["GET"]}}],"collection":[{"href":"https:\/\/hilaturasegea.com\/fr\/wp-json\/wp\/v2\/product"}],"about":[{"href":"https:\/\/hilaturasegea.com\/fr\/wp-json\/wp\/v2\/types\/product"}],"wp:featuredmedia":[{"embeddable":true,"href":"https:\/\/hilaturasegea.com\/fr\/wp-json\/wp\/v2\/media\/3527"}],"wp:attachment":[{"href":"https:\/\/hilaturasegea.com\/fr\/wp-json\/wp\/v2\/media?parent=3529"}],"wp:term":[{"taxonomy":"product_brand","embeddable":true,"href":"https:\/\/hilaturasegea.com\/fr\/wp-json\/wp\/v2\/product_brand?post=3529"},{"taxonomy":"product_cat","embeddable":true,"href":"https:\/\/hilaturasegea.com\/fr\/wp-json\/wp\/v2\/product_cat?post=3529"},{"taxonomy":"product_tag","embeddable":true,"href":"https:\/\/hilaturasegea.com\/fr\/wp-json\/wp\/v2\/product_tag?post=3529"}],"curies":[{"name":"wp","href":"https:\/\/api.w.org\/{rel}","templated":true}]}}