{"id":3534,"date":"2019-11-04T17:33:52","date_gmt":"2019-11-04T17:33:52","guid":{"rendered":"https:\/\/hilaturasegea.com\/index.php\/producto\/esparto-3\/"},"modified":"2025-06-13T11:13:00","modified_gmt":"2025-06-13T09:13:00","slug":"esparto-3","status":"publish","type":"product","link":"https:\/\/hilaturasegea.com\/fr\/produit\/esparto-3\/","title":{"rendered":"Esparto \/ Tampon \u00e0 r\u00e9curer"},"content":{"rendered":"<p>Sparte, fibre 100% v\u00e9g\u00e9tale, \u00e9cologique et biod\u00e9gradable.<\/p>\n<p><strong>Tampon \u00e0 r\u00e9curer :<\/strong>\u00a0Brins d&#039;herbe d&#039;alfa entrelac\u00e9s, utilis\u00e9s pour le r\u00e9curage, le polissage, le bricolage, etc.<\/p>\n<p><strong>PR\u00c9SENTATION:<\/strong>\u00a01 paquet = 252 unit\u00e9s<\/p>","protected":false},"excerpt":{"rendered":"<p>Esparto, fibra 100 % vegetal, ecol\u00f3gica y biodegradable. Estropajo:\u00a0Hebras de Esparto entrelazadas entre s\u00ed, utilizado para fregar, pulir, bricolaje, etc. PRESENTACI\u00d3N:\u00a01\u00a0Paquete\u00a0= 252\u00a0unidades<\/p>","protected":false},"featured_media":3532,"template":"","meta":[],"product_brand":[],"product_cat":[970,991,965,1284],"product_tag":[],"class_list":{"0":"post-3534","1":"product","2":"type-product","3":"status-publish","4":"has-post-thumbnail","6":"product_cat-cordeleria","7":"product_cat-esparto","8":"product_cat-ferreteria","9":"product_cat-estropajo","10":"pa_peso-25gunidad","11":"pa_presentacion-1paquete252unidades","13":"first","14":"instock","15":"sale","16":"taxable","17":"shipping-taxable","18":"purchasable","19":"product-type-variable","20":"has-default-attributes"},"tiered_pricing_type":"fixed","tiered_pricing_fixed_rules":[],"tiered_pricing_product_settings":{"layout":"default","base_unit_name":{"singular":null,"plural":null},"default_variation":null},"tiered_pricing_minimum_quantity":null,"tiered_pricing_roles_data":[],"tiered_pricing_percentage_rules":[],"_links":{"self":[{"href":"https:\/\/hilaturasegea.com\/fr\/wp-json\/wp\/v2\/product\/3534","targetHints":{"allow":["GET"]}}],"collection":[{"href":"https:\/\/hilaturasegea.com\/fr\/wp-json\/wp\/v2\/product"}],"about":[{"href":"https:\/\/hilaturasegea.com\/fr\/wp-json\/wp\/v2\/types\/product"}],"wp:featuredmedia":[{"embeddable":true,"href":"https:\/\/hilaturasegea.com\/fr\/wp-json\/wp\/v2\/media\/3532"}],"wp:attachment":[{"href":"https:\/\/hilaturasegea.com\/fr\/wp-json\/wp\/v2\/media?parent=3534"}],"wp:term":[{"taxonomy":"product_brand","embeddable":true,"href":"https:\/\/hilaturasegea.com\/fr\/wp-json\/wp\/v2\/product_brand?post=3534"},{"taxonomy":"product_cat","embeddable":true,"href":"https:\/\/hilaturasegea.com\/fr\/wp-json\/wp\/v2\/product_cat?post=3534"},{"taxonomy":"product_tag","embeddable":true,"href":"https:\/\/hilaturasegea.com\/fr\/wp-json\/wp\/v2\/product_tag?post=3534"}],"curies":[{"name":"wp","href":"https:\/\/api.w.org\/{rel}","templated":true}]}}