{"id":3561,"date":"2019-11-11T18:03:17","date_gmt":"2019-11-11T18:03:17","guid":{"rendered":"https:\/\/hilaturasegea.com\/index.php\/producto\/red-construccion-tipo-v\/"},"modified":"2025-06-13T11:10:46","modified_gmt":"2025-06-13T09:10:46","slug":"red-construccion-tipo-v","status":"publish","type":"product","link":"https:\/\/hilaturasegea.com\/fr\/produit\/red-construccion-tipo-v\/","title":{"rendered":"Filet de s\u00e9curit\u00e9 \/ Type V"},"content":{"rendered":"<p>Il est fabriqu\u00e9 selon la r\u00e9glementation EN1263-1<\/p>\n<p><em>Syst\u00e8me V A2 D100 avec losange et n\u0153ud<\/em><\/p>\n<p>Fabriqu\u00e9 en polypropyl\u00e8ne haute t\u00e9nacit\u00e9, avec une corde p\u00e9riph\u00e9rique pour couvrir les espaces verticaux, fix\u00e9 \u00e0 des supports de type fourche ou bossoirs. \u00c9TIQUETTE DE FILET AVEC NOM DU FABRICANT ET CIF<\/p>\n<p>Autres mesures Consultez!<\/p>","protected":false},"excerpt":{"rendered":"<h3><\/h3>","protected":false},"featured_media":3555,"template":"","meta":[],"product_brand":[],"product_cat":[965,974,1005,1029,966,985],"product_tag":[],"class_list":{"0":"post-3561","1":"product","2":"type-product","3":"status-publish","4":"has-post-thumbnail","6":"product_cat-ferreteria","7":"product_cat-redes","8":"product_cat-tipo-v","9":"product_cat-tipo-v-redes","10":"product_cat-construccion","11":"product_cat-redes-ferreteria","12":"pa_colorredes-azul","13":"pa_colorredes-blanco","14":"pa_medidasistemav-5mx10m","16":"first","17":"instock","18":"sale","19":"taxable","20":"shipping-taxable","21":"purchasable","22":"product-type-variable"},"tiered_pricing_type":"fixed","tiered_pricing_fixed_rules":[],"tiered_pricing_product_settings":{"layout":"default","base_unit_name":{"singular":null,"plural":null},"default_variation":null},"tiered_pricing_minimum_quantity":null,"tiered_pricing_roles_data":[],"tiered_pricing_percentage_rules":[],"_links":{"self":[{"href":"https:\/\/hilaturasegea.com\/fr\/wp-json\/wp\/v2\/product\/3561","targetHints":{"allow":["GET"]}}],"collection":[{"href":"https:\/\/hilaturasegea.com\/fr\/wp-json\/wp\/v2\/product"}],"about":[{"href":"https:\/\/hilaturasegea.com\/fr\/wp-json\/wp\/v2\/types\/product"}],"wp:featuredmedia":[{"embeddable":true,"href":"https:\/\/hilaturasegea.com\/fr\/wp-json\/wp\/v2\/media\/3555"}],"wp:attachment":[{"href":"https:\/\/hilaturasegea.com\/fr\/wp-json\/wp\/v2\/media?parent=3561"}],"wp:term":[{"taxonomy":"product_brand","embeddable":true,"href":"https:\/\/hilaturasegea.com\/fr\/wp-json\/wp\/v2\/product_brand?post=3561"},{"taxonomy":"product_cat","embeddable":true,"href":"https:\/\/hilaturasegea.com\/fr\/wp-json\/wp\/v2\/product_cat?post=3561"},{"taxonomy":"product_tag","embeddable":true,"href":"https:\/\/hilaturasegea.com\/fr\/wp-json\/wp\/v2\/product_tag?post=3561"}],"curies":[{"name":"wp","href":"https:\/\/api.w.org\/{rel}","templated":true}]}}