{"id":3622,"date":"2019-11-12T12:42:39","date_gmt":"2019-11-12T12:42:39","guid":{"rendered":"https:\/\/hilaturasegea.com\/index.php\/producto\/felpudo-coco-natural\/"},"modified":"2025-06-13T11:08:57","modified_gmt":"2025-06-13T09:08:57","slug":"felpudo-coco-natural","status":"publish","type":"product","link":"https:\/\/hilaturasegea.com\/fr\/produit\/felpudo-coco-natural\/","title":{"rendered":"Paillasson \/ Noix de coco naturelle"},"content":{"rendered":"<h2><span style=\"text-decoration: underline;\"><strong>NOIX DE COCO NATURELLE<\/strong><\/span><\/h2>\n<p><strong>Composition:<\/strong> 100 % fibre de coco naturelle, support en caoutchouc antid\u00e9rapant.<\/p>\n<p><strong>Caract\u00e9ristiques:<\/strong> Tr\u00e8s solide et durable, ne se d\u00e9compose pas facilement, bonne r\u00e9sistance microbienne, r\u00e9sistant au soleil 100 % biod\u00e9gradable (sans la couche de caoutchouc).<\/p>\n<p><strong>Utilitaires :<\/strong> Tapis, rev\u00eatements de sol pour couloirs, panneaux isolants, am\u00e9nagement paysager, artisanat, etc.<\/p>\n<p><span style=\"text-decoration: underline;\"><strong>NOIX DE COCO NOIRE NATURELLE :<\/strong><\/span><strong>\u00a0<\/strong>100 % fibre de coco naturelle teinte en noir, support en caoutchouc antid\u00e9rapant.<\/p>\n<p><span style=\"text-decoration: underline;\"><strong>BORDURE EN NOIX DE COCO NATURELLE, COULEUR ET DEMI-LUNE :<\/strong><\/span><strong>\u00a0<\/strong>Emballage : Couleurs assorties<\/p>\n<p><span style=\"text-decoration: underline;\"><strong>NOIX DE COCO NATURELLE PERSONNALIS\u00c9E :<\/strong><\/span><strong>\u00a0<\/strong>Possibilit\u00e9 de d\u00e9coupe \u00e0 la dimension demand\u00e9e.<\/p>","protected":false},"excerpt":{"rendered":"<p>COCO NATURAL Composici\u00f3n: 100 % fibra de coco natural, soporte de goma antideslizante. Caracter\u00edsticas: Muy resistente y duradero, no se descompone con facilidad, buena resistencia microbiana, resistente a la luz solar 100 % biodegradable (sin la capa de goma). Utilidades: Alfombras, revestimiento de pasillos, paneles de aislamiento, paisajismo, manualidades, etc&#8230; COCO NATURAL NEGRO :\u00a0100 % [&hellip;]<\/p>","protected":false},"featured_media":3612,"template":"","meta":[],"product_brand":[],"product_cat":[965,1286,984,1104],"product_tag":[],"class_list":{"0":"post-3622","1":"product","2":"type-product","3":"status-publish","4":"has-post-thumbnail","6":"product_cat-ferreteria","7":"product_cat-natural","8":"product_cat-otros-articulos-ferreteria","9":"product_cat-felpudos","10":"pa_felpudonombre-cenefa","11":"pa_felpudonombre-natural","12":"pa_felpudonombre-personalizado","13":"pa_felpudonombre-semi_luna","14":"pa_grosorfelpudo-15mm","15":"pa_grosorfelpudo-17mm","16":"pa_medidafelpudo-0_33mx0_60m","17":"pa_medidafelpudo-0_40mx0_70m","18":"pa_medidafelpudo-0_45mx0_80m","19":"pa_medidafelpudo-0_50mx0_90m","20":"pa_medidafelpudo-0_60mx1_00m","21":"pa_medidafelpudo-0_70mx1_20m","22":"pa_medidafelpudo-0_80mx1_40m","23":"pa_medidafelpudo-0_80mx12_00m","24":"pa_medidafelpudo-1_20mx12_00m","25":"pa_medidafelpudo-1_40mx12_00m","26":"pa_medidafelpudo-1_60mx12_00m","27":"pa_medidafelpudo-1_80mx12_00m","28":"pa_medidafelpudo-2_00mx12_00m","29":"pa_medidafelpudo-personalizado","30":"pa_medidafelpudo-1_00mx16_00m","31":"pa_packingfelpudos-1unidad","32":"pa_packingfelpudos-5unidades","33":"pa_packingfelpudos-6unidades","34":"pa_packingfelpudos-10unidades","36":"first","37":"instock","38":"sale","39":"taxable","40":"shipping-taxable","41":"purchasable","42":"product-type-variable"},"tiered_pricing_type":"fixed","tiered_pricing_fixed_rules":[],"tiered_pricing_product_settings":{"layout":"default","base_unit_name":{"singular":null,"plural":null},"default_variation":null},"tiered_pricing_minimum_quantity":null,"tiered_pricing_roles_data":[],"tiered_pricing_percentage_rules":[],"_links":{"self":[{"href":"https:\/\/hilaturasegea.com\/fr\/wp-json\/wp\/v2\/product\/3622","targetHints":{"allow":["GET"]}}],"collection":[{"href":"https:\/\/hilaturasegea.com\/fr\/wp-json\/wp\/v2\/product"}],"about":[{"href":"https:\/\/hilaturasegea.com\/fr\/wp-json\/wp\/v2\/types\/product"}],"wp:featuredmedia":[{"embeddable":true,"href":"https:\/\/hilaturasegea.com\/fr\/wp-json\/wp\/v2\/media\/3612"}],"wp:attachment":[{"href":"https:\/\/hilaturasegea.com\/fr\/wp-json\/wp\/v2\/media?parent=3622"}],"wp:term":[{"taxonomy":"product_brand","embeddable":true,"href":"https:\/\/hilaturasegea.com\/fr\/wp-json\/wp\/v2\/product_brand?post=3622"},{"taxonomy":"product_cat","embeddable":true,"href":"https:\/\/hilaturasegea.com\/fr\/wp-json\/wp\/v2\/product_cat?post=3622"},{"taxonomy":"product_tag","embeddable":true,"href":"https:\/\/hilaturasegea.com\/fr\/wp-json\/wp\/v2\/product_tag?post=3622"}],"curies":[{"name":"wp","href":"https:\/\/api.w.org\/{rel}","templated":true}]}}