{"id":3653,"date":"2019-11-12T12:48:26","date_gmt":"2019-11-12T12:48:26","guid":{"rendered":"https:\/\/hilaturasegea.com\/index.php\/producto\/felpudo-coco-sintetico\/"},"modified":"2025-06-13T11:08:20","modified_gmt":"2025-06-13T09:08:20","slug":"felpudo-coco-sintetico","status":"publish","type":"product","link":"https:\/\/hilaturasegea.com\/fr\/produit\/felpudo-coco-sintetico\/","title":{"rendered":"Paillasson \/ Noix de coco synth\u00e9tique"},"content":{"rendered":"<p><strong>*Couleurs assorties :<\/strong> Comprend les couleurs Naturel, Vert, Bleu, Marron.<\/p>\n<p><strong>*\u00c9paisseur:<\/strong>\u00a011,5 mm<\/p>\n<p><strong>Composition:<\/strong> Fibre polypropyl\u00e8ne 100 %, aiguilletage ISO 2424, aspect velours coup\u00e9, support PVC ISO 2424.<\/p>\n<p><strong>Caract\u00e9ristiques:<\/strong> Tr\u00e8s solide et durable, ne se d\u00e9compose pas facilement, bonne r\u00e9sistance au soleil, r\u00e9sistance \u00e0 la salet\u00e9, facile \u00e0 nettoyer, poids 4200 g\/m2.<\/p>\n<p><strong>Utilitaires :<\/strong> Tapis, rev\u00eatements de sol pour couloirs, panneaux isolants, etc.<\/p>","protected":false},"excerpt":{"rendered":"<p>*Colores Surtido: Incluye colores Natural, Verde, Azul, Marr\u00f3n. *Grosor:\u00a011,5 mm Composici\u00f3n: 100 % fibra de polipropileno, punzonado ISO 2424, aspecto de pelo cortado, backing PVC ISO 2424. Caracter\u00edsticas: Muy resistente y duradero, no se descompone con facilidad, buena resistencia a la luz solar, resistencia a la suciedad, f\u00e1cil de limpiar, peso 4200 g\/m2. Utilidades: Alfombras, [&hellip;]<\/p>","protected":false},"featured_media":3647,"template":"","meta":[],"product_brand":[],"product_cat":[965,1287,984,1104],"product_tag":[],"class_list":{"0":"post-3653","1":"product","2":"type-product","3":"status-publish","4":"has-post-thumbnail","6":"product_cat-ferreteria","7":"product_cat-sintetico","8":"product_cat-otros-articulos-ferreteria","9":"product_cat-felpudos","10":"pa_colorfelpudo-marron","11":"pa_colorfelpudo-natural","12":"pa_colorfelpudo-negro","13":"pa_colorfelpudo-surtido","14":"pa_medidafelpudosintetico-0_40mx0_70m","15":"pa_medidafelpudosintetico-0_60mx1_00m","16":"pa_medidafelpudosintetico-1_00mx15_00m","17":"pa_medidafelpudosintetico-2_00mx15_00m","18":"pa_medidafelpudosintetico-personalizado","19":"pa_packingfelpudosintetico-1unidad","20":"pa_packingfelpudosintetico-7unidadessurtidas","21":"pa_packingfelpudosintetico-10unidades","23":"first","24":"instock","25":"sale","26":"taxable","27":"shipping-taxable","28":"purchasable","29":"product-type-variable"},"tiered_pricing_type":"fixed","tiered_pricing_fixed_rules":[],"tiered_pricing_product_settings":{"layout":"default","base_unit_name":{"singular":null,"plural":null},"default_variation":null},"tiered_pricing_minimum_quantity":null,"tiered_pricing_roles_data":[],"tiered_pricing_percentage_rules":[],"_links":{"self":[{"href":"https:\/\/hilaturasegea.com\/fr\/wp-json\/wp\/v2\/product\/3653","targetHints":{"allow":["GET"]}}],"collection":[{"href":"https:\/\/hilaturasegea.com\/fr\/wp-json\/wp\/v2\/product"}],"about":[{"href":"https:\/\/hilaturasegea.com\/fr\/wp-json\/wp\/v2\/types\/product"}],"wp:featuredmedia":[{"embeddable":true,"href":"https:\/\/hilaturasegea.com\/fr\/wp-json\/wp\/v2\/media\/3647"}],"wp:attachment":[{"href":"https:\/\/hilaturasegea.com\/fr\/wp-json\/wp\/v2\/media?parent=3653"}],"wp:term":[{"taxonomy":"product_brand","embeddable":true,"href":"https:\/\/hilaturasegea.com\/fr\/wp-json\/wp\/v2\/product_brand?post=3653"},{"taxonomy":"product_cat","embeddable":true,"href":"https:\/\/hilaturasegea.com\/fr\/wp-json\/wp\/v2\/product_cat?post=3653"},{"taxonomy":"product_tag","embeddable":true,"href":"https:\/\/hilaturasegea.com\/fr\/wp-json\/wp\/v2\/product_tag?post=3653"}],"curies":[{"name":"wp","href":"https:\/\/api.w.org\/{rel}","templated":true}]}}