{"id":3872,"date":"2019-11-12T12:57:55","date_gmt":"2019-11-12T12:57:55","guid":{"rendered":"https:\/\/hilaturasegea.com\/index.php\/producto\/multiusos-wavy\/"},"modified":"2025-06-13T10:51:42","modified_gmt":"2025-06-13T08:51:42","slug":"multiusos-wavy","status":"publish","type":"product","link":"https:\/\/hilaturasegea.com\/fr\/produit\/multiusos-wavy\/","title":{"rendered":"Polyvalent \/ Ondul\u00e9"},"content":{"rendered":"<p>Fabriqu\u00e9 en 100 % PVC avec un noyau en polyester. Lavable \u00e0 la main ou en machine \u00e0 40 \u00b0C. Antid\u00e9rapant, antibact\u00e9rien, imputrescible et r\u00e9sistant \u00e0 la moisissure.<\/p>","protected":false},"excerpt":{"rendered":"<p>Fabriqu\u00e9 en 100 % PVC avec un noyau en polyester. Lavable \u00e0 la main ou en machine \u00e0 40 \u00b0C. Antid\u00e9rapant, antibact\u00e9rien, imputrescible et r\u00e9sistant \u00e0 la moisissure.<\/p>","protected":false},"featured_media":3846,"template":"","meta":[],"product_brand":[],"product_cat":[965,1215,984,1115],"product_tag":[],"class_list":{"0":"post-3872","1":"product","2":"type-product","3":"status-publish","4":"has-post-thumbnail","6":"product_cat-ferreteria","7":"product_cat-wavy","8":"product_cat-otros-articulos-ferreteria","9":"product_cat-multiusos","10":"pa_colorwavy-amarillo","11":"pa_colorwavy-azulmarino","12":"pa_colorwavy-beig","13":"pa_colorwavy-burdeos","14":"pa_colorwavy-celeste","15":"pa_colorwavy-gris","16":"pa_colorwavy-marronchocolate","17":"pa_colorwavy-naranja","18":"pa_colorwavy-negro","19":"pa_colorwavy-rojo","20":"pa_colorwavy-verde","21":"pa_colorwavy-verdeoscuro","22":"pa_medidagomapuntas-0_65mx15_00m","23":"pa_packingfelpudosintetico-1unidad","25":"first","26":"instock","27":"sale","28":"taxable","29":"shipping-taxable","30":"purchasable","31":"product-type-variable"},"tiered_pricing_type":"fixed","tiered_pricing_fixed_rules":[],"tiered_pricing_product_settings":{"layout":"default","base_unit_name":{"singular":null,"plural":null},"default_variation":null},"tiered_pricing_minimum_quantity":null,"tiered_pricing_roles_data":[],"tiered_pricing_percentage_rules":[],"_links":{"self":[{"href":"https:\/\/hilaturasegea.com\/fr\/wp-json\/wp\/v2\/product\/3872","targetHints":{"allow":["GET"]}}],"collection":[{"href":"https:\/\/hilaturasegea.com\/fr\/wp-json\/wp\/v2\/product"}],"about":[{"href":"https:\/\/hilaturasegea.com\/fr\/wp-json\/wp\/v2\/types\/product"}],"wp:featuredmedia":[{"embeddable":true,"href":"https:\/\/hilaturasegea.com\/fr\/wp-json\/wp\/v2\/media\/3846"}],"wp:attachment":[{"href":"https:\/\/hilaturasegea.com\/fr\/wp-json\/wp\/v2\/media?parent=3872"}],"wp:term":[{"taxonomy":"product_brand","embeddable":true,"href":"https:\/\/hilaturasegea.com\/fr\/wp-json\/wp\/v2\/product_brand?post=3872"},{"taxonomy":"product_cat","embeddable":true,"href":"https:\/\/hilaturasegea.com\/fr\/wp-json\/wp\/v2\/product_cat?post=3872"},{"taxonomy":"product_tag","embeddable":true,"href":"https:\/\/hilaturasegea.com\/fr\/wp-json\/wp\/v2\/product_tag?post=3872"}],"curies":[{"name":"wp","href":"https:\/\/api.w.org\/{rel}","templated":true}]}}