{"id":3908,"date":"2019-11-12T13:12:49","date_gmt":"2019-11-12T13:12:49","guid":{"rendered":"https:\/\/hilaturasegea.com\/index.php\/producto\/cesped-20mm-1924kgm2\/"},"modified":"2025-05-19T18:06:01","modified_gmt":"2025-05-19T16:06:01","slug":"cesped-20mm-1924kgm2","status":"publish","type":"product","link":"https:\/\/hilaturasegea.com\/fr\/produit\/cesped-20mm-1924kgm2\/","title":{"rendered":"Herbe \/ 20 mm"},"content":{"rendered":"<p><strong>Mesures Consultez!<\/strong><strong><\/strong><\/p>\n<p><strong>CARACT\u00c9RISTIQUES TECHNIQUES <\/strong><\/p>\n<p><strong>PRODUIT<\/strong> UTILISATION D\u00c9CORATIVE \/ R\u00c9CR\u00c9ATIVE DU JARDIN<\/p>\n<p><strong>QUALIT\u00c9 DU FIL (DTEX)<\/strong> COMBINAISON DE FIBRE PE LISSE ET DE FIBRE PE BOUCL\u00c9E 11\u00a0500 DTEX<\/p>\n<p><strong>MAT\u00c9RIAU DU FIL<\/strong> Fil monofilament PE + PE r\u00e9sistant aux UV<\/p>\n<p><strong>HAUTEUR DU FIL<\/strong> 20 mm (+ 5 %)<\/p>\n<p><strong>CALIBRE<\/strong> 3\/8\u201d<\/p>\n<p><strong>D\u00c9GEL<\/strong> 17 850 m2 (+ 5 %)<\/p>\n<p><strong>POIDS DU FIL (g\/m2)<\/strong> 1,024 g (+ 10 %)<\/p>\n<p><strong>PERM\u00c9ABILIT\u00c9 \u00c0 L&#039;EAU<\/strong> 40 l\/m2<\/p>\n<p><strong>POIDS TOTAL (g\/m2)<\/strong> 1.800 (+ 10%)<\/p>\n<p><strong>BASE PRIMAIRE<\/strong> R\u00c9SISTANT AUX UV 120 g\/m2<\/p>\n<p><strong>BASE SECONDAIRE<\/strong> TST 90 g\/m2<\/p>\n<p><strong>COUCHE ADH\u00c9SIVE<\/strong> LATEX + CAOUTCHOUC STURENE \u2013 BUTADI\u00c8NE BASIQUE<\/p>\n<p><strong>COULEURS<\/strong> 3 TONS<\/p>\n<p><strong>R\u00c9SISTANCE AU FEU<\/strong> DIN 51960 CLASSE 2 INFLAMMABLE<\/p>\n<p><strong>GARANTIE<\/strong> 5 ANS<\/p>","protected":false},"excerpt":{"rendered":"<p>Medidas \u00a1Consultar! CARACTER\u00cdSTICAS T\u00c9CNICAS PRODUCTO USO JARD\u00cdN DECORATIVO \/ RECREATIVO CALIDAD HILO (DTEX) COMBINACI\u00d3N FIBRA LISA PE Y RIZADA PE 11.500 DTEX MATERIAL HILO HILO MONOFILAMENTOS PE + PE RESISTENTE UV ALTURA HILO 20 mm (+ 5 %) CALIBRE 3\/8\u201d PUNZADAS 17.850 m2 (+ 5 %) PESO HILO (g\/m2) 1.024 g (+ 10 %) PERMEABILIDAD [&hellip;]<\/p>","protected":false},"featured_media":3904,"template":"","meta":[],"product_brand":[],"product_cat":[965,1292,1063,984],"product_tag":[],"class_list":{"0":"post-3908","1":"product","2":"type-product","3":"status-publish","4":"has-post-thumbnail","6":"product_cat-ferreteria","7":"product_cat-20-mm","8":"product_cat-cesped","9":"product_cat-otros-articulos-ferreteria","10":"pa_alturacesped-20mm","11":"pa_garantiacesped-2anos","12":"pa_pesocesped-1_800kgm2","14":"first","15":"instock","16":"sale","17":"taxable","18":"shipping-taxable","19":"purchasable","20":"product-type-variable","21":"has-default-attributes"},"tiered_pricing_type":"fixed","tiered_pricing_fixed_rules":[],"tiered_pricing_product_settings":{"layout":"default","base_unit_name":{"singular":null,"plural":null},"default_variation":null},"tiered_pricing_minimum_quantity":null,"tiered_pricing_roles_data":[],"tiered_pricing_percentage_rules":[],"_links":{"self":[{"href":"https:\/\/hilaturasegea.com\/fr\/wp-json\/wp\/v2\/product\/3908","targetHints":{"allow":["GET"]}}],"collection":[{"href":"https:\/\/hilaturasegea.com\/fr\/wp-json\/wp\/v2\/product"}],"about":[{"href":"https:\/\/hilaturasegea.com\/fr\/wp-json\/wp\/v2\/types\/product"}],"wp:featuredmedia":[{"embeddable":true,"href":"https:\/\/hilaturasegea.com\/fr\/wp-json\/wp\/v2\/media\/3904"}],"wp:attachment":[{"href":"https:\/\/hilaturasegea.com\/fr\/wp-json\/wp\/v2\/media?parent=3908"}],"wp:term":[{"taxonomy":"product_brand","embeddable":true,"href":"https:\/\/hilaturasegea.com\/fr\/wp-json\/wp\/v2\/product_brand?post=3908"},{"taxonomy":"product_cat","embeddable":true,"href":"https:\/\/hilaturasegea.com\/fr\/wp-json\/wp\/v2\/product_cat?post=3908"},{"taxonomy":"product_tag","embeddable":true,"href":"https:\/\/hilaturasegea.com\/fr\/wp-json\/wp\/v2\/product_tag?post=3908"}],"curies":[{"name":"wp","href":"https:\/\/api.w.org\/{rel}","templated":true}]}}