{"id":3920,"date":"2019-11-12T13:17:43","date_gmt":"2019-11-12T13:17:43","guid":{"rendered":"https:\/\/hilaturasegea.com\/index.php\/producto\/cesped-40mm-3021kgm2\/"},"modified":"2025-05-19T18:06:02","modified_gmt":"2025-05-19T16:06:02","slug":"cesped-40mm-3021kgm2","status":"publish","type":"product","link":"https:\/\/hilaturasegea.com\/fr\/produit\/cesped-40mm-3021kgm2\/","title":{"rendered":"Herbe \/ 40 mm"},"content":{"rendered":"<p><strong>Tonalit\u00e9s :<\/strong> Excellente imitation de l&#039;herbe naturelle, tons verts et bruns<\/p>\n<p><strong>Mesures Consultez!<\/strong><\/p>\n<p><strong>CARACT\u00c9RISTIQUES TECHNIQUES<\/strong><\/p>\n<p><strong>PRODUIT<\/strong> UTILISATION D\u00c9CORATIVE \/ R\u00c9CR\u00c9ATIVE DU JARDIN<\/p>\n<p><strong>QUALIT\u00c9 DU FIL (DTEX)<\/strong> COMBINAISON DE FIBRE PE LISSE ET PE BOUCL\u00c9E (12+8) 10\u00a0000 DTEX<\/p>\n<p><strong>HAUTEUR DU FIL<\/strong> 40 mm (+ 5 %)<\/p>\n<p><strong>CALIBRE<\/strong> 3\/8\u201d<\/p>\n<p><strong>D\u00c9GEL<\/strong> 25 200 m2 (+ 5 %)<\/p>\n<p><strong>POIDS DU FIL (g\/m2)<\/strong> 2,121 g (+ 10 %)<\/p>\n<p><strong>POIDS TOTAL (g\/m2)<\/strong> 3,021 g\/m2 (+ 10 %)<\/p>\n<p><strong>PERM\u00c9ABILIT\u00c9 \u00c0 L&#039;EAU<\/strong> 40 l\/m2<\/p>\n<p><strong>BASE PRIMAIRE<\/strong> TISSU PP<\/p>\n<p><strong>BASE SECONDAIRE<\/strong> TST<\/p>\n<p><strong>COUCHE ADH\u00c9SIVE<\/strong> LATEX SBR<\/p>\n<p><strong>COULEURS<\/strong> 4 TONS<\/p>\n<p><strong>GARANTIE<\/strong> 5 ANS<\/p>","protected":false},"excerpt":{"rendered":"<p>Tonos: Excelente imitaci\u00f3n al c\u00e9sped natural, tonos verdes con marrones Medidas \u00a1Consultar! CARACTER\u00cdSTICAS T\u00c9CNICAS PRODUCTO USO JARDIN DECORATIVO \/ RECREATIVO CALIDAD HILO (DTEX) COMBINACI\u00d3N FIBRA LISA PE Y RIZADA PE (12+8) 10.000 DTEX ALTURA HILO 40 mm (+ 5 %) CALIBRE 3\/8\u201d PUNZADAS 25.200 m2 (+ 5 %) PESO HILO (g\/m2) 2.121 g (+ 10 [&hellip;]<\/p>","protected":false},"featured_media":3916,"template":"","meta":[],"product_brand":[],"product_cat":[965,1063,984,1332],"product_tag":[],"class_list":{"0":"post-3920","1":"product","2":"type-product","3":"status-publish","4":"has-post-thumbnail","6":"product_cat-ferreteria","7":"product_cat-cesped","8":"product_cat-otros-articulos-ferreteria","9":"product_cat-40-mm","10":"pa_alturacesped-40mm","11":"pa_garantiacesped-5anos","12":"pa_pesocesped-3_500kgm2","14":"first","15":"instock","16":"sale","17":"taxable","18":"shipping-taxable","19":"purchasable","20":"product-type-variable","21":"has-default-attributes"},"tiered_pricing_type":"fixed","tiered_pricing_fixed_rules":[],"tiered_pricing_product_settings":{"layout":"default","base_unit_name":{"singular":null,"plural":null},"default_variation":null},"tiered_pricing_minimum_quantity":null,"tiered_pricing_roles_data":[],"tiered_pricing_percentage_rules":[],"_links":{"self":[{"href":"https:\/\/hilaturasegea.com\/fr\/wp-json\/wp\/v2\/product\/3920","targetHints":{"allow":["GET"]}}],"collection":[{"href":"https:\/\/hilaturasegea.com\/fr\/wp-json\/wp\/v2\/product"}],"about":[{"href":"https:\/\/hilaturasegea.com\/fr\/wp-json\/wp\/v2\/types\/product"}],"wp:featuredmedia":[{"embeddable":true,"href":"https:\/\/hilaturasegea.com\/fr\/wp-json\/wp\/v2\/media\/3916"}],"wp:attachment":[{"href":"https:\/\/hilaturasegea.com\/fr\/wp-json\/wp\/v2\/media?parent=3920"}],"wp:term":[{"taxonomy":"product_brand","embeddable":true,"href":"https:\/\/hilaturasegea.com\/fr\/wp-json\/wp\/v2\/product_brand?post=3920"},{"taxonomy":"product_cat","embeddable":true,"href":"https:\/\/hilaturasegea.com\/fr\/wp-json\/wp\/v2\/product_cat?post=3920"},{"taxonomy":"product_tag","embeddable":true,"href":"https:\/\/hilaturasegea.com\/fr\/wp-json\/wp\/v2\/product_tag?post=3920"}],"curies":[{"name":"wp","href":"https:\/\/api.w.org\/{rel}","templated":true}]}}