{"id":4033,"date":"2019-11-26T17:48:03","date_gmt":"2019-11-26T17:48:03","guid":{"rendered":"https:\/\/hilaturasegea.com\/index.php\/producto\/articulos-varios-2\/"},"modified":"2025-12-30T09:02:27","modified_gmt":"2025-12-30T08:02:27","slug":"articulos-varios-2","status":"publish","type":"product","link":"https:\/\/hilaturasegea.com\/fr\/produit\/articulos-varios-2\/","title":{"rendered":"Jute \/ Articles divers"},"content":{"rendered":"<h4><strong><span style=\"font-size: 10pt; font-family: Arial, 'sans-serif';\">Pour l&#039;ameublement, l&#039;artisanat, la sellerie, la publicit\u00e9, les sacs, les chaussures, les v\u00eatements, etc.<\/span><\/strong><strong><span style=\"font-size: 10pt; font-family: Arial, 'sans-serif';\">bijoux, fantaisie, d\u00e9coration, \u00e9crin, bijouterie, menuiserie, art graphique, maroquinerie, moustiquaires, couture main, sportswear, cuir, applications multiples.<\/span><\/strong><\/h4>\n<p>En raison de leur faible \u00e9paisseur, les articles pr\u00e9sent\u00e9s sur cette fiche ne peuvent \u00eatre photographi\u00e9s. Si ces articles vous int\u00e9ressent, des \u00e9chantillons vous seront envoy\u00e9s. Une large gamme de couleurs est disponible en coton et en polyester.<\/p>\n<p class=\"MsoNormal\"><span style=\"font-size: 10pt; line-height: 115%; font-family: Arial, 'sans-serif';\">Tous les articles connexes peuvent \u00eatre fabriqu\u00e9s dans l&#039;\u00e9paisseur souhait\u00e9e.<\/span><span style=\"color: #010101;\">.<\/span><\/p>","protected":false},"excerpt":{"rendered":"<p>Para Tapicer\u00edas, manualidades, guarnicioner\u00edas, publicidad, bolsos, calzados, confecci\u00f3n, florister\u00eda, fantas\u00eda, decoraci\u00f3n, estucher\u00edas, bisuter\u00eda, carpinter\u00eda, arte gr\u00e1ficas, marroquiner\u00eda, mosquiteras, coser a mano, prendas deportivas, cuero, m\u00faltiples aplicaciones. Debido a los peque\u00f1os grosores de los art\u00edculos reflejados en dicha l\u00e1mina, no pueden ser fotografiados. De interesar dichos art\u00edculos, se les remitir\u00eda muestra. Se dispone de una amplia [&hellip;]<\/p>","protected":false},"featured_media":4021,"template":"","meta":[],"product_brand":[],"product_cat":[1143,970,965,972,1012,1062,968],"product_tag":[],"class_list":{"0":"post-4033","1":"product","2":"type-product","3":"status-publish","4":"has-post-thumbnail","6":"product_cat-articulos-varios-yute-cordeleria-cordeleria","7":"product_cat-cordeleria","8":"product_cat-ferreteria","9":"product_cat-marroquineria","10":"product_cat-yute-marroquineria","11":"product_cat-yute-cordeleria","12":"product_cat-manualidades","13":"pa_articulo-yute8122","14":"pa_articulo-yute8130","15":"pa_articulo-yuteplano13py","16":"pa_articulo-yuteplano20py","17":"pa_articulo-yutetrenzaplana","18":"pa_articulo-yutetrenzaindia3_2_3","19":"pa_diametro-3mm","20":"pa_diametro-4mm","21":"pa_diametro-5mm","22":"pa_diametro-6mm","23":"pa_diametro-20mm","24":"pa_metraje-50m","25":"pa_metraje-75m","26":"pa_metraje-125m","27":"pa_metraje-150m","28":"pa_metraje-200m","30":"first","31":"instock","32":"sale","33":"taxable","34":"shipping-taxable","35":"purchasable","36":"product-type-variable"},"tiered_pricing_type":"fixed","tiered_pricing_fixed_rules":[],"tiered_pricing_product_settings":{"layout":"default","base_unit_name":{"singular":null,"plural":null},"default_variation":null},"tiered_pricing_minimum_quantity":null,"tiered_pricing_roles_data":[],"tiered_pricing_percentage_rules":[],"_links":{"self":[{"href":"https:\/\/hilaturasegea.com\/fr\/wp-json\/wp\/v2\/product\/4033","targetHints":{"allow":["GET"]}}],"collection":[{"href":"https:\/\/hilaturasegea.com\/fr\/wp-json\/wp\/v2\/product"}],"about":[{"href":"https:\/\/hilaturasegea.com\/fr\/wp-json\/wp\/v2\/types\/product"}],"wp:featuredmedia":[{"embeddable":true,"href":"https:\/\/hilaturasegea.com\/fr\/wp-json\/wp\/v2\/media\/4021"}],"wp:attachment":[{"href":"https:\/\/hilaturasegea.com\/fr\/wp-json\/wp\/v2\/media?parent=4033"}],"wp:term":[{"taxonomy":"product_brand","embeddable":true,"href":"https:\/\/hilaturasegea.com\/fr\/wp-json\/wp\/v2\/product_brand?post=4033"},{"taxonomy":"product_cat","embeddable":true,"href":"https:\/\/hilaturasegea.com\/fr\/wp-json\/wp\/v2\/product_cat?post=4033"},{"taxonomy":"product_tag","embeddable":true,"href":"https:\/\/hilaturasegea.com\/fr\/wp-json\/wp\/v2\/product_tag?post=4033"}],"curies":[{"name":"wp","href":"https:\/\/api.w.org\/{rel}","templated":true}]}}